{"id":596,"date":"2025-09-18T08:40:57","date_gmt":"2025-09-18T08:40:57","guid":{"rendered":"https:\/\/hytcargo.com\/?page_id=596"},"modified":"2025-11-27T16:39:56","modified_gmt":"2025-11-27T16:39:56","slug":"amazon-fulfillment-center-canada","status":"publish","type":"page","link":"https:\/\/hytcargo.com\/pt\/amazon-fulfillment-center-canada\/","title":{"rendered":"Centro de distribui\u00e7\u00e3o da Amazon no Canad\u00e1"},"content":{"rendered":"<div data-elementor-type=\"wp-page\" data-elementor-id=\"596\" class=\"elementor elementor-596\" data-elementor-post-type=\"page\">\n\t\t\t\t<div class=\"elementor-element elementor-element-618ade2 e-flex e-con-boxed e-con e-parent\" data-id=\"618ade2\" data-element_type=\"container\" data-e-type=\"container\" data-settings=\"{&quot;background_background&quot;:&quot;classic&quot;}\">\n\t\t\t\t\t<div class=\"e-con-inner\">\n\t\t\t\t<div class=\"elementor-element elementor-element-3872d61 elementor-widget elementor-widget-heading\" data-id=\"3872d61\" data-element_type=\"widget\" data-e-type=\"widget\" data-widget_type=\"heading.default\">\n\t\t\t\t\t<h2 class=\"elementor-heading-title elementor-size-default\">Centro de distribui\u00e7\u00e3o da Amazon no Canad\u00e1\n<\/h2>\t\t\t\t<\/div>\n\t\t\t\t\t<\/div>\n\t\t\t\t<\/div>\n\t\t<div class=\"elementor-element elementor-element-4d918e4 e-flex e-con-boxed e-con e-parent\" data-id=\"4d918e4\" data-element_type=\"container\" data-e-type=\"container\">\n\t\t\t\t\t<div class=\"e-con-inner\">\n\t\t<div class=\"elementor-element elementor-element-9ce1710 e-con-full e-flex e-con e-child\" data-id=\"9ce1710\" data-element_type=\"container\" data-e-type=\"container\">\n\t\t<div class=\"elementor-element elementor-element-1072918 e-con-full e-flex e-con e-child\" data-id=\"1072918\" data-element_type=\"container\" data-e-type=\"container\">\n\t\t\t\t<div class=\"elementor-element elementor-element-bdf2386 elementor-widget elementor-widget-image\" data-id=\"bdf2386\" data-element_type=\"widget\" data-e-type=\"widget\" data-widget_type=\"image.default\">\n\t\t\t\t\t\t\t\t\t\t\t\t\t\t\t<img decoding=\"async\" src=\"https:\/\/hytcargo.com\/wp-content\/uploads\/elementor\/thumbs\/Helen-300x300-1-rcdv6nklkn7z799fd32ev8b1f7a02rd3llak7dzso8.webp\" title=\"Helen-300\u00d7300\" alt=\"Helen-300x300\" loading=\"lazy\" \/>\t\t\t\t\t\t\t\t\t\t\t\t\t\t\t<\/div>\n\t\t<div class=\"elementor-element elementor-element-2c15e30 e-con-full e-flex e-con e-child\" data-id=\"2c15e30\" data-element_type=\"container\" data-e-type=\"container\">\n\t\t\t\t<div class=\"elementor-element elementor-element-1d728b1 elementor-widget elementor-widget-heading\" data-id=\"1d728b1\" data-element_type=\"widget\" data-e-type=\"widget\" data-widget_type=\"heading.default\">\n\t\t\t\t\t<h5 class=\"elementor-heading-title elementor-size-default\">helen peng<\/h5>\t\t\t\t<\/div>\n\t\t\t\t<div class=\"elementor-element elementor-element-4d68cef elementor-widget elementor-widget-text-editor\" data-id=\"4d68cef\" data-element_type=\"widget\" data-e-type=\"widget\" data-widget_type=\"text-editor.default\">\n\t\t\t\t\t\t\t\t\t<p><a class=\"elementor-author-box__button elementor-button elementor-size-xs\" href=\"https:\/\/wa.me\/85262138796\" rel=\"nofollow noopener\" target=\"_blank\">work on logstics industry since 2009<\/a><\/p>\t\t\t\t\t\t\t\t<\/div>\n\t\t\t\t<\/div>\n\t\t\t\t<\/div>\n\t\t\t\t<\/div>\n\t\t\t\t\t<\/div>\n\t\t\t\t<\/div>\n\t\t<div class=\"elementor-element elementor-element-ed23aec e-flex e-con-boxed e-con e-parent\" data-id=\"ed23aec\" data-element_type=\"container\" data-e-type=\"container\">\n\t\t\t\t\t<div class=\"e-con-inner\">\n\t\t<div class=\"elementor-element elementor-element-55e376f e-con-full e-flex e-con e-child\" data-id=\"55e376f\" data-element_type=\"container\" data-e-type=\"container\">\n\t\t\t\t<div class=\"elementor-element elementor-element-63b193b elementor-widget elementor-widget-shortcode\" data-id=\"63b193b\" data-element_type=\"widget\" data-e-type=\"widget\" data-widget_type=\"shortcode.default\">\n\t\t\t\t\t\t\t<div class=\"elementor-shortcode\"><div data-post-id=\"1477\" class=\"insert-page insert-page-1477\">\t\t<div data-elementor-type=\"wp-post\" data-elementor-id=\"1477\" class=\"elementor elementor-1477\" data-elementor-post-type=\"post\">\n\t\t\t\t<div class=\"elementor-element elementor-element-d9aa947 e-flex e-con-boxed e-con e-parent\" data-id=\"d9aa947\" data-element_type=\"container\" data-e-type=\"container\">\n\t\t\t\t\t<div class=\"e-con-inner\">\n\t\t\t\t<div class=\"elementor-element elementor-element-3edd583a elementor-widget elementor-widget-text-editor\" data-id=\"3edd583a\" data-element_type=\"widget\" data-e-type=\"widget\" data-widget_type=\"text-editor.default\">\n\t\t\t\t\t\t\t\t\t\n<h2 class=\"wp-block-heading\">Amazon fulfillment center locations canada<\/h2>\n\n<figure class=\"wp-block-image\"><img decoding=\"async\" class=\"wp-image-1390\" src=\"https:\/\/cdn-bgpng.nitrocdn.com\/AOsugMHohUjHimgCXEQRtZnLeYQRPTXu\/assets\/images\/optimized\/rev-d686271\/www.honouroceanshipping.com\/wp-content\/uploads\/2021\/02\/Amazon-canada.jpg\" alt=\"\" title=\"\"><\/figure>\n\n<h4 class=\"wp-block-heading\">\u00a0<\/h4>\n\n<p>#<strong>YVR2<\/strong>\u00a0\u2013 450 Derwent PL Delta,\u00a0<strong>British Columbia V3M 5Y9<\/strong><\/p>\n\n<p>#<strong>YVR4<\/strong>\u00a0\u2013 4189 Salish Sea Way, Tsawwassen (Delta),\u00a0<strong>British Columbia V4M 0B9<\/strong><\/p>\n\n<p>#<strong>YYZ1<\/strong>\u00a0\u2013 6363 Millcreek Drive Mississauga,\u00a0<strong>Ontario L5N 1L8<\/strong><\/p>\n\n<p>#<strong>YYZ2<\/strong>\u00a0\u2013 2750 Peddie Rd. Milton,\u00a0<strong>Ontario L9T 6Y9<\/strong><\/p>\n\n<p>#<strong>YYZ3<\/strong>\u00a0\u2013 7995 Winston Churchill Blvd. Brampton,\u00a0<strong>Ontario L6Y 0B2<\/strong><\/p>\n\n<p>#<strong>YYZ4<\/strong>\/#<strong>YYZ6<\/strong>\u00a0\u2013 8050 Heritage Rd., Brampton,\u00a0<strong>Ontario L6Y 0C9<\/strong><\/p>\n\n<p>#<strong>YYZ7<\/strong>\u00a0\u2013 12724 Coleraine Dr., Caledon (Bolton),\u00a0<strong>Ontario L7E 4L8<\/strong><\/p>\n\n<p>#<strong>PRTO<\/strong>\u00a0\u2013 6110 Cantay Rd. Mississauga,\u00a0<strong>Ontario L5R 3W<\/strong><\/p>\n\n<p>#<strong>YYC1<\/strong>\u00a0\u2013 293069 Colonel Robertson Way and Crossiron Blvd,\u00a0<strong>Balzac<\/strong>,\u00a0<strong>Alberta T4A 1C6<\/strong><\/p>\n\n<p>#<strong>YOW1<\/strong>\u00a0\u2013 5225 Boundary Road, Ottawa,\u00a0<strong>Ontario<\/strong>,\u00a0<strong>Canada K4N 1P6<\/strong><\/p>\n\n<figure class=\"wp-block-image\"><img decoding=\"async\" class=\"wp-image-1391\" src=\"https:\/\/cdn-bgpng.nitrocdn.com\/AOsugMHohUjHimgCXEQRtZnLeYQRPTXu\/assets\/images\/optimized\/rev-d686271\/www.honouroceanshipping.com\/wp-content\/uploads\/2021\/02\/china-canada-business.jpg\" alt=\"\" title=\"\"><\/figure>\n\n<h2 class=\"wp-block-heading\">If you need to ship your products to the Amazon fulfillment center or Toronto Ontario Canada or any other private address, do not forget to get a free FBA freight quote with hounouroceanshipping<\/h2>\n\n<h3 class=\"wp-block-heading\">Parceria para o seu sucesso Oferecemos excel\u00eancia.<\/h3>\n\n<p><a href=\"https:\/\/wa.me\/85262138796\" rel=\"nofollow noopener\" target=\"_blank\">Pedido de informa\u00e7\u00e3o<\/a><\/p>\n\n<h2 class=\"wp-block-heading\">Amazon Warehouses near me<\/h2>\n\n<figure class=\"wp-block-image\"><img decoding=\"async\" class=\"wp-image-4055\" src=\"https:\/\/cdn-bgpng.nitrocdn.com\/AOsugMHohUjHimgCXEQRtZnLeYQRPTXu\/assets\/images\/optimized\/rev-d686271\/www.honouroceanshipping.com\/wp-content\/uploads\/2021\/02\/amazon-warehouse-at-canada-896x1024.png\" alt=\"\" title=\"\"><\/figure>\n\n<h4 class=\"wp-block-heading\"><strong>You can view our guide if need shipping from china to canada :<\/strong><\/h4>\n\n<p>One-Stop <a href=\"https:\/\/hytcargo.com\/pt\/envio-da-china-para-a-australia-2\/\">Amazon<\/a> Freight forwarderAmazon Fba Prep Service<\/p>\n\n<p><a href=\"https:\/\/wa.me\/85262138796\" rel=\"nofollow noopener\" target=\"_blank\">Shipping From China to Canada<\/a><\/p>\n\t\t\t\t\t\t\t\t<\/div>\n\t\t\t\t\t<\/div>\n\t\t\t\t<\/div>\n\t\t\t\t<\/div>\n\t\t<\/div><\/div>\n\t\t\t\t\t\t<\/div>\n\t\t\t\t<\/div>\n\t\t<div class=\"elementor-element elementor-element-cce565f e-con-full e-flex e-con e-child\" data-id=\"cce565f\" data-element_type=\"container\" data-e-type=\"container\" data-settings=\"{&quot;sticky&quot;:&quot;top&quot;,&quot;sticky_offset&quot;:100,&quot;sticky_on&quot;:[&quot;desktop&quot;,&quot;tablet&quot;,&quot;mobile&quot;],&quot;sticky_effects_offset&quot;:0,&quot;sticky_anchor_link_offset&quot;:0}\">\n\t\t<div class=\"elementor-element elementor-element-7930b7a e-con-full e-flex e-con e-child\" data-id=\"7930b7a\" data-element_type=\"container\" data-e-type=\"container\" data-settings=\"{&quot;background_background&quot;:&quot;classic&quot;}\">\n\t\t\t\t<div class=\"elementor-element elementor-element-c6c678e elementor-widget elementor-widget-heading\" data-id=\"c6c678e\" data-element_type=\"widget\" data-e-type=\"widget\" data-widget_type=\"heading.default\">\n\t\t\t\t\t<h1 class=\"elementor-heading-title elementor-size-default\">Impulsione o seu neg\u00f3cio com os nossos servi\u00e7os de alta qualidade<\/h1>\t\t\t\t<\/div>\n\t\t\t\t<div class=\"elementor-element elementor-element-6dcf99a elementor-button-align-center elementor-widget elementor-widget-form\" data-id=\"6dcf99a\" data-element_type=\"widget\" data-e-type=\"widget\" data-settings=\"{&quot;step_next_label&quot;:&quot;Next&quot;,&quot;step_previous_label&quot;:&quot;Previous&quot;,&quot;button_width&quot;:&quot;100&quot;,&quot;step_type&quot;:&quot;number_text&quot;,&quot;step_icon_shape&quot;:&quot;circle&quot;}\" data-widget_type=\"form.default\">\n\t\t\t\t\t\t\t<form class=\"elementor-form\" method=\"post\" name=\"New Form\" aria-label=\"Novo formul\u00e1rio\" action=\"\">\n\t\t\t<input type=\"hidden\" name=\"post_id\" value=\"596\"\/>\n\t\t\t<input type=\"hidden\" name=\"form_id\" value=\"6dcf99a\"\/>\n\t\t\t<input type=\"hidden\" name=\"referer_title\" value=\"Amazon fulfillment center Canada | hytcargo\" \/>\n\n\t\t\t\t\t\t\t<input type=\"hidden\" name=\"queried_id\" value=\"596\"\/>\n\t\t\t\n\t\t\t<div class=\"elementor-form-fields-wrapper elementor-labels-\">\n\t\t\t\t\t\t\t\t<div class=\"elementor-field-type-text elementor-field-group elementor-column elementor-field-group-name elementor-col-100\">\n\t\t\t\t\t\t\t\t\t\t\t\t<label for=\"form-field-name\" class=\"elementor-field-label elementor-screen-only\">\n\t\t\t\t\t\t\t\tNome\t\t\t\t\t\t\t<\/label>\n\t\t\t\t\t\t\t\t\t\t\t\t\t\t<input size=\"1\" type=\"text\" name=\"form_fields[name]\" id=\"form-field-name\" class=\"elementor-field elementor-size-sm  elementor-field-textual\" placeholder=\"Nome\">\n\t\t\t\t\t\t\t\t\t\t\t<\/div>\n\t\t\t\t\t\t\t\t<div class=\"elementor-field-type-email elementor-field-group elementor-column elementor-field-group-email elementor-col-100 elementor-field-required\">\n\t\t\t\t\t\t\t\t\t\t\t\t<label for=\"form-field-email\" class=\"elementor-field-label elementor-screen-only\">\n\t\t\t\t\t\t\t\tCorreio eletr\u00f3nico\t\t\t\t\t\t\t<\/label>\n\t\t\t\t\t\t\t\t\t\t\t\t\t\t<input size=\"1\" type=\"email\" name=\"form_fields[email]\" id=\"form-field-email\" class=\"elementor-field elementor-size-sm  elementor-field-textual\" placeholder=\"Correio eletr\u00f3nico\" required=\"required\">\n\t\t\t\t\t\t\t\t\t\t\t<\/div>\n\t\t\t\t\t\t\t\t<div class=\"elementor-field-type-textarea elementor-field-group elementor-column elementor-field-group-message elementor-col-100\">\n\t\t\t\t\t\t\t\t\t\t\t\t<label for=\"form-field-message\" class=\"elementor-field-label elementor-screen-only\">\n\t\t\t\t\t\t\t\tMensagem\t\t\t\t\t\t\t<\/label>\n\t\t\t\t\t\t<textarea class=\"elementor-field-textual elementor-field  elementor-size-sm\" name=\"form_fields[message]\" id=\"form-field-message\" rows=\"4\" placeholder=\"Mensagem\"><\/textarea>\t\t\t\t<\/div>\n\t\t\t\t\t\t\t\t<div class=\"elementor-field-group elementor-column elementor-field-type-submit elementor-col-100 e-form__buttons\">\n\t\t\t\t\t<button class=\"elementor-button elementor-size-sm\" type=\"submit\">\n\t\t\t\t\t\t<span class=\"elementor-button-content-wrapper\">\n\t\t\t\t\t\t\t\t\t\t\t\t\t\t\t\t\t\t\t\t\t\t<span class=\"elementor-button-text\">Obter cota\u00e7\u00f5es imediatas<\/span>\n\t\t\t\t\t\t\t\t\t\t\t\t\t<\/span>\n\t\t\t\t\t<\/button>\n\t\t\t\t<\/div>\n\t\t\t<\/div>\n\t\t<input type=\"hidden\" name=\"trp-form-language\" value=\"pt\"\/><\/form>\n\t\t\t\t\t\t<\/div>\n\t\t\t\t<\/div>\n\t\t\t\t<\/div>\n\t\t\t\t\t<\/div>\n\t\t\t\t<\/div>\n\t\t\t\t<\/div>","protected":false},"excerpt":{"rendered":"<p>Amazon fulfillment center Canada helen peng work on logstics industry since 2009 Boost your business with our high quality services<\/p>","protected":false},"author":1,"featured_media":0,"parent":0,"menu_order":0,"comment_status":"closed","ping_status":"closed","template":"","meta":{"site-sidebar-layout":"no-sidebar","site-content-layout":"","ast-site-content-layout":"full-width-container","site-content-style":"default","site-sidebar-style":"default","ast-global-header-display":"","ast-banner-title-visibility":"","ast-main-header-display":"","ast-hfb-above-header-display":"","ast-hfb-below-header-display":"","ast-hfb-mobile-header-display":"","site-post-title":"disabled","ast-breadcrumbs-content":"","ast-featured-img":"disabled","footer-sml-layout":"","theme-transparent-header-meta":"","adv-header-id-meta":"","stick-header-meta":"","header-above-stick-meta":"","header-main-stick-meta":"","header-below-stick-meta":"","astra-migrate-meta-layouts":"default","ast-page-background-enabled":"default","ast-page-background-meta":{"desktop":{"background-color":"var(--ast-global-color-5)","background-image":"","background-repeat":"repeat","background-position":"center center","background-size":"auto","background-attachment":"scroll","background-type":"","background-media":"","overlay-type":"","overlay-color":"","overlay-opacity":"","overlay-gradient":""},"tablet":{"background-color":"","background-image":"","background-repeat":"repeat","background-position":"center center","background-size":"auto","background-attachment":"scroll","background-type":"","background-media":"","overlay-type":"","overlay-color":"","overlay-opacity":"","overlay-gradient":""},"mobile":{"background-color":"","background-image":"","background-repeat":"repeat","background-position":"center center","background-size":"auto","background-attachment":"scroll","background-type":"","background-media":"","overlay-type":"","overlay-color":"","overlay-opacity":"","overlay-gradient":""}},"ast-content-background-meta":{"desktop":{"background-color":"var(--ast-global-color-4)","background-image":"","background-repeat":"repeat","background-position":"center center","background-size":"auto","background-attachment":"scroll","background-type":"","background-media":"","overlay-type":"","overlay-color":"","overlay-opacity":"","overlay-gradient":""},"tablet":{"background-color":"var(--ast-global-color-4)","background-image":"","background-repeat":"repeat","background-position":"center center","background-size":"auto","background-attachment":"scroll","background-type":"","background-media":"","overlay-type":"","overlay-color":"","overlay-opacity":"","overlay-gradient":""},"mobile":{"background-color":"var(--ast-global-color-4)","background-image":"","background-repeat":"repeat","background-position":"center center","background-size":"auto","background-attachment":"scroll","background-type":"","background-media":"","overlay-type":"","overlay-color":"","overlay-opacity":"","overlay-gradient":""}},"footnotes":""},"class_list":["post-596","page","type-page","status-publish","hentry"],"_links":{"self":[{"href":"https:\/\/hytcargo.com\/pt\/wp-json\/wp\/v2\/pages\/596","targetHints":{"allow":["GET"]}}],"collection":[{"href":"https:\/\/hytcargo.com\/pt\/wp-json\/wp\/v2\/pages"}],"about":[{"href":"https:\/\/hytcargo.com\/pt\/wp-json\/wp\/v2\/types\/page"}],"author":[{"embeddable":true,"href":"https:\/\/hytcargo.com\/pt\/wp-json\/wp\/v2\/users\/1"}],"replies":[{"embeddable":true,"href":"https:\/\/hytcargo.com\/pt\/wp-json\/wp\/v2\/comments?post=596"}],"version-history":[{"count":7,"href":"https:\/\/hytcargo.com\/pt\/wp-json\/wp\/v2\/pages\/596\/revisions"}],"predecessor-version":[{"id":1762,"href":"https:\/\/hytcargo.com\/pt\/wp-json\/wp\/v2\/pages\/596\/revisions\/1762"}],"wp:attachment":[{"href":"https:\/\/hytcargo.com\/pt\/wp-json\/wp\/v2\/media?parent=596"}],"curies":[{"name":"wp","href":"https:\/\/api.w.org\/{rel}","templated":true}]}}