{"id":457,"date":"2025-09-18T01:55:12","date_gmt":"2025-09-18T01:55:12","guid":{"rendered":"https:\/\/hytcargo.com\/?page_id=457"},"modified":"2025-11-29T18:55:30","modified_gmt":"2025-11-29T18:55:30","slug":"top-10-transitario-california","status":"publish","type":"page","link":"https:\/\/hytcargo.com\/pt\/top-10-transitario-california\/","title":{"rendered":"Os 10 melhores transit\u00e1rios da Calif\u00f3rnia"},"content":{"rendered":"<div data-elementor-type=\"wp-page\" data-elementor-id=\"457\" class=\"elementor elementor-457\" data-elementor-post-type=\"page\">\n\t\t\t\t<div class=\"elementor-element elementor-element-5264112 e-flex e-con-boxed e-con e-parent\" data-id=\"5264112\" data-element_type=\"container\" data-e-type=\"container\" data-settings=\"{&quot;background_background&quot;:&quot;classic&quot;}\">\n\t\t\t\t\t<div class=\"e-con-inner\">\n\t\t\t\t<div class=\"elementor-element elementor-element-4e2b686 elementor-widget elementor-widget-heading\" data-id=\"4e2b686\" data-element_type=\"widget\" data-e-type=\"widget\" data-widget_type=\"heading.default\">\n\t\t\t\t\t<h2 class=\"elementor-heading-title elementor-size-default\">Os 10 melhores transit\u00e1rios da Calif\u00f3rnia\n<\/h2>\t\t\t\t<\/div>\n\t\t\t\t\t<\/div>\n\t\t\t\t<\/div>\n\t\t<div class=\"elementor-element elementor-element-fea3a8a e-flex e-con-boxed e-con e-parent\" data-id=\"fea3a8a\" data-element_type=\"container\" data-e-type=\"container\">\n\t\t\t\t\t<div class=\"e-con-inner\">\n\t\t<div class=\"elementor-element elementor-element-3fd9a84 e-con-full e-flex e-con e-child\" data-id=\"3fd9a84\" data-element_type=\"container\" data-e-type=\"container\">\n\t\t<div class=\"elementor-element elementor-element-78b9d97 e-con-full e-flex e-con e-child\" data-id=\"78b9d97\" data-element_type=\"container\" data-e-type=\"container\">\n\t\t\t\t<div class=\"elementor-element elementor-element-daba613 elementor-widget elementor-widget-image\" data-id=\"daba613\" data-element_type=\"widget\" data-e-type=\"widget\" data-widget_type=\"image.default\">\n\t\t\t\t\t\t\t\t\t\t\t\t\t\t\t<img decoding=\"async\" src=\"https:\/\/hytcargo.com\/wp-content\/uploads\/elementor\/thumbs\/Helen-300x300-1-rcdv6nklkn7z799fd32ev8b1f7a02rd3llak7dzso8.webp\" title=\"Helen-300\u00d7300\" alt=\"Helen-300x300\" loading=\"lazy\" \/>\t\t\t\t\t\t\t\t\t\t\t\t\t\t\t<\/div>\n\t\t<div class=\"elementor-element elementor-element-a468700 e-con-full e-flex e-con e-child\" data-id=\"a468700\" data-element_type=\"container\" data-e-type=\"container\">\n\t\t\t\t<div class=\"elementor-element elementor-element-c7a9177 elementor-widget elementor-widget-heading\" data-id=\"c7a9177\" data-element_type=\"widget\" data-e-type=\"widget\" data-widget_type=\"heading.default\">\n\t\t\t\t\t<h5 class=\"elementor-heading-title elementor-size-default\">Kenny<\/h5>\t\t\t\t<\/div>\n\t\t\t\t<div class=\"elementor-element elementor-element-94477fe elementor-widget elementor-widget-text-editor\" data-id=\"94477fe\" data-element_type=\"widget\" data-e-type=\"widget\" data-widget_type=\"text-editor.default\">\n\t\t\t\t\t\t\t\t\t<p><a class=\"elementor-author-box__button elementor-button elementor-size-xs\" href=\"https:\/\/wa.me\/85262138796\" rel=\"nofollow noopener\" target=\"_blank\">trabalho no sector da log\u00edstica desde 2005<\/a><\/p>\t\t\t\t\t\t\t\t<\/div>\n\t\t\t\t<\/div>\n\t\t\t\t<\/div>\n\t\t\t\t<\/div>\n\t\t\t\t\t<\/div>\n\t\t\t\t<\/div>\n\t\t<div class=\"elementor-element elementor-element-289da2d e-flex e-con-boxed e-con e-parent\" data-id=\"289da2d\" data-element_type=\"container\" data-e-type=\"container\">\n\t\t\t\t\t<div class=\"e-con-inner\">\n\t\t<div class=\"elementor-element elementor-element-d9c8724 e-con-full e-flex e-con e-child\" data-id=\"d9c8724\" data-element_type=\"container\" data-e-type=\"container\">\n\t\t\t\t<div class=\"elementor-element elementor-element-dfbeb45 elementor-widget elementor-widget-shortcode\" data-id=\"dfbeb45\" data-element_type=\"widget\" data-e-type=\"widget\" data-widget_type=\"shortcode.default\">\n\t\t\t\t\t\t\t<div class=\"elementor-shortcode\"><div data-post-id=\"1374\" class=\"insert-page insert-page-1374\">\t\t<div data-elementor-type=\"wp-post\" data-elementor-id=\"1374\" class=\"elementor elementor-1374\" data-elementor-post-type=\"post\">\n\t\t\t\t<div class=\"elementor-element elementor-element-2639cffa e-flex e-con-boxed e-con e-parent\" data-id=\"2639cffa\" data-element_type=\"container\" data-e-type=\"container\">\n\t\t\t\t\t<div class=\"e-con-inner\">\n\t\t\t\t<div class=\"elementor-element elementor-element-7b8aa2d5 elementor-widget elementor-widget-text-editor\" data-id=\"7b8aa2d5\" data-element_type=\"widget\" data-e-type=\"widget\" data-widget_type=\"text-editor.default\">\n\t\t\t\t\t\t\t\t\t\n<p>Freight forwarding is a reliable way of sending goods. It involves use of logistic companies for transportation and delivery of goods.<\/p>\n\n<p>Are you in California, thinking of ways to get your goods transferred or delivered?<\/p>\n\n<p>Thinking of ways to find a\u00a0 logistic company to transport your goods in California?<\/p>\n\n<p>This article highlights top 10 freight forwarding companies in California.<\/p>\n\n<h2 class=\"wp-block-heading\">1. World courier:<\/h2>\n\n<p>World courier assists in delivery of medical and pharmaceutical goods. They provide quality and timely services to their prospective clients.<\/p>\n\n<p>Their service includes; world transport services, timely storage, and emergency logistical support.<\/p>\n\n<h2 class=\"wp-block-heading\">2. Nationwide Transport services (Nationwide):<\/h2>\n\n<p>Founded in 2009 by Jason Fortz. Nationwide transport service is one of the industry\u2019s leading logistic transport companies.<\/p>\n\n<p>The company transports almost all type of freights. Their haulage trucks come with satellite tracking GPS. This allows you to track and watch your goods when they are on the move.<\/p>\n\n<h2 class=\"wp-block-heading\">3. Dart warehouse corporation:<\/h2>\n\n<p>The company\u00a0was founded\u00a0in 1938 by Rod Dedeaux. Dart Warehouse Corporation has 5 operating divisions serving facilities throughout North America.<\/p>\n\n<p>The company is a third-party logistics company and supply chain management leader. They help maintain extended distribution and warehousing solutions.<\/p>\n\n<h2 class=\"wp-block-heading\">4. ETC international freight system<\/h2>\n\n<p>ETC international freight system is a California based forwarding company. It is one of the independent experts that help with freight forwarding, either by land, air or sea.<\/p>\n\n<p>The company handles both commercial and industrial freight forwarding. Also, they give you access to good tracking and monitoring.<\/p>\n\n<h2 class=\"wp-block-heading\">5. OIA global logistics<\/h2>\n\n<p>OIA\u00a0was founded\u00a0in 1998. The Oregon based <a href=\"https:\/\/hytcargo.com\/pt\/what-does-a-shipping-agent-do\/\">frete a\u00e9reo<\/a> company operates globally.<\/p>\n\n<p>This company started as a carrier of perishable foods from the west coast of the U.S to Asia.<\/p>\n\n<p>The company creative packaging solution provides a cost saving offer with their packages, the company redesign and practice supply chain optimization programs.<\/p>\n\n<p>Some of their services include; Customs brokerage, warehousing and distribution, and ocean freighting.<\/p>\n\n<h2 class=\"wp-block-heading\">6. Dependable supply chain<\/h2>\n\n<p>Dependable supply chain is a full-service logistic provider. They provide an all-around unique service, providing a seamless total chain supply solution.<\/p>\n\n<p>Dependable supply chain runs a third-party logistic service, air &amp; ocean freight. Their services also include warehousing and distribution services.<\/p>\n\n<h2 class=\"wp-block-heading\">7. Unitrans international logistics<\/h2>\n\n<p>Unitrans international logistics is a solution-oriented organization. The company provides sound logical solutions to the different companies they deal with.<\/p>\n\n<p>Their teams of professionals offer extensive in-depth expertise in global logistic services. Consistent delivery and personalized services are part of their qualities.<\/p>\n\n<h2 class=\"wp-block-heading\">8. Five-star moving company<\/h2>\n\n<p>Identified as one of Los Angeles\u2019 most prestigious forwarding companies. This company is well known for its convenient pickups and safe deliveries.<\/p>\n\n<p>They offer both industrial and professional moving services. They\u00a0are respected\u00a0for their safe and clean storage facility. Also, their customer service is second to none as they are always open.<\/p>\n\n<h2 class=\"wp-block-heading\">9. Shipco Transport<\/h2>\n\n<p>Shipco Transport provides a worldwide <a href=\"https:\/\/hytcargo.com\/pt\/expresso\/\">expedi\u00e7\u00e3o<\/a> solution for almost every industry. The institution offers LCL, FCL, and air freight services.<\/p>\n\n<h2 class=\"wp-block-heading\">10. Transport Xpress<\/h2>\n\n<p>Transport Xpress is one of the most reliable, trustworthy transportation companies. They have over ten years of experience in customer service and freight transportation.<\/p>\n\n<p>The company engages in truckload haulage and shipment of generally based commodities. The company transports consumer-based products, industrial products, building materials and so much more.<\/p>\n\n<p>O custo final depende do nome do produto, do peso e do volume, da forma de envio<\/p>\n\n<h4 class=\"wp-block-heading\">Etapa 1: verificar a carga com base nas necessidades do cliente (1-2 horas)<\/h4>\n\n<p>Atrav\u00e9s de algumas informa\u00e7\u00f5es b\u00e1sicas: nome do produto, peso, o volume que enviamos cota\u00e7\u00e3o confirmar forma de envio<\/p>\n\n<figure class=\"wp-block-image\"><img decoding=\"async\" class=\"wp-image-5493\" src=\"https:\/\/cdn-bgpng.nitrocdn.com\/AOsugMHohUjHimgCXEQRtZnLeYQRPTXu\/assets\/images\/optimized\/rev-d686271\/www.honouroceanshipping.com\/wp-content\/uploads\/2021\/12\/Red-And-Purple-Illustrative-Business-Partners-Agreement-Instagram-Post.jpg\" alt=\"\" title=\"\"><\/figure>\n\n<h4 class=\"wp-block-heading\">Etapa 2: Consolida\u00e7\u00e3o (1-3 dias)<\/h4>\n\n<p><a href=\"https:\/\/hytcargo.com\/pt\/sinotrans-china-para-arabia-saudita-informacoes-sobre-o-processo-de-transporte-maritimo-de-mercadorias-e-prazos-de-entrega-hyt-cargo\/\">hytcargo<\/a> O fornecimento de contacto envia as mercadorias para o nosso armaz\u00e9m ou n\u00f3s recolhemos as mercadorias para si.<\/p>\n\n<figure class=\"wp-block-image\"><img decoding=\"async\" class=\"wp-image-5413\" src=\"https:\/\/cdn-bgpng.nitrocdn.com\/AOsugMHohUjHimgCXEQRtZnLeYQRPTXu\/assets\/images\/optimized\/rev-d686271\/www.honouroceanshipping.com\/wp-content\/uploads\/2021\/12\/14361639128510_.pic_hd.jpg\" alt=\"\" title=\"\"><\/figure>\n\n<h4 class=\"wp-block-heading\">Etapa 3: Envio por via a\u00e9rea ou mar\u00edtima<\/h4>\n\n<p>N\u00f3s providenciaremos o envio de seus bens para o seu pa\u00eds (o porto mar\u00edtimo, porto a\u00e9reo ou porta a porta).<\/p>\n\n<h4 class=\"wp-block-heading\">Etapa 4: Acompanhamento<\/h4>\n\n<p>Quando a sua mercadoria for enviada, enviar-lhe-emos o n\u00famero de rastreio, podendo verificar o estado da mesma em qualquer altura.<\/p>\n\n<figure class=\"wp-block-image\"><img decoding=\"async\" class=\"wp-image-5495\" src=\"https:\/\/cdn-bgpng.nitrocdn.com\/AOsugMHohUjHimgCXEQRtZnLeYQRPTXu\/assets\/images\/optimized\/rev-d686271\/www.honouroceanshipping.com\/wp-content\/uploads\/2021\/12\/Colored-Gradient-Illustration-Online-Tracking-Instagram-Post.jpg\" alt=\"\" title=\"\"><\/figure>\n\n<h4 class=\"wp-block-heading\">Etapa 5: Chegada<\/h4>\n\n<p>Marcamos uma reuni\u00e3o para combinar a recolha dos seus bens. O cliente recolhe-os com BL<\/p>\n\n<h3 class=\"wp-block-heading\">Quer saber quando reservar um espa\u00e7o?<\/h3>\n\n<p>Normalmente, reservamos o espa\u00e7o com 2 a 3 dias de anteced\u00eancia; em \u00e9poca alta, reservamos com 1 ou 2 semanas de anteced\u00eancia<\/p>\n\n<p>here is basic knowledge you should know before shipping<\/p>\n\n<h3 class=\"wp-block-heading\">Shipping from China to Vietnam- A comprehensive guide[updated Nov,2024]<\/h3>\n\n<p>Person reviewing shipping details Have you ever wondered how to ship goods from China to Vietnam without losing sleep over the details? I remember staring at endless webpages, trying to make sense of shipping rates<\/p>\n\n<p>05\/11\/2024<\/p>\n\n<h3 class=\"wp-block-heading\">Does taobao ship to us?<\/h3>\n\n<p>Taobao homepage on laptop screen Ever stumbled upon a unique gadget or a stylish outfit on Taobao and thought, &#8220;If only I could get this shipped to the US&#8221;? I\u2019ve been there, and let me<\/p>\n\n<p>04\/11\/2024<\/p>\n\n<h3 class=\"wp-block-heading\">How much does shipping from China to the US cost? Air, Sea or DDP Freight? [update Nov-2024]<\/h3>\n\n<p>For <a href=\"https:\/\/hytcargo.com\/pt\/why-is-shipping-from-china-so-expensive\/\">envio a partir da china<\/a> to usa,there are main 3 ways : shipping, air freight, DDP shipping. I still remember standing at my desk, staring at quotes for shipping a container from China to the USA,<\/p>\n\n<p>31\/10\/2024<\/p>\n\n<p>\u00a0<\/p>\n\n<h3 class=\"wp-block-heading\">How to Import from China to Saudi Arabia? \uff08update Nov-2024)<\/h3>\n\n<p>I\u2019ve spent years unraveling the complexities of importing goods from China1 to Saudi <a href=\"https:\/\/hytcargo.com\/pt\/npsel-china-to-saudi-arabia-express-delivery-service-guide-dhl-ups-fedex-transit-time-process-and-hytcargo-solutions\/\">Ar\u00e1bia<\/a>, and I know firsthand how overwhelming it can feel. But trust me, once you get the hang of it, it\u2019s a<\/p>\n\n<p>30\/10\/2024<\/p>\n\n<h3 class=\"wp-block-heading\">Shipping Auto Parts: A Comprehensive Guide<\/h3>\n\n<p>Shipping auto parts has always felt like navigating a maze. I remember the first time I needed to send a heavy engine component overseas\u2014it was overwhelming. Over time, though, I\u2019ve unraveled the complexities, especially when<\/p>\n\n<p>29\/10\/2024<\/p>\n\n<p>\u00a0<\/p>\n\n<figure class=\"wp-block-image\"><a class=\"elementor-post__thumbnail__link\" href=\"https:\/\/www.honouroceanshipping.com\/why-is-international-shipping-so-expensive\/\" target=\"_blank\" rel=\"noreferrer noopener nofollow\"><img decoding=\"async\" class=\"wp-image-21900\" src=\"https:\/\/cdn-bgpng.nitrocdn.com\/AOsugMHohUjHimgCXEQRtZnLeYQRPTXu\/assets\/images\/optimized\/rev-d686271\/www.honouroceanshipping.com\/wp-content\/uploads\/2024\/10\/1004-300x300.jpg\" alt=\"\" title=\"\"><\/a><\/figure>\n\n<h3 class=\"wp-block-heading\">Why is international shipping so expensive?<\/h3>\n\n<p>You know, just the other day, I found myself puzzling over why shipping a small package overseas1feels like booking a first-class flight. It got me thinking\u2014why is international shipping so expensive? International shipping is expensive<\/p>\n\n<p>28\/10\/2024<\/p>\n\n<p>\u00a0<\/p>\n\n<figure class=\"wp-block-image\"><a class=\"elementor-post__thumbnail__link\" href=\"https:\/\/www.honouroceanshipping.com\/the-ultimate-guide-to-finding-reliable-international-freight-forwarders-in-china-tips-tricks-and-best-practices\/\" target=\"_blank\" rel=\"noreferrer noopener nofollow\"><img decoding=\"async\" class=\"wp-image-16767\" src=\"https:\/\/cdn-bgpng.nitrocdn.com\/AOsugMHohUjHimgCXEQRtZnLeYQRPTXu\/assets\/images\/optimized\/rev-d686271\/www.honouroceanshipping.com\/wp-content\/uploads\/2022\/11\/%E6%9C%AA%E5%91%BD%E5%90%8D%E7%9A%84%E8%AE%BE%E8%AE%A1-76-300x300.jpg\" alt=\"\" title=\"\"><\/a><\/figure>\n\n<h3 class=\"wp-block-heading\">The Ultimate Guide to Finding Reliable International Freight Forwarders in China: Tips, Tricks, and Best Practices<\/h3>\n\n<p>The Ultimate Guide to Finding Reliable International Freight Forwarders in China: Tips, Tricks, and Best Practices Are you a business owner looking to expand your operations globally? If so, one of the most crucial aspects<\/p>\n\n<p>21\/06\/2023<\/p>\n\n<h3 class=\"wp-block-heading\"><a href=\"https:\/\/hytcargo.com\/pt\/\">Top10 manufacturers of motherboard in china<\/a><\/h3>\n\n<p>In this blog post, we\u2019ll be taking a look at the top 10 motherboard manufacturers in China. With so many motherboard companies on the market, it can be difficult to know which one is right<\/p>\n\n<p>21\/03\/2023<\/p>\n\n<h3 class=\"wp-block-heading\"><a href=\"https:\/\/hytcargo.com\/pt\/\">Amazon dropshipping: How to dropship on amazon in 2023<\/a><\/h3>\n\n<p>Is dropshipping on <a href=\"https:\/\/hytcargo.com\/pt\/servico\/\">Amazon<\/a> still a viable business model in 2023? Absolutely! In fact, it\u2019s one of the best ways to get started in ecommerce. And, with a little bit of effort, you can be<\/p>\n\n<p>21\/03\/2023<\/p>\n\n<p>\u00a0<\/p>\n\n<h3 class=\"wp-block-heading\">How to sell on Amazon Canada(Amazon.ca) in 2023?<\/h3>\n\n<p>Selling on Amazon Canada can be a great way to reach new customers and grow your business. However, it\u2019s important to understand the ins and outs of the process before getting started. In this post,<\/p>\n\n<p>21\/03\/2023<\/p>\n\n<p>Eis as armadilhas comuns com que muitos clientes se deparam\u00a0<\/p>\n\n<ul class=\"wp-block-list\">\n<li>Agente altera a cota\u00e7\u00e3o uma vez selecionada a sua encomenda<\/li>\n\n<li>Para a expedi\u00e7\u00e3o Lcl, os clientes solicitaram taxas de destino inesperadamente elevadas<\/li>\n\n<li>As encomendas urgentes atrasam muito<\/li>\n\n<li>Pagar o frete a\u00e9reo, mas organizar por navio<\/li>\n<\/ul>\n\n<p>Como fornecedor de log\u00edstica h\u00e1 12 anos, a hytcargo \u00e9 um transit\u00e1rio profissional, fi\u00e1vel e honesto.<\/p>\n\n<p>podemos resolver todos estes problemas para si.<\/p>\n\n<p>Fornecemos taxas confi\u00e1veis e econ\u00f4micas para suas remessas com pre\u00e7os competitivos por meio de nossa rede global de agentes, parceiros e armaz\u00e9ns. Oferecemos servi\u00e7os de remessa ddp nos EUA, Canad\u00e1, Reino Unido e Austr\u00e1lia, Cingapura, Europa, Jap\u00e3o, Filipinas, Mal\u00e1sia, \u00c1frica do Sul, M\u00e9xico e assim por diante. servi\u00e7o hytcargo incluindo transporte mar\u00edtimo, transporte a\u00e9reo, transporte de correio, transporte ferrovi\u00e1rio da China para todo o mundo. Como um agente de frete profissional, podemos fornecer uma cota\u00e7\u00e3o gratuita para o seu pedido dentro de 24 horas. Sem taxas ocultas, sem custos adicionais.  A nossa equipa de especialistas ir\u00e1 fornecer-lhe uma solu\u00e7\u00e3o perfeita de transporte porta-a-porta<\/p>\n\t\t\t\t\t\t\t\t<\/div>\n\t\t\t\t\t<\/div>\n\t\t\t\t<\/div>\n\t\t\t\t<\/div>\n\t\t<\/div><\/div>\n\t\t\t\t\t\t<\/div>\n\t\t\t\t<\/div>\n\t\t<div class=\"elementor-element elementor-element-75694ae e-con-full e-flex e-con e-child\" data-id=\"75694ae\" data-element_type=\"container\" data-e-type=\"container\" data-settings=\"{&quot;sticky&quot;:&quot;top&quot;,&quot;sticky_offset&quot;:100,&quot;sticky_on&quot;:[&quot;desktop&quot;,&quot;tablet&quot;,&quot;mobile&quot;],&quot;sticky_effects_offset&quot;:0,&quot;sticky_anchor_link_offset&quot;:0}\">\n\t\t<div class=\"elementor-element elementor-element-986fa26 e-con-full e-flex e-con e-child\" data-id=\"986fa26\" data-element_type=\"container\" data-e-type=\"container\" data-settings=\"{&quot;background_background&quot;:&quot;classic&quot;}\">\n\t\t\t\t<div class=\"elementor-element elementor-element-34a465b elementor-widget elementor-widget-heading\" data-id=\"34a465b\" data-element_type=\"widget\" data-e-type=\"widget\" data-widget_type=\"heading.default\">\n\t\t\t\t\t<h1 class=\"elementor-heading-title elementor-size-default\">Impulsione o seu neg\u00f3cio com os nossos servi\u00e7os de alta qualidade<\/h1>\t\t\t\t<\/div>\n\t\t\t\t<div class=\"elementor-element elementor-element-ecb5c08 elementor-button-align-center elementor-widget elementor-widget-form\" data-id=\"ecb5c08\" data-element_type=\"widget\" data-e-type=\"widget\" data-settings=\"{&quot;step_next_label&quot;:&quot;Next&quot;,&quot;step_previous_label&quot;:&quot;Previous&quot;,&quot;button_width&quot;:&quot;100&quot;,&quot;step_type&quot;:&quot;number_text&quot;,&quot;step_icon_shape&quot;:&quot;circle&quot;}\" data-widget_type=\"form.default\">\n\t\t\t\t\t\t\t<form class=\"elementor-form\" method=\"post\" name=\"New Form\" aria-label=\"Novo formul\u00e1rio\" action=\"\">\n\t\t\t<input type=\"hidden\" name=\"post_id\" value=\"457\"\/>\n\t\t\t<input type=\"hidden\" name=\"form_id\" value=\"ecb5c08\"\/>\n\t\t\t<input type=\"hidden\" name=\"referer_title\" value=\"Top 10 Freight Forwarder California | hytcargo\" \/>\n\n\t\t\t\t\t\t\t<input type=\"hidden\" name=\"queried_id\" value=\"457\"\/>\n\t\t\t\n\t\t\t<div class=\"elementor-form-fields-wrapper elementor-labels-\">\n\t\t\t\t\t\t\t\t<div class=\"elementor-field-type-text elementor-field-group elementor-column elementor-field-group-name elementor-col-100\">\n\t\t\t\t\t\t\t\t\t\t\t\t<label for=\"form-field-name\" class=\"elementor-field-label elementor-screen-only\">\n\t\t\t\t\t\t\t\tNome\t\t\t\t\t\t\t<\/label>\n\t\t\t\t\t\t\t\t\t\t\t\t\t\t<input size=\"1\" type=\"text\" name=\"form_fields[name]\" id=\"form-field-name\" class=\"elementor-field elementor-size-sm  elementor-field-textual\" placeholder=\"Nome\">\n\t\t\t\t\t\t\t\t\t\t\t<\/div>\n\t\t\t\t\t\t\t\t<div class=\"elementor-field-type-email elementor-field-group elementor-column elementor-field-group-email elementor-col-100 elementor-field-required\">\n\t\t\t\t\t\t\t\t\t\t\t\t<label for=\"form-field-email\" class=\"elementor-field-label elementor-screen-only\">\n\t\t\t\t\t\t\t\tCorreio eletr\u00f3nico\t\t\t\t\t\t\t<\/label>\n\t\t\t\t\t\t\t\t\t\t\t\t\t\t<input size=\"1\" type=\"email\" name=\"form_fields[email]\" id=\"form-field-email\" class=\"elementor-field elementor-size-sm  elementor-field-textual\" placeholder=\"Correio eletr\u00f3nico\" required=\"required\">\n\t\t\t\t\t\t\t\t\t\t\t<\/div>\n\t\t\t\t\t\t\t\t<div class=\"elementor-field-type-textarea elementor-field-group elementor-column elementor-field-group-message elementor-col-100\">\n\t\t\t\t\t\t\t\t\t\t\t\t<label for=\"form-field-message\" class=\"elementor-field-label elementor-screen-only\">\n\t\t\t\t\t\t\t\tMensagem\t\t\t\t\t\t\t<\/label>\n\t\t\t\t\t\t<textarea class=\"elementor-field-textual elementor-field  elementor-size-sm\" name=\"form_fields[message]\" id=\"form-field-message\" rows=\"4\" placeholder=\"Mensagem\"><\/textarea>\t\t\t\t<\/div>\n\t\t\t\t\t\t\t\t<div class=\"elementor-field-group elementor-column elementor-field-type-submit elementor-col-100 e-form__buttons\">\n\t\t\t\t\t<button class=\"elementor-button elementor-size-sm\" type=\"submit\">\n\t\t\t\t\t\t<span class=\"elementor-button-content-wrapper\">\n\t\t\t\t\t\t\t\t\t\t\t\t\t\t\t\t\t\t\t\t\t\t<span class=\"elementor-button-text\">Obter cota\u00e7\u00f5es imediatas<\/span>\n\t\t\t\t\t\t\t\t\t\t\t\t\t<\/span>\n\t\t\t\t\t<\/button>\n\t\t\t\t<\/div>\n\t\t\t<\/div>\n\t\t<input type=\"hidden\" name=\"trp-form-language\" value=\"pt\"\/><\/form>\n\t\t\t\t\t\t<\/div>\n\t\t\t\t<\/div>\n\t\t\t\t<\/div>\n\t\t\t\t\t<\/div>\n\t\t\t\t<\/div>\n\t\t\t\t<\/div>","protected":false},"excerpt":{"rendered":"<p>Top 10 Freight Forwarder California Kenny work on logstics industry since 2005 Boost your business with our high quality services<\/p>","protected":false},"author":1,"featured_media":0,"parent":0,"menu_order":0,"comment_status":"closed","ping_status":"closed","template":"","meta":{"site-sidebar-layout":"no-sidebar","site-content-layout":"","ast-site-content-layout":"full-width-container","site-content-style":"default","site-sidebar-style":"default","ast-global-header-display":"","ast-banner-title-visibility":"","ast-main-header-display":"","ast-hfb-above-header-display":"","ast-hfb-below-header-display":"","ast-hfb-mobile-header-display":"","site-post-title":"disabled","ast-breadcrumbs-content":"","ast-featured-img":"disabled","footer-sml-layout":"","theme-transparent-header-meta":"","adv-header-id-meta":"","stick-header-meta":"","header-above-stick-meta":"","header-main-stick-meta":"","header-below-stick-meta":"","astra-migrate-meta-layouts":"default","ast-page-background-enabled":"default","ast-page-background-meta":{"desktop":{"background-color":"var(--ast-global-color-5)","background-image":"","background-repeat":"repeat","background-position":"center center","background-size":"auto","background-attachment":"scroll","background-type":"","background-media":"","overlay-type":"","overlay-color":"","overlay-opacity":"","overlay-gradient":""},"tablet":{"background-color":"","background-image":"","background-repeat":"repeat","background-position":"center center","background-size":"auto","background-attachment":"scroll","background-type":"","background-media":"","overlay-type":"","overlay-color":"","overlay-opacity":"","overlay-gradient":""},"mobile":{"background-color":"","background-image":"","background-repeat":"repeat","background-position":"center center","background-size":"auto","background-attachment":"scroll","background-type":"","background-media":"","overlay-type":"","overlay-color":"","overlay-opacity":"","overlay-gradient":""}},"ast-content-background-meta":{"desktop":{"background-color":"var(--ast-global-color-4)","background-image":"","background-repeat":"repeat","background-position":"center center","background-size":"auto","background-attachment":"scroll","background-type":"","background-media":"","overlay-type":"","overlay-color":"","overlay-opacity":"","overlay-gradient":""},"tablet":{"background-color":"var(--ast-global-color-4)","background-image":"","background-repeat":"repeat","background-position":"center center","background-size":"auto","background-attachment":"scroll","background-type":"","background-media":"","overlay-type":"","overlay-color":"","overlay-opacity":"","overlay-gradient":""},"mobile":{"background-color":"var(--ast-global-color-4)","background-image":"","background-repeat":"repeat","background-position":"center center","background-size":"auto","background-attachment":"scroll","background-type":"","background-media":"","overlay-type":"","overlay-color":"","overlay-opacity":"","overlay-gradient":""}},"footnotes":""},"class_list":["post-457","page","type-page","status-publish","hentry"],"_links":{"self":[{"href":"https:\/\/hytcargo.com\/pt\/wp-json\/wp\/v2\/pages\/457","targetHints":{"allow":["GET"]}}],"collection":[{"href":"https:\/\/hytcargo.com\/pt\/wp-json\/wp\/v2\/pages"}],"about":[{"href":"https:\/\/hytcargo.com\/pt\/wp-json\/wp\/v2\/types\/page"}],"author":[{"embeddable":true,"href":"https:\/\/hytcargo.com\/pt\/wp-json\/wp\/v2\/users\/1"}],"replies":[{"embeddable":true,"href":"https:\/\/hytcargo.com\/pt\/wp-json\/wp\/v2\/comments?post=457"}],"version-history":[{"count":10,"href":"https:\/\/hytcargo.com\/pt\/wp-json\/wp\/v2\/pages\/457\/revisions"}],"predecessor-version":[{"id":2520,"href":"https:\/\/hytcargo.com\/pt\/wp-json\/wp\/v2\/pages\/457\/revisions\/2520"}],"wp:attachment":[{"href":"https:\/\/hytcargo.com\/pt\/wp-json\/wp\/v2\/media?parent=457"}],"curies":[{"name":"wp","href":"https:\/\/api.w.org\/{rel}","templated":true}]}}