{"id":563,"date":"2025-09-18T08:30:43","date_gmt":"2025-09-18T08:30:43","guid":{"rendered":"https:\/\/hytcargo.com\/?page_id=563"},"modified":"2025-11-29T18:46:57","modified_gmt":"2025-11-29T18:46:57","slug":"sea-shipment-flow","status":"publish","type":"page","link":"https:\/\/hytcargo.com\/fr\/sea-shipment-flow\/","title":{"rendered":"Flux de transport maritime"},"content":{"rendered":"<div data-elementor-type=\"wp-page\" data-elementor-id=\"563\" class=\"elementor elementor-563\" data-elementor-post-type=\"page\">\n\t\t\t\t<div class=\"elementor-element elementor-element-9a6a477 e-flex e-con-boxed e-con e-parent\" data-id=\"9a6a477\" data-element_type=\"container\" data-e-type=\"container\" data-settings=\"{&quot;background_background&quot;:&quot;classic&quot;}\">\n\t\t\t\t\t<div class=\"e-con-inner\">\n\t\t\t\t<div class=\"elementor-element elementor-element-1f3cda5 elementor-widget elementor-widget-heading\" data-id=\"1f3cda5\" data-element_type=\"widget\" data-e-type=\"widget\" data-widget_type=\"heading.default\">\n\t\t\t\t\t<h2 class=\"elementor-heading-title elementor-size-default\">Sea Shipment Process Flow\u2013DOC and Cargo flow of logistics-Step-By-Step\n<\/h2>\t\t\t\t<\/div>\n\t\t\t\t\t<\/div>\n\t\t\t\t<\/div>\n\t\t<div class=\"elementor-element elementor-element-9a86b40 e-flex e-con-boxed e-con e-parent\" data-id=\"9a86b40\" data-element_type=\"container\" data-e-type=\"container\">\n\t\t\t\t\t<div class=\"e-con-inner\">\n\t\t<div class=\"elementor-element elementor-element-544fe49 e-con-full e-flex e-con e-child\" data-id=\"544fe49\" data-element_type=\"container\" data-e-type=\"container\">\n\t\t<div class=\"elementor-element elementor-element-97310eb e-con-full e-flex e-con e-child\" data-id=\"97310eb\" data-element_type=\"container\" data-e-type=\"container\">\n\t\t\t\t<div class=\"elementor-element elementor-element-39cab5f elementor-widget elementor-widget-image\" data-id=\"39cab5f\" data-element_type=\"widget\" data-e-type=\"widget\" data-widget_type=\"image.default\">\n\t\t\t\t\t\t\t\t\t\t\t\t\t\t\t<img decoding=\"async\" src=\"https:\/\/hytcargo.com\/wp-content\/uploads\/elementor\/thumbs\/Helen-300x300-1-rcdv6nklkn7z799fd32ev8b1f7a02rd3llak7dzso8.webp\" title=\"Helen-300\u00d7300\" alt=\"Helen-300x300\" loading=\"lazy\" \/>\t\t\t\t\t\t\t\t\t\t\t\t\t\t\t<\/div>\n\t\t<div class=\"elementor-element elementor-element-c5ea30d e-con-full e-flex e-con e-child\" data-id=\"c5ea30d\" data-element_type=\"container\" data-e-type=\"container\">\n\t\t\t\t<div class=\"elementor-element elementor-element-6f735f2 elementor-widget elementor-widget-heading\" data-id=\"6f735f2\" data-element_type=\"widget\" data-e-type=\"widget\" data-widget_type=\"heading.default\">\n\t\t\t\t\t<h5 class=\"elementor-heading-title elementor-size-default\">Kenny<\/h5>\t\t\t\t<\/div>\n\t\t\t\t<div class=\"elementor-element elementor-element-9055007 elementor-widget elementor-widget-text-editor\" data-id=\"9055007\" data-element_type=\"widget\" data-e-type=\"widget\" data-widget_type=\"text-editor.default\">\n\t\t\t\t\t\t\t\t\t<p><a class=\"elementor-author-box__button elementor-button elementor-size-xs\" href=\"https:\/\/wa.me\/85262138796\" rel=\"nofollow noopener\" target=\"_blank\">travail sur l'industrie de la logistique depuis 2005<\/a><\/p>\t\t\t\t\t\t\t\t<\/div>\n\t\t\t\t<\/div>\n\t\t\t\t<\/div>\n\t\t\t\t<\/div>\n\t\t\t\t\t<\/div>\n\t\t\t\t<\/div>\n\t\t<div class=\"elementor-element elementor-element-b16bb6a e-flex e-con-boxed e-con e-parent\" data-id=\"b16bb6a\" data-element_type=\"container\" data-e-type=\"container\">\n\t\t\t\t\t<div class=\"e-con-inner\">\n\t\t<div class=\"elementor-element elementor-element-097aa79 e-con-full e-flex e-con e-child\" data-id=\"097aa79\" data-element_type=\"container\" data-e-type=\"container\">\n\t\t\t\t<div class=\"elementor-element elementor-element-ea8a20a elementor-widget elementor-widget-shortcode\" data-id=\"ea8a20a\" data-element_type=\"widget\" data-e-type=\"widget\" data-widget_type=\"shortcode.default\">\n\t\t\t\t\t\t\t<div class=\"elementor-shortcode\"><div data-post-id=\"1424\" class=\"insert-page insert-page-1424\">\t\t<div data-elementor-type=\"wp-post\" data-elementor-id=\"1424\" class=\"elementor elementor-1424\" data-elementor-post-type=\"post\">\n\t\t\t\t<div class=\"elementor-element elementor-element-6ad11931 e-flex e-con-boxed e-con e-parent\" data-id=\"6ad11931\" data-element_type=\"container\" data-e-type=\"container\">\n\t\t\t\t\t<div class=\"e-con-inner\">\n\t\t\t\t<div class=\"elementor-element elementor-element-74c7ebb8 elementor-widget elementor-widget-text-editor\" data-id=\"74c7ebb8\" data-element_type=\"widget\" data-e-type=\"widget\" data-widget_type=\"text-editor.default\">\n\t\t\t\t\t\t\t\t\t\n<p>This\u00a0infographic is a step-by-step guide to the\u00a0<strong>international <a href=\"https:\/\/hytcargo.com\/fr\/express\/\">exp\u00e9dition<\/a> process:<\/strong>Hurdles in the shipping process The shipping process can be troublesome and intimidating for importers and exporters, given the number of steps, players and documents involved.\u00a0These are some of the most common problems they can face:,you have been dealing with will then contact their overseas partner to arrange the collection of the goods. The overseas representative will in turn contact the relevant supplier and arrange for the export of the buyer\u2019s goods.\u00a0This\u00a0will involve the preparation of several key documents used in the\u00a0<strong>international shipping process<\/strong>\u00a0which are required for customs purposes. Documents that need to be prepared by the supplier A Packing List : a supplier will prepare a packing list which will be used by a freight forwarder to highlight all the information regarding the freight being transported.<\/p>\n\n<p>How the Shipping Process works Contrary to popular belief, the\u00a0<strong>international shipping process<\/strong>\u00a0does not start when a product is loaded onto a ship. It starts much earlier, when an importer identifies the need for that product and floats an enquiry to procure it<\/p>\n\n<p>As such, the shipping process covers the flow of goods and documents from the place of origin to the place of destination<\/p>\n\n<p>we are covering the 15 steps of international\u00a0<strong>freight forwarding<\/strong>\u00a0(shipping)<\/p>\n\n<figure class=\"wp-block-image\"><img decoding=\"async\" class=\"wp-image-5678\" src=\"https:\/\/cdn-bgpng.nitrocdn.com\/AOsugMHohUjHimgCXEQRtZnLeYQRPTXu\/assets\/images\/optimized\/rev-d686271\/www.honouroceanshipping.com\/wp-content\/uploads\/2021\/12\/freight.jpeg\" alt=\"\" title=\"\"><\/figure>\n\n<h2 class=\"wp-block-heading\">Step #1: Importer requests quotes and orders goods.<\/h2>\n\n<p>Importer: The importer is the buyer,also we mean consignee .<\/p>\n\n<ul class=\"wp-block-list\">\n<li>once send a quote with the supplier, the supplier will send a document: proforma invoice<\/li>\n\n<li>Agreeing on shipping incoterms,incoterms is very import for\u00a0<strong>International Trade<\/strong><\/li>\n\n<li>incoterms are essentially the terms that allocate the <a href=\"https:\/\/hytcargo.com\/fr\/shipping-from-china-to-the-uk-complete-guide-on-transit-times-costs-and-optimization-hytcargo\/\">costs<\/a> and the risks between the buyer and seller when shipping. Essentially, they determine who is responsible for what whilst the goods are moving from Point A to Point B. usually terms is EXW or FOB<\/li>\n\n<li>once the order is sure, then the factory arranges the product and checks the ready ok date.<\/li>\n\n<li>Engaging a freight forwarder:To meet the required timeline for shipments, freight forwarder schedules shipping line for transportation.\u00a0This\u00a0step not only covers costs involved in shipping from port-to-port but also the levied surcharges like currency adjustment factor,\u00a0<strong>exchange rates<\/strong>, etc.\u00a0<\/li>\n<\/ul>\n\n<h2 class=\"wp-block-heading\">Step #2: Freight forwarder arranges export<\/h2>\n\n<ul class=\"wp-block-list\">\n<li><strong>freight forwarding<\/strong>\u00a0including :Booking, trucking, customs clearance and doc, now more and more business person hope logistics provider can supply one-stop service<\/li>\n<\/ul>\n\n<h2 class=\"wp-block-heading\">Step #3:freight forwarders checking doc info for shipments:<\/h2>\n\n<ul class=\"wp-block-list\">\n<li>booking info \/SI sent to shipping lines\/draft bill \/invoice, packing list .vgm, co, fumigate certificate if wood package and so on\u00a0required documents, so as to imported goods smoothly<\/li>\n\n<li>SI info including\u00a0shipper : shipper company, address, phone.<\/li>\n\n<li>consignee info : consignee company name, destination addresses,phone ,contact person.<\/li>\n<\/ul>\n\n<h2 class=\"wp-block-heading\">International Sea Shipment Process Flow<\/h2>\n\n<h2 class=\"wp-block-heading\">Step#4. empty container pick up<\/h2>\n\n<h2 class=\"wp-block-heading\">pick up before 1 day loading, be careful check container, our driver will check the container quality<\/h2>\n\n<ul class=\"wp-block-list\">\n<li>pick up <a href=\"https:\/\/hytcargo.com\/fr\/awot-china-to-saudi-arabia-sensitive-cargo-air-shipping-compliance-restrictions-risk-control-by-hytcargo\/\">cargaison<\/a> \u2013container is delivered to supplier factory.Export Haulage The first physical step your cargo will take on its <a href=\"https:\/\/hytcargo.com\/fr\/what-does-a-shipping-agent-do\/\">fret maritime<\/a> journey is called export haulage \u2013 when your load is moved from the original manufacturer\u2019s or exporter\u2019s warehouse to the\u00a0<strong>origin warehouse<\/strong>.<\/li>\n\n<li><strong>Origin handling<\/strong>:\u00a0This\u00a0step covers all physical handling, inspection, and loading of the cargo<\/li>\n<\/ul>\n\n<h2 class=\"wp-block-heading\">Step#5.container arrival to port and loading to vessel<\/h2>\n\n<ul class=\"wp-block-list\">\n<li>container cut off date is the deadline container need gate into port. these containers are loaded onto a vessel,where they will be sailed to their\u00a0<strong>destination country<\/strong>.<\/li>\n<\/ul>\n\n<h2 class=\"wp-block-heading\">Step#6. before container go-to vessel&#8211;need VGM, Export custom clearance released.<\/h2>\n\n<p>A really\u00a0<strong>large number<\/strong>\u00a0of containers are being collected in a terminal, so cut off date must be kept because enough time for loading and unloading is necessary<\/p>\n\n<h2 class=\"wp-block-heading\">Step#7: Container lift to vessel by Gantry crane<\/h2>\n\n<p>container weight is limited by ship and port. normally container limited weight is 25tons.whether 20ft or 40ft.<\/p>\n\n<h2 class=\"wp-block-heading\">Step#8.B\/L is issued when is container loaded to vessel<\/h2>\n\n<ul class=\"wp-block-list\">\n<li>forwarder will issue b\/l to shipper, shipper send original to the consignee by Courier(such as DHL or FedEx)<\/li>\n\n<li>consignee get B\/O to pick up D\/O<\/li>\n<\/ul>\n\n<h2 class=\"wp-block-heading\">Step#9. Export Ocean<\/h2>\n\n<ul class=\"wp-block-list\">\n<li>The vessel is sometimes delayed as wether or port block up\uff0cbut this cannot be helped.<\/li>\n<\/ul>\n\n<h2 class=\"wp-block-heading\">Destination handling<\/h2>\n\n<p>This\u00a0involves transportation and unloading of cargo from port to\u00a0destination\u00a0warehouse.<\/p>\n\n<h2 class=\"wp-block-heading\">Step#10. Arrival notice issued (A\/N)<\/h2>\n\n<ul class=\"wp-block-list\">\n<li>Before cargo arrival to port, arrival notice is issued and sent to consignee\u2013arrival notice has a number of costs, such as THC(Terminal handling charge), D\/O, DOC, and so on, which importer must pay.<\/li>\n<\/ul>\n\n<h2 class=\"wp-block-heading\">Step#11.Payment for A\/N and submit a bill of lading<\/h2>\n\n<h2 class=\"wp-block-heading\">Step#12. release D\/O<\/h2>\n\n<figure class=\"wp-block-image\"><img decoding=\"async\" class=\"wp-image-5593\" src=\"https:\/\/cdn-bgpng.nitrocdn.com\/AOsugMHohUjHimgCXEQRtZnLeYQRPTXu\/assets\/images\/optimized\/rev-d686271\/www.honouroceanshipping.com\/wp-content\/uploads\/2021\/10\/freight-forwarder-from-china-1.jpg\" alt=\"\" title=\"\"><\/figure>\n\n<h2 class=\"wp-block-heading\">Step#13.import custom clearance<\/h2>\n\n<ul class=\"wp-block-list\">\n<li>after receiving the payment, the importer\u2019s forwarder finishes custom clearance with the doc, such as invoice, packing list, co. if there is no problem with the declaration, customs issue import permit. but if not, then an inspection will be needed.If a freight forwarder holds a\u00a0<strong>valid license<\/strong>, they can handle the import customs clearance\u00a0,This\u00a0clearance is performed by\u00a0<strong>customs house broker<\/strong>\u00a0appointed by the consignee<\/li>\n\n<li>.\u00a0<\/li>\n<\/ul>\n\n<h2 class=\"wp-block-heading\">Step#14.container release<\/h2>\n\n<ul class=\"wp-block-list\">\n<li><strong>Import haulage:<\/strong>\u00a0obtained D\/O and custom clearance released, paid\u00a0<strong>Customs Duty,container release.\u00a0<\/strong><\/li>\n<\/ul>\n\n<h2 class=\"wp-block-heading\">Step#15.cargo delivery<\/h2>\n\n<ul class=\"wp-block-list\">\n<li>the consignee can pick up containers to home. the truck arrives at the destination, cargo unloaded the container to return to port. The final step of\u00a0<strong>actual delivery<\/strong>\u00a0of the product to the consignee and ultimately to the consumer<strong>, Consignee: a person\/company dealing with shipment at receiving end.<\/strong>this ended delivery<\/li>\n<\/ul>\n\n<p>When shipping by sea, exporters can pick one of two shipping modes \u2013\u00a0<strong>Full Container Load<\/strong>\u00a0(FCL) or Less than Container Load (LCL),<\/p>\n\n<p>When the consignment takes up an entire shipping container, it is called FCL shipping.\u00a0This\u00a0mode is suitable for large consignments that need to be transported in the shortest possible time by sea.<\/p>\n\n<p>LCL shipping mean less container loading. process is same, just several customers order combine to one full container. ship together.<\/p>\n\n<h2 class=\"wp-block-heading\">Other Logistics and transportation process explained<\/h2>\n\n<h2 class=\"wp-block-heading\"><strong>Export customs clearance<\/strong><\/h2>\n\n<p>Custom\u2019s clearance means an exchange where an official declares the situation and the necessary documents must go before authorities. This should be done in conjunction with a custom house broker. The export custom clearance process is typically required in order for cargo leaving a country at origin, but when not performed by shipping forwarders it may be required by the freight forwarders at the point it entered its destination warehouse. Other authorised custom agents are primarily appointed by the shippers directly and there will be no formalities involved in the ship. Both types of clearance may occur.<\/p>\n\n<h2 class=\"wp-block-heading\"><strong>Main players in the shipping process<\/strong><\/h2>\n\n<p>Importers determine when something is needed in a geographical area that can be reached and determine the best possible global supplier to sell. Exporters: Exporters produce products based on the customer needs or purchases those needed from them. Bank: Banks provide banking services including mortgage loans, documents for financing and credit cards. Insurance companies can cover loss or damage of materials incurred on a truck\u2019s return journey due to damage from an accident or other loss that happened. Freight forwarders \u2013 Freight forwarders are agents for importers that work collaboratively with others.<\/p>\n\n<h2 class=\"wp-block-heading\"><strong>Paperwork<\/strong><\/h2>\n\n<p>The three important types of documentation for goods that need shipping are the invoices, the contracts or packing statements and the shipment documents. In general, this is a document sent to the shipping company that certifies how long the shipment has been waiting on delivery. A commercial invoice lists the price of the merchandise and their kinds as well as the destination. The packing list is similar to a commercial invoice. With every document you need along this journey a reliable and well experienced shipping service may well be an important first step.<\/p>\n\n<h2 class=\"wp-block-heading\"><strong>Your Shipping Timeline<\/strong><\/h2>\n\n<p>Understanding the time it takes to reach your destination can make a difference in managing your cargo. Keep in mind things that can affect delivery for your shipment. Is it possible to import products from abroad? Can I get more information from them via my contact form?<\/p>\n\n<h2 class=\"wp-block-heading\"><strong>Booking of freight<\/strong><\/h2>\n\n<p>Once these documents are approved the customer can take an export order at the supplier\u2019s expense. There are numerous factors that will affect the booking of goods and will often be necessary, especially when goods will need transport in crowded ships.<\/p>\n\n<h2 class=\"wp-block-heading\"><strong>Goods to travel to international depot\/port<\/strong><\/h2>\n\n<p>Once the goods are packaged, the goods go into the shipment depot for export. According to the carrier terms, they can either be agreed by the provider or by the shippers by the shipment forwarder. Export approval could also ensue.<\/p>\n\n<p>When you are building a\u00a0<strong>supply chain<\/strong>\u00a0that involves ocean freight , there are a lot of decisions. A shipping line is a working ecosystem with each cog playing a part in a symbiotic relationship. You must decide what is best for your business, and the only way to make an informed decision is if you are fully informed.<\/p>\n\n<h2 class=\"wp-block-heading\">hytcargo for smooth shipping<\/h2>\n\n<p>Online service greatly eases shipment processes. <a href=\"https:\/\/hytcargo.com\/fr\/sinotrans-china-to-saudi-arabia-sea-freight-process-information-and-lead-time-hyt-cargo\/\">hytcargo<\/a> aims to simplify it. I have developed and distributed a supply chain solution for various key participants within our international trading networks.<\/p>\n\n<p>hytcargo is 12 years Freight Forwarder: the <strong>logistics transport provider<\/strong>. Besides sea freight, our freight forwarding also includes\u00a0<strong><a href=\"https:\/\/hytcargo.com\/fr\/why-your-china-freight-shipping-to-usa-delays\/\">Fret a\u00e9rien<\/a>. trusted\u00a0<\/strong>logistics provider you can contact now.<\/p>\n\t\t\t\t\t\t\t\t<\/div>\n\t\t\t\t\t<\/div>\n\t\t\t\t<\/div>\n\t\t\t\t<\/div>\n\t\t<\/div><\/div>\n\t\t\t\t\t\t<\/div>\n\t\t\t\t<\/div>\n\t\t<div class=\"elementor-element elementor-element-ffe5743 e-con-full e-flex e-con e-child\" data-id=\"ffe5743\" data-element_type=\"container\" data-e-type=\"container\" data-settings=\"{&quot;sticky&quot;:&quot;top&quot;,&quot;sticky_offset&quot;:100,&quot;sticky_on&quot;:[&quot;desktop&quot;,&quot;tablet&quot;,&quot;mobile&quot;],&quot;sticky_effects_offset&quot;:0,&quot;sticky_anchor_link_offset&quot;:0}\">\n\t\t<div class=\"elementor-element elementor-element-5a7a9a9 e-con-full e-flex e-con e-child\" data-id=\"5a7a9a9\" data-element_type=\"container\" data-e-type=\"container\" data-settings=\"{&quot;background_background&quot;:&quot;classic&quot;}\">\n\t\t\t\t<div class=\"elementor-element elementor-element-ffe4f6b elementor-widget elementor-widget-heading\" data-id=\"ffe4f6b\" data-element_type=\"widget\" data-e-type=\"widget\" data-widget_type=\"heading.default\">\n\t\t\t\t\t<h1 class=\"elementor-heading-title elementor-size-default\">Stimulez votre activit\u00e9 gr\u00e2ce \u00e0 nos services de haute qualit\u00e9<\/h1>\t\t\t\t<\/div>\n\t\t\t\t<div class=\"elementor-element elementor-element-c4ce18c elementor-button-align-center elementor-widget elementor-widget-form\" data-id=\"c4ce18c\" data-element_type=\"widget\" data-e-type=\"widget\" data-settings=\"{&quot;step_next_label&quot;:&quot;Next&quot;,&quot;step_previous_label&quot;:&quot;Previous&quot;,&quot;button_width&quot;:&quot;100&quot;,&quot;step_type&quot;:&quot;number_text&quot;,&quot;step_icon_shape&quot;:&quot;circle&quot;}\" data-widget_type=\"form.default\">\n\t\t\t\t\t\t\t<form class=\"elementor-form\" method=\"post\" name=\"New Form\" aria-label=\"Nouveau formulaire\" action=\"\">\n\t\t\t<input type=\"hidden\" name=\"post_id\" value=\"563\"\/>\n\t\t\t<input type=\"hidden\" name=\"form_id\" value=\"c4ce18c\"\/>\n\t\t\t<input type=\"hidden\" name=\"referer_title\" value=\"Sea shipment flow | hytcargo\" \/>\n\n\t\t\t\t\t\t\t<input type=\"hidden\" name=\"queried_id\" value=\"563\"\/>\n\t\t\t\n\t\t\t<div class=\"elementor-form-fields-wrapper elementor-labels-\">\n\t\t\t\t\t\t\t\t<div class=\"elementor-field-type-text elementor-field-group elementor-column elementor-field-group-name elementor-col-100\">\n\t\t\t\t\t\t\t\t\t\t\t\t<label for=\"form-field-name\" class=\"elementor-field-label elementor-screen-only\">\n\t\t\t\t\t\t\t\tNom\t\t\t\t\t\t\t<\/label>\n\t\t\t\t\t\t\t\t\t\t\t\t\t\t<input size=\"1\" type=\"text\" name=\"form_fields[name]\" id=\"form-field-name\" class=\"elementor-field elementor-size-sm  elementor-field-textual\" placeholder=\"Nom\">\n\t\t\t\t\t\t\t\t\t\t\t<\/div>\n\t\t\t\t\t\t\t\t<div class=\"elementor-field-type-email elementor-field-group elementor-column elementor-field-group-email elementor-col-100 elementor-field-required\">\n\t\t\t\t\t\t\t\t\t\t\t\t<label for=\"form-field-email\" class=\"elementor-field-label elementor-screen-only\">\n\t\t\t\t\t\t\t\tCourriel\t\t\t\t\t\t\t<\/label>\n\t\t\t\t\t\t\t\t\t\t\t\t\t\t<input size=\"1\" type=\"email\" name=\"form_fields[email]\" id=\"form-field-email\" class=\"elementor-field elementor-size-sm  elementor-field-textual\" placeholder=\"Courriel\" required=\"required\">\n\t\t\t\t\t\t\t\t\t\t\t<\/div>\n\t\t\t\t\t\t\t\t<div class=\"elementor-field-type-textarea elementor-field-group elementor-column elementor-field-group-message elementor-col-100\">\n\t\t\t\t\t\t\t\t\t\t\t\t<label for=\"form-field-message\" class=\"elementor-field-label elementor-screen-only\">\n\t\t\t\t\t\t\t\tMessage\t\t\t\t\t\t\t<\/label>\n\t\t\t\t\t\t<textarea class=\"elementor-field-textual elementor-field  elementor-size-sm\" name=\"form_fields[message]\" id=\"form-field-message\" rows=\"4\" placeholder=\"Message\"><\/textarea>\t\t\t\t<\/div>\n\t\t\t\t\t\t\t\t<div class=\"elementor-field-group elementor-column elementor-field-type-submit elementor-col-100 e-form__buttons\">\n\t\t\t\t\t<button class=\"elementor-button elementor-size-sm\" type=\"submit\">\n\t\t\t\t\t\t<span class=\"elementor-button-content-wrapper\">\n\t\t\t\t\t\t\t\t\t\t\t\t\t\t\t\t\t\t\t\t\t\t<span class=\"elementor-button-text\">Obtenir un devis imm\u00e9diat<\/span>\n\t\t\t\t\t\t\t\t\t\t\t\t\t<\/span>\n\t\t\t\t\t<\/button>\n\t\t\t\t<\/div>\n\t\t\t<\/div>\n\t\t<input type=\"hidden\" name=\"trp-form-language\" value=\"fr\"\/><\/form>\n\t\t\t\t\t\t<\/div>\n\t\t\t\t<\/div>\n\t\t\t\t<\/div>\n\t\t\t\t\t<\/div>\n\t\t\t\t<\/div>\n\t\t\t\t<\/div>","protected":false},"excerpt":{"rendered":"<p>Sea Shipment Process Flow\u2013DOC and Cargo flow of logistics-Step-By-Step Kenny work on logstics industry since 2005 Boost your business with [&hellip;]<\/p>","protected":false},"author":1,"featured_media":0,"parent":0,"menu_order":0,"comment_status":"closed","ping_status":"closed","template":"","meta":{"site-sidebar-layout":"no-sidebar","site-content-layout":"","ast-site-content-layout":"full-width-container","site-content-style":"default","site-sidebar-style":"default","ast-global-header-display":"","ast-banner-title-visibility":"","ast-main-header-display":"","ast-hfb-above-header-display":"","ast-hfb-below-header-display":"","ast-hfb-mobile-header-display":"","site-post-title":"disabled","ast-breadcrumbs-content":"","ast-featured-img":"disabled","footer-sml-layout":"","theme-transparent-header-meta":"","adv-header-id-meta":"","stick-header-meta":"","header-above-stick-meta":"","header-main-stick-meta":"","header-below-stick-meta":"","astra-migrate-meta-layouts":"default","ast-page-background-enabled":"default","ast-page-background-meta":{"desktop":{"background-color":"var(--ast-global-color-5)","background-image":"","background-repeat":"repeat","background-position":"center center","background-size":"auto","background-attachment":"scroll","background-type":"","background-media":"","overlay-type":"","overlay-color":"","overlay-opacity":"","overlay-gradient":""},"tablet":{"background-color":"","background-image":"","background-repeat":"repeat","background-position":"center center","background-size":"auto","background-attachment":"scroll","background-type":"","background-media":"","overlay-type":"","overlay-color":"","overlay-opacity":"","overlay-gradient":""},"mobile":{"background-color":"","background-image":"","background-repeat":"repeat","background-position":"center center","background-size":"auto","background-attachment":"scroll","background-type":"","background-media":"","overlay-type":"","overlay-color":"","overlay-opacity":"","overlay-gradient":""}},"ast-content-background-meta":{"desktop":{"background-color":"var(--ast-global-color-4)","background-image":"","background-repeat":"repeat","background-position":"center center","background-size":"auto","background-attachment":"scroll","background-type":"","background-media":"","overlay-type":"","overlay-color":"","overlay-opacity":"","overlay-gradient":""},"tablet":{"background-color":"var(--ast-global-color-4)","background-image":"","background-repeat":"repeat","background-position":"center center","background-size":"auto","background-attachment":"scroll","background-type":"","background-media":"","overlay-type":"","overlay-color":"","overlay-opacity":"","overlay-gradient":""},"mobile":{"background-color":"var(--ast-global-color-4)","background-image":"","background-repeat":"repeat","background-position":"center center","background-size":"auto","background-attachment":"scroll","background-type":"","background-media":"","overlay-type":"","overlay-color":"","overlay-opacity":"","overlay-gradient":""}},"footnotes":""},"class_list":["post-563","page","type-page","status-publish","hentry"],"_links":{"self":[{"href":"https:\/\/hytcargo.com\/fr\/wp-json\/wp\/v2\/pages\/563","targetHints":{"allow":["GET"]}}],"collection":[{"href":"https:\/\/hytcargo.com\/fr\/wp-json\/wp\/v2\/pages"}],"about":[{"href":"https:\/\/hytcargo.com\/fr\/wp-json\/wp\/v2\/types\/page"}],"author":[{"embeddable":true,"href":"https:\/\/hytcargo.com\/fr\/wp-json\/wp\/v2\/users\/1"}],"replies":[{"embeddable":true,"href":"https:\/\/hytcargo.com\/fr\/wp-json\/wp\/v2\/comments?post=563"}],"version-history":[{"count":10,"href":"https:\/\/hytcargo.com\/fr\/wp-json\/wp\/v2\/pages\/563\/revisions"}],"predecessor-version":[{"id":2478,"href":"https:\/\/hytcargo.com\/fr\/wp-json\/wp\/v2\/pages\/563\/revisions\/2478"}],"wp:attachment":[{"href":"https:\/\/hytcargo.com\/fr\/wp-json\/wp\/v2\/media?parent=563"}],"curies":[{"name":"wp","href":"https:\/\/api.w.org\/{rel}","templated":true}]}}