{"id":2182,"date":"2025-11-16T17:29:23","date_gmt":"2025-11-16T17:29:23","guid":{"rendered":"https:\/\/hytcargo.com\/?page_id=2182"},"modified":"2025-12-04T19:21:34","modified_gmt":"2025-12-04T19:21:34","slug":"expedition-de-la-chine-vers-laustralie","status":"publish","type":"page","link":"https:\/\/hytcargo.com\/fr\/expedition-de-la-chine-vers-laustralie\/","title":{"rendered":"Exp\u00e9dition de la Chine vers l'Australie"},"content":{"rendered":"<div data-elementor-type=\"wp-page\" data-elementor-id=\"2182\" class=\"elementor elementor-2182\" data-elementor-post-type=\"page\">\n\t\t\t\t<div class=\"elementor-element elementor-element-4eef6af e-flex e-con-boxed e-con e-parent\" data-id=\"4eef6af\" data-element_type=\"container\" data-e-type=\"container\">\n\t\t\t\t\t<div class=\"e-con-inner\">\n\t\t\t\t<div class=\"elementor-element elementor-element-03009cf elementor-widget elementor-widget-shortcode\" data-id=\"03009cf\" data-element_type=\"widget\" data-e-type=\"widget\" data-widget_type=\"shortcode.default\">\n\t\t\t\t\t\t\t<div class=\"elementor-shortcode\"><div data-post-id=\"2731\" class=\"insert-page insert-page-2731\">\n<p><\/p>\n\n\n\n<p>&nbsp; &nbsp; &nbsp; &nbsp;La Chine \u00e9tait le deuxi\u00e8me partenaire de l'Australie pour le commerce bilat\u00e9ral de services en 2016. Le commerce bilat\u00e9ral de services entre l'Australie et la Chine \u00e9tait \u00e9valu\u00e9 \u00e0 $13,9 milliards. Le commerce bilat\u00e9ral de services a augment\u00e9 en moyenne de 10,8 % par an au cours des dix derni\u00e8res ann\u00e9es, ce qui est sup\u00e9rieur \u00e0 la moyenne du commerce total de services de l'Australie avec le monde, qui est de 4,6 % par an. L'Australie est devenue un exportateur net de services vers la Chine \u00e0 partir de 1999. La croissance des services a \u00e9t\u00e9 domin\u00e9e par la croissance des services de voyage, en particulier les exportations de services d'\u00e9ducation et d'autres services de voyage personnel. La Chine \u00e9tait le plus grand march\u00e9 d'exportation de services de l'Australie en 2016 et la neuvi\u00e8me source d'importation de services de l'Australie.<\/p>\n\n\n\n<p><\/p>\n\n\n\n<h2 class=\"wp-block-heading\">Importation de Chine en Australie<\/h2>\n\n\n\n<p>\u00a0 \u00a0 \u00a0 \u00a0<a href=\"https:\/\/hytcargo.com\/fr\/sinotrans-china-to-saudi-arabia-sea-freight-process-information-and-lead-time-hyt-cargo\/\">hytcargo<\/a> have focused on the Australian <a href=\"https:\/\/hytcargo.com\/fr\/express\/\">exp\u00e9dition<\/a> for 12 years, we handling shipments for many china factory and australia buyers ,\u00a0 including e-packing , <a href=\"https:\/\/hytcargo.com\/fr\/npsel-china-to-saudi-arabia-express-delivery-service-guide-dhl-ups-fedex-transit-time-process-and-hytcargo-solutions\/\">express<\/a> service, from port to port, door to door .<\/p>\n\n\n\n<p>Que votre envoi soit LCL ou FCL (conteneur 20GP, 40GP ou open top), de shenzhen, ningbo ,shanghai, xiamen ,guangzhou \u00e0 Sydney, Brisbane, Melbourne,<em><strong>Townsville, Port Hedland, Dampier, Gladstone .\u00a0<\/strong><\/em><a href=\"https:\/\/hytcargo.com\/fr\/sinotrans-china-to-saudi-arabia-sea-freight-process-information-and-lead-time-hyt-cargo\/\">hytcargo<\/a> team\u00a0will always provide you cheapest <a href=\"https:\/\/hytcargo.com\/fr\/pourquoi-le-transport-maritime-depuis-la-chine-est-il-si-cher\/\">exp\u00e9dition depuis la Chine<\/a> to australia.<\/p>\n\n\n\n<p>hytcargo is an expert on <a href=\"https:\/\/hytcargo.com\/fr\/what-does-a-shipping-agent-do\/\">fret maritime<\/a> from China to Australia and <a href=\"https:\/\/hytcargo.com\/fr\/why-your-china-freight-shipping-to-usa-delays\/\">air freight<\/a> from China to Australia, and <a href=\"https:\/\/hytcargo.com\/fr\/npsel-china-to-saudi-arabia-express-delivery-service-guide-dhl-ups-fedex-transit-time-process-and-hytcargo-solutions\/\">express<\/a> <a href=\"https:\/\/hytcargo.com\/fr\/express\/\">exp\u00e9dition<\/a> from china to australia.<\/p>\n\n\n\n<h2 class=\"wp-block-heading\">un seul moyen de transport de la chine vers l'australie<\/h2>\n\n\n\n<h2 class=\"wp-block-heading\">exp\u00e9dition la moins ch\u00e8re de la Chine vers l'Australie<\/h2>\n\n\n\n<p>hytcargo coop\u00e8re avec plus de 10 compagnies maritimes de la Chine \u00e0 l'Australie, nous pouvons nous assurer qu'il y a suffisamment de place dans le transporteur m\u00eame pendant la haute saison avec un prix contractuel comp\u00e9titif.<\/p>\n\n\n\n<p>notre service d'exp\u00e9dition de la chine vers l'australie :<\/p>\n\n\n\n<p>1. du port maritime de Chine au port maritime d'Australie par LCL ou FCL<\/p>\n\n\n\n<p>2. Exp\u00e9dition DDU ou DDP (service porte \u00e0 porte)<\/p>\n\n\n\n<p><\/p>\n\n\n\n<h2 class=\"wp-block-heading\">exp\u00e9dition vers amazon fba australie<\/h2>\n\n\n\n<p>hytcargo peut organiser le transport a\u00e9rien ou maritime DDP vers l'Australie.<\/p>\n\n\n\n<h2 class=\"wp-block-heading\"><\/h2>\n\n\n\n<p>MEL1 :29 National Drive, Dandenong South, Victoria, 3175<\/p>\n\n\n\n<p>BWU1:Moorebank, NSW, 2170, Australie<\/p>\n\n\n\n<p>BNE1:42 Export St, Lytton QLD 4178, Australie<\/p>\n\n\n\n<p><\/p>\n\n\n\n<h2 class=\"wp-block-heading\">fret a\u00e9rien de la chine vers l'australie<\/h2>\n\n\n\n<figure class=\"wp-block-image size-large\"><img fetchpriority=\"high\" decoding=\"async\" width=\"1024\" height=\"516\" src=\"https:\/\/hytcargo.com\/wp-content\/uploads\/2025\/12\/hytcargo253_05_12_2025-1024x516.webp\" alt=\"\" class=\"wp-image-2706\" title=\"\" srcset=\"https:\/\/hytcargo.com\/wp-content\/uploads\/2025\/12\/hytcargo253_05_12_2025-1024x516.webp 1024w, https:\/\/hytcargo.com\/wp-content\/uploads\/2025\/12\/hytcargo253_05_12_2025-300x151.webp 300w, https:\/\/hytcargo.com\/wp-content\/uploads\/2025\/12\/hytcargo253_05_12_2025-768x387.webp 768w, https:\/\/hytcargo.com\/wp-content\/uploads\/2025\/12\/hytcargo253_05_12_2025-1536x774.webp 1536w, https:\/\/hytcargo.com\/wp-content\/uploads\/2025\/12\/hytcargo253_05_12_2025-18x9.webp 18w, https:\/\/hytcargo.com\/wp-content\/uploads\/2025\/12\/hytcargo253_05_12_2025.webp 1566w\" sizes=\"(max-width: 1024px) 100vw, 1024px\"><figcaption><\/figcaption><\/figure>\n\n\n\n<p>hytcargo offers a comprehensive range of <a href=\"https:\/\/hytcargo.com\/fr\/why-your-china-freight-shipping-to-usa-delays\/\">air freight<\/a> services to Australia. With fixed allocation consolidation services, our general air freight from china to australia price are extremely competitive. besides general <a href=\"https:\/\/hytcargo.com\/fr\/awot-china-to-saudi-arabia-sensitive-cargo-air-shipping-compliance-restrictions-risk-control-by-hytcargo\/\">cargaison<\/a>, we also offer inbound and outbound project solutions for large and oversized airfreight movements.<\/p>\n\n\n\n<p>Id\u00e9alement situ\u00e9s \u00e0 proximit\u00e9 de l'a\u00e9roport de Shenzhen Baoan, nous pouvons garantir que vos envois arrivent en parfait \u00e9tat, \u00e0 temps et \u00e0 des prix comp\u00e9titifs.  Nous comprenons bien les demandes des clients en mati\u00e8re de fret a\u00e9rien, c'est pourquoi nous avons mis en place un r\u00e9seau mondial d'affili\u00e9s et entretenu des relations \u00e9troites avec les principales compagnies a\u00e9riennes, afin de proposer des solutions de fret a\u00e9rien \u00e0 la pointe de la technologie.<\/p>\n\n\n\n<p><\/p>\n\n\n\n<h2 class=\"wp-block-heading\">envoi express de la chine vers l'australie<\/h2>\n\n\n\n<figure class=\"wp-block-image size-full\"><img decoding=\"async\" width=\"886\" height=\"824\" src=\"https:\/\/hytcargo.com\/wp-content\/uploads\/2025\/12\/hytcargo01854_05_12_2025.webp\" alt=\"\" class=\"wp-image-2693\" title=\"\" srcset=\"https:\/\/hytcargo.com\/wp-content\/uploads\/2025\/12\/hytcargo01854_05_12_2025.webp 886w, https:\/\/hytcargo.com\/wp-content\/uploads\/2025\/12\/hytcargo01854_05_12_2025-300x279.webp 300w, https:\/\/hytcargo.com\/wp-content\/uploads\/2025\/12\/hytcargo01854_05_12_2025-768x714.webp 768w, https:\/\/hytcargo.com\/wp-content\/uploads\/2025\/12\/hytcargo01854_05_12_2025-13x12.webp 13w\" sizes=\"(max-width: 886px) 100vw, 886px\"><figcaption><\/figcaption><\/figure>\n\n\n\n<h2 class=\"wp-block-heading\">dhl china to australia<\/h2>\n\n\n\n<h2 class=\"wp-block-heading\">Drop Shipping de la Chine vers l'Australie<\/h2>\n\n\n\n<p>hytcargo peut fournir des services d'exp\u00e9dition express, notamment DHL, FedEx, TNT, UPS, SF, etc.<\/p>\n\n\n\n<p>Nous avons une remise d'agent avec eux pour les grandes exp\u00e9ditions, nous pouvons donc envoyer des prix comp\u00e9titifs pour les clients.<\/p>\n\n\n\n<p>Le service express s'entend de porte \u00e0 porte, y compris le d\u00e9douanement et hors taxes.&nbsp;<\/p>\n\n\n\n<p><\/p>\n\n\n\n<h2 class=\"wp-block-heading\">Nos services logistiques vous int\u00e9ressent ?<\/h2>\n\n\n\n<p>\u00a0Besoin d'un soutien suppl\u00e9mentaire et d'informations sp\u00e9cifiques ?<br>Nos experts hytcargo plus de 50 personnes r\u00e9pondent dans les 2 heures.<\/p>\n\n\n\n<p>frais d'exp\u00e9dition de la chine vers l'australie<\/p>\n\n\n\n<p><\/p>\n\n\n\n<h1 class=\"wp-block-heading\">Combien de temps dure l'exp\u00e9dition de la Chine vers l'Australie ?<\/h1>\n\n\n\n<p><a href=\"https:\/\/hytcargo.com\/fr\/what-does-a-shipping-agent-do\/\">fret maritime<\/a> from china to australia<\/p>\n\n\n\n<p>Comme le montrent ces exemples de dur\u00e9es d'exp\u00e9dition, les transporteurs maritimes peuvent acheminer vos envois de la Chine vers l'Australie dans un d\u00e9lai de 12 \u00e0 62 jours :<\/p>\n\n\n\n<ul class=\"wp-block-list\">\n<li>L'exp\u00e9dition de Guangzhou (Chine) \u00e0 Melbourne (Australie) prend environ 24 jours en LCL.<\/li>\n\n\n\n<li>Le transport de Guangzhou (Chine) \u00e0 Sydney (Australie) prend 35 jours FCL.<\/li>\n\n\n\n<li>L'exp\u00e9dition de Fuzhou (Chine) \u00e0 Melbourne (Australie) prend 25 jours LCL.<\/li>\n\n\n\n<li>Le transport de Guangzhou (Chine) \u00e0 Brisbane (Australie) prend 36 jours FCL.<\/li>\n\n\n\n<li>Le transport de Ningbo (Chine) \u00e0 Ad\u00e9la\u00efde (Australie) prend 29 jours FCL.<\/li>\n\n\n\n<li>L'exp\u00e9dition de Ningbo (Chine) \u00e0 Brisbane (Australie) prend 12 jours LCL.<\/li>\n\n\n\n<li>L'exp\u00e9dition de Ningbo (Chine) \u00e0 Melbourne (Australie) prend 23 jours LCL.<\/li>\n\n\n\n<li>L'exp\u00e9dition de Ningbo (Chine) \u00e0 Sydney (Australie) prend 22 jours LCL.<\/li>\n\n\n\n<li>Le transport de Qingdao (Chine) \u00e0 Fremantle (Australie) prend 36 jours FCL.<\/li>\n\n\n\n<li>Le transport de Qingdao (Chine) \u00e0 Sydney (Australie) prend 29 jours FCL, 21 jours LCL.<\/li>\n\n\n\n<li>L'exp\u00e9dition de Qingdao (Chine) \u00e0 Brisbane (Australie) prend 21 jours LCL.<\/li>\n\n\n\n<li>Le transport de Shanghai (Chine) \u00e0 Brisbane (Australie) prend 27 jours FCL.<\/li>\n\n\n\n<li>L'exp\u00e9dition de Shanghai (Chine) \u00e0 Fremantle (Australie) prend 27 jours LCL.<\/li>\n\n\n\n<li>Le transport de Shanghai (Chine) \u00e0 Melbourne (Australie) prend 28 jours FCL, 23 jours LCL.<\/li>\n\n\n\n<li>L'exp\u00e9dition de Shanghai (Chine) \u00e0 Sydney (Australie) prend 27 jours FCL, 19 jours LCL.<\/li>\n\n\n\n<li>Le transport de Shekou (Chine) \u00e0 Melbourne (Australie) prend 25 jours FCL.<\/li>\n\n\n\n<li>L'exp\u00e9dition de Shenzhen (Chine) \u00e0 Brisbane (Australie) prend 19 jours LCL.<\/li>\n\n\n\n<li>L'exp\u00e9dition de Shenzhen (Chine) \u00e0 Sydney (Australie) prend 21 jours LCL.<\/li>\n\n\n\n<li>Le transport de Tianjin (Chine) \u00e0 Sydney (Australie) prend 31 jours FCL, 26 jours LCL.<\/li>\n\n\n\n<li>L'exp\u00e9dition de Wuhan (Chine) \u00e0 Sydney (Australie) prend 36 jours FCL.<\/li>\n\n\n\n<li>L'exp\u00e9dition de Xiamen (Chine) \u00e0 Sydney (Australie) prend 36 jours FCL.<\/li>\n\n\n\n<li>L'exp\u00e9dition de Zhongshan (Chine) \u00e0 Melbourne (Australie) prend 24 jours LCL.<\/li>\n\n\n\n<li>L'exp\u00e9dition de Huangpu (Chine) \u00e0 Ad\u00e9la\u00efde (Australie) prend 62 jours en LCL.<\/li>\n\n\n\n<li>L'exp\u00e9dition de Huangpu (Chine) \u00e0 Brisbane (Australie) prend 24 jours LCL.<\/li>\n\n\n\n<li>L'exp\u00e9dition de Huangpu (Chine) \u00e0 Sydney (Australie) prend 24 jours FCL, 27 jours LCL.<\/li>\n\n\n\n<li>L'exp\u00e9dition de Nansha (Chine) \u00e0 Melbourne (Australie) prend 28 jours en LCL.<\/li>\n\n\n\n<li>Le transport de Nansha (Chine) \u00e0 Sydney (Australie) prend 16 jours FCL, 25 jours LCL.<\/li>\n\n\n\n<li>L'exp\u00e9dition de Zhongshan (Chine) \u00e0 Melbourne (Australie) prend 24 jours LCL.<\/li>\n\n\n\n<li>Le transport de Huangpu (Chine) \u00e0 Melbourne (Australie) prend 27 jours FCL.<\/li>\n<\/ul>\n\n\n\n<h1 class=\"wp-block-heading\">D\u00e9lais d'exp\u00e9dition par avion de la Chine vers l'Australie<\/h1>\n\n\n\n<p>fret a\u00e9rien de la chine vers l'australie<\/p>\n\n\n\n<p>Comme le montre cette liste, votre fret a\u00e9rien de la Chine vers l'Australie peut prendre entre deux et huit jours :<\/p>\n\n\n\n<ul class=\"wp-block-list\">\n<li>De Guangzhou \u00e0 Brisbane-4 jours<\/li>\n\n\n\n<li>De Guangzhou \u00e0 Melbourne-5 jours<\/li>\n\n\n\n<li>De Zhengzhou \u00e0 Brisbane-7 jours<\/li>\n\n\n\n<li>De Chengdu \u00e0 Melbourne - 2 jours<\/li>\n\n\n\n<li>De Beijing-Capitale \u00e0 Brisbane-4 jours<\/li>\n\n\n\n<li>De Beijing-Capital \u00e0 Sydney-8 jours<\/li>\n\n\n\n<li>De Shanghai Pudong \u00e0 Ad\u00e9la\u00efde-2 jours<\/li>\n\n\n\n<li>De Shanghai Pudong ou Xiamen \u00e0 Brisbane - 5 jours<\/li>\n\n\n\n<li>De Shanghai Pudong ou Xiamen \u00e0 Melbourne - 4 jours<\/li>\n\n\n\n<li>De Shanghai Pudong \u00e0 Perth-3 jours<\/li>\n\n\n\n<li>De Shanghai Pudong \u00e0 Sydney-5 jours<\/li>\n\n\n\n<li>De Shenzhen \u00e0 Perth-5 jours<\/li>\n\n\n\n<li>De Shenzhen \u00e0 Brisbane-3 jours<\/li>\n\n\n\n<li>De Shenzhen \u00e0 Sydney-4 jours<\/li>\n\n\n\n<li>De Qingdao \u00e0 Brisbane-6 jours<\/li>\n<\/ul>\n\n\n\n<h2 class=\"wp-block-heading\">Combien de temps faut-il \u00e0 Express DHL pour relier la Chine \u00e0 l'Australie ?<\/h2>\n\n\n\n<p>Le service express prend environ 3 \u00e0 5 jours de la Chine \u00e0 l'Australie.<\/p>\n\n\n\n<p>In a word, <a href=\"https:\/\/hytcargo.com\/fr\/pourquoi-le-transport-maritime-depuis-la-chine-est-il-si-cher\/\">shipping from China<\/a> to Australia: express shipping from china to Australia about 3-5days; air freight shipping about 2-7days; sea freight logistics about 20-35days<\/p>\n\n\n\n<h2 class=\"wp-block-heading\">D\u00e9douanement en Chine et en Australie<\/h2>\n\n\n\n<p>L'\u00e9quipe d'hytcargo vous guidera dans la pr\u00e9paration des documents pour le processus de d\u00e9douanement afin d'\u00e9viter les retards inutiles affectant votre exp\u00e9dition et de garantir la conformit\u00e9 de votre envoi avec les r\u00e8gles et r\u00e9glementations chinoises et australiennes en mati\u00e8re d'exp\u00e9dition.<\/p>\n\n\n\n<p>Importation de Chine en Australie Exigences en mati\u00e8re de d\u00e9douanement<\/p>\n\n\n\n<ol class=\"wp-block-list\">\n<li>Une facture commerciale<\/li>\n\n\n\n<li>Une liste de colisage<\/li>\n\n\n\n<li>Un certificat d'origine<\/li>\n\n\n\n<li>An Airway Bill for air <a href=\"https:\/\/hytcargo.com\/fr\/awot-china-to-saudi-arabia-sensitive-cargo-air-shipping-compliance-restrictions-risk-control-by-hytcargo\/\">cargaison<\/a> or a Bill of Lading for ocean freight (we will send customer once arranged ship out)<\/li>\n<\/ol>\n\n\n\n<p>Veuillez noter qu'il peut vous \u00eatre demand\u00e9 de fournir des documents suppl\u00e9mentaires avec votre envoi. Par exemple, un permis, un certificat ou une licence peut \u00eatre obligatoire pour les marchandises que vous exp\u00e9diez.<\/p>\n\n\n\n<h2 class=\"wp-block-heading\">La taxe australienne sur les importations en provenance de Chine<\/h2>\n\n\n\n<p>La taxe d'importation australienne est divis\u00e9e en deux parties : la TPS et les droits de douane. La m\u00e9thode g\u00e9n\u00e9rale de calcul de la taxe sur les marchandises est la suivante :<\/p>\n\n\n\n<ul class=\"wp-block-list\">\n<li>TPS \u00e0 l'importation = (valeur des marchandises + frais d'exp\u00e9dition \u201c20USD \/ CBM\u201d) + assurance + droits de douane) x 10%<\/li>\n\n\n\n<li>Tarif = valeur des marchandises x taux d'imposition (en g\u00e9n\u00e9ral, le taux d'imposition des marchandises est de 5%-10%)<\/li>\n\n\n\n<li>Les douanes australiennes stipulent que la GST, la TAXE, les droits de douane et les frais de syst\u00e8me douanier sont gratuits lorsque la valeur des marchandises est inf\u00e9rieure \u00e0 1000AUD.<\/li>\n<\/ul>\n\n\n\n<h2 class=\"wp-block-heading\">Pourquoi choisir les \u00c9tats-Unis pour le service de fret<\/h2>\n\n\n\n<ul class=\"wp-block-list\">\n<li>Acc\u00e8s aux consolidations hebdomadaires \u00e0 partir des principaux hubs mondiaux<\/li>\n\n\n\n<li>Acc\u00e8s aux vols \/ lignes maritimes de tous les points d'origine de la Chine vers l'Australie.<\/li>\n\n\n\n<li>Marchandises dangereuses<\/li>\n\n\n\n<li>Services de porte \u00e0 porte<\/li>\n\n\n\n<li>Sp\u00e9cialistes surdimensionn\u00e9s<\/li>\n\n\n\n<li>Options de messagerie pour les petits colis<\/li>\n\n\n\n<li>Cargo de projet - Affr\u00e8tements \u00e0 temps plein\/partiel<\/li>\n\n\n\n<li>Agent accr\u00e9dit\u00e9 par l'Association internationale du transport a\u00e9rien (IATA)<\/li>\n\n\n\n<li>NVOCC<\/li>\n<\/ul>\n\n\n\n<p>En outre, tous les clients re\u00e7oivent un num\u00e9ro de suivi pour contr\u00f4ler l'\u00e9tat de la commande et le mouvement de leurs envois.<\/p>\n\n\n\n<p>hytcargo shipping dispose \u00e9galement de courtiers en douane exp\u00e9riment\u00e9s qui peuvent vous aider \u00e0 effectuer les formalit\u00e9s douani\u00e8res et \u00e0 organiser les mouvements de tiers (triangle) en votre nom.<\/p>\n\n\n\n<h2 class=\"wp-block-heading\">Amazon FBA Australia Locations 1-29 National Dr, Dandenong South VIC 3175<\/h2>\n\n\n\n<p><a href=\"https:\/\/hytcargo.com\/fr\/service\/\">Amazon<\/a> FBA Australia Locations 1-29 National Dr, Dandenong South VIC 3175<\/p>\n\n\n\n<p><a href=\"https:\/\/hytcargo.com\/fr\/service\/\">Amazon<\/a> FBA Australia Locations only has one warehouse which in Melbourne city, not far from Melbourne seaports.<\/p>\n\n\n\n<p>Envoyer les produits de la Chine vers l'Australie par fret maritime peut se faire du port de Shenzhen \/ Shanghai directement au port de Melbourne, le bateau part de Shenzhen et prend 12 jours ~ 15 ~ jours d'arriv\u00e9e, tr\u00e8s rapide !<\/p>\n\n\n\n<p>Veuillez noter que le co\u00fbt final d\u00e9pend du nom du produit, de son poids et de son volume, ainsi que du mode d'exp\u00e9dition.<\/p>\n\n\n\n<h4 class=\"wp-block-heading\">\u00c9tape 1 : v\u00e9rification de la demande du client en mati\u00e8re de fret (1-2 heures)<\/h4>\n\n\n\n<p>Via quelques informations de base : nom du produit, poids, volume, nous envoyons un devis et confirmons le mode d'exp\u00e9dition.<\/p>\n\n\n\n<h4 class=\"wp-block-heading\">\u00c9tape 2 : Consolidation (1-3 jours)<\/h4>\n\n\n\n<p>hytcargo contact supply envoie les marchandises \u00e0 notre entrep\u00f4t ou nous les r\u00e9cup\u00e9rons pour vous.<\/p>\n\n\n\n<h4 class=\"wp-block-heading\">\u00c9tape 3 : Exp\u00e9dition par voie a\u00e9rienne ou maritime<\/h4>\n\n\n\n<p>Nous nous occupons de l'envoi de vos marchandises dans votre pays (port maritime, port a\u00e9rien ou porte \u00e0 porte).<\/p>\n\n\n\n<h4 class=\"wp-block-heading\">\u00c9tape 4 : Suivi<\/h4>\n\n\n\n<p>Une fois les marchandises exp\u00e9di\u00e9es, nous vous enverrons le num\u00e9ro de suivi, vous pourrez ainsi v\u00e9rifier l'\u00e9tat de la marchandise \u00e0 tout moment.<\/p>\n\n\n\n<h4 class=\"wp-block-heading\">\u00c9tape 5 : Arriv\u00e9e<\/h4>\n\n\n\n<p>Nous fixerons un rendez-vous pour l'enl\u00e8vement de vos marchandises.<\/p>\n\n\n\n<p><\/p>\n<\/div><\/div>\n\t\t\t\t\t\t<\/div>\n\t\t\t\t\t<\/div>\n\t\t\t\t<\/div>\n\t\t\t\t<\/div>","protected":false},"excerpt":{"rendered":"","protected":false},"author":1,"featured_media":0,"parent":0,"menu_order":0,"comment_status":"closed","ping_status":"closed","template":"","meta":{"site-sidebar-layout":"no-sidebar","site-content-layout":"","ast-site-content-layout":"full-width-container","site-content-style":"default","site-sidebar-style":"default","ast-global-header-display":"","ast-banner-title-visibility":"","ast-main-header-display":"","ast-hfb-above-header-display":"","ast-hfb-below-header-display":"","ast-hfb-mobile-header-display":"","site-post-title":"disabled","ast-breadcrumbs-content":"","ast-featured-img":"disabled","footer-sml-layout":"","theme-transparent-header-meta":"","adv-header-id-meta":"","stick-header-meta":"","header-above-stick-meta":"","header-main-stick-meta":"","header-below-stick-meta":"","astra-migrate-meta-layouts":"default","ast-page-background-enabled":"default","ast-page-background-meta":{"desktop":{"background-color":"var(--ast-global-color-5)","background-image":"","background-repeat":"repeat","background-position":"center center","background-size":"auto","background-attachment":"scroll","background-type":"","background-media":"","overlay-type":"","overlay-color":"","overlay-opacity":"","overlay-gradient":""},"tablet":{"background-color":"","background-image":"","background-repeat":"repeat","background-position":"center center","background-size":"auto","background-attachment":"scroll","background-type":"","background-media":"","overlay-type":"","overlay-color":"","overlay-opacity":"","overlay-gradient":""},"mobile":{"background-color":"","background-image":"","background-repeat":"repeat","background-position":"center center","background-size":"auto","background-attachment":"scroll","background-type":"","background-media":"","overlay-type":"","overlay-color":"","overlay-opacity":"","overlay-gradient":""}},"ast-content-background-meta":{"desktop":{"background-color":"var(--ast-global-color-4)","background-image":"","background-repeat":"repeat","background-position":"center center","background-size":"auto","background-attachment":"scroll","background-type":"","background-media":"","overlay-type":"","overlay-color":"","overlay-opacity":"","overlay-gradient":""},"tablet":{"background-color":"var(--ast-global-color-4)","background-image":"","background-repeat":"repeat","background-position":"center center","background-size":"auto","background-attachment":"scroll","background-type":"","background-media":"","overlay-type":"","overlay-color":"","overlay-opacity":"","overlay-gradient":""},"mobile":{"background-color":"var(--ast-global-color-4)","background-image":"","background-repeat":"repeat","background-position":"center center","background-size":"auto","background-attachment":"scroll","background-type":"","background-media":"","overlay-type":"","overlay-color":"","overlay-opacity":"","overlay-gradient":""}},"footnotes":""},"class_list":["post-2182","page","type-page","status-publish","hentry"],"_links":{"self":[{"href":"https:\/\/hytcargo.com\/fr\/wp-json\/wp\/v2\/pages\/2182","targetHints":{"allow":["GET"]}}],"collection":[{"href":"https:\/\/hytcargo.com\/fr\/wp-json\/wp\/v2\/pages"}],"about":[{"href":"https:\/\/hytcargo.com\/fr\/wp-json\/wp\/v2\/types\/page"}],"author":[{"embeddable":true,"href":"https:\/\/hytcargo.com\/fr\/wp-json\/wp\/v2\/users\/1"}],"replies":[{"embeddable":true,"href":"https:\/\/hytcargo.com\/fr\/wp-json\/wp\/v2\/comments?post=2182"}],"version-history":[{"count":4,"href":"https:\/\/hytcargo.com\/fr\/wp-json\/wp\/v2\/pages\/2182\/revisions"}],"predecessor-version":[{"id":2737,"href":"https:\/\/hytcargo.com\/fr\/wp-json\/wp\/v2\/pages\/2182\/revisions\/2737"}],"wp:attachment":[{"href":"https:\/\/hytcargo.com\/fr\/wp-json\/wp\/v2\/media?parent=2182"}],"curies":[{"name":"wp","href":"https:\/\/api.w.org\/{rel}","templated":true}]}}