{"id":13,"date":"2025-09-09T02:46:27","date_gmt":"2025-09-09T02:46:27","guid":{"rendered":"https:\/\/hytcargo.com\/?page_id=13"},"modified":"2025-12-07T12:40:18","modified_gmt":"2025-12-07T12:40:18","slug":"a-propos-de","status":"publish","type":"page","link":"https:\/\/hytcargo.com\/fr\/a-propos-de\/","title":{"rendered":"A propos de"},"content":{"rendered":"<div data-elementor-type=\"wp-page\" data-elementor-id=\"13\" class=\"elementor elementor-13\" data-elementor-post-type=\"page\">\n\t\t\t\t<div class=\"elementor-element elementor-element-b539ea8 e-flex e-con-boxed e-con e-parent\" data-id=\"b539ea8\" data-element_type=\"container\" data-e-type=\"container\">\n\t\t\t\t\t<div class=\"e-con-inner\">\n\t\t\t\t<div class=\"elementor-element elementor-element-85e31e9 elementor-widget elementor-widget-heading\" data-id=\"85e31e9\" data-element_type=\"widget\" data-e-type=\"widget\" data-widget_type=\"heading.default\">\n\t\t\t\t\t<h2 class=\"elementor-heading-title elementor-size-default\">15 ANS ET PLUS D'EXP\u00c9RIENCE DANS LE DOMAINE DU TRANSPORT MARITIME<\/h2>\t\t\t\t<\/div>\n\t\t\t\t\t<\/div>\n\t\t\t\t<\/div>\n\t\t<div class=\"elementor-element elementor-element-d514ada e-flex e-con-boxed e-con e-parent\" data-id=\"d514ada\" data-element_type=\"container\" data-e-type=\"container\">\n\t\t\t\t\t<div class=\"e-con-inner\">\n\t\t<div class=\"elementor-element elementor-element-08998e0 e-con-full e-flex e-con e-child\" data-id=\"08998e0\" data-element_type=\"container\" data-e-type=\"container\">\n\t\t\t\t<div class=\"elementor-element elementor-element-3cd49b2 elementor-widget elementor-widget-image\" data-id=\"3cd49b2\" data-element_type=\"widget\" data-e-type=\"widget\" data-widget_type=\"image.default\">\n\t\t\t\t\t\t\t\t\t\t\t\t\t\t\t<img fetchpriority=\"high\" decoding=\"async\" width=\"474\" height=\"711\" src=\"https:\/\/hytcargo.com\/wp-content\/uploads\/2025\/11\/ABOUT1_28_11_2025.webp\" class=\"attachment-large size-large wp-image-2247\" alt=\"\" srcset=\"https:\/\/hytcargo.com\/wp-content\/uploads\/2025\/11\/ABOUT1_28_11_2025.webp 474w, https:\/\/hytcargo.com\/wp-content\/uploads\/2025\/11\/ABOUT1_28_11_2025-200x300.webp 200w\" sizes=\"(max-width: 474px) 100vw, 474px\" title=\"\">\t\t\t\t\t\t\t\t\t\t\t\t\t\t\t<\/div>\n\t\t\t\t<\/div>\n\t\t<div class=\"elementor-element elementor-element-3eefafc e-con-full e-flex e-con e-child\" data-id=\"3eefafc\" data-element_type=\"container\" data-e-type=\"container\">\n\t\t\t\t<div class=\"elementor-element elementor-element-690c0e4 elementor-widget elementor-widget-heading\" data-id=\"690c0e4\" data-element_type=\"widget\" data-e-type=\"widget\" data-widget_type=\"heading.default\">\n\t\t\t\t\t<h2 class=\"elementor-heading-title elementor-size-default\">\u00c0 propos de nous<\/h2>\t\t\t\t<\/div>\n\t\t\t\t<div class=\"elementor-element elementor-element-c57196d elementor-widget elementor-widget-text-editor\" data-id=\"c57196d\" data-element_type=\"widget\" data-e-type=\"widget\" data-widget_type=\"text-editor.default\">\n\t\t\t\t\t\t\t\t\t<p><a href=\"https:\/\/hytcargo.com\/fr\/expedition-de-la-chine-vers-laustralie-2\/\">hytcargo<\/a> <a href=\"https:\/\/hytcargo.com\/fr\/express\/\">Exp\u00e9dition<\/a> Co.,ltd head office in Shenzhen with an investment of USD five million. hytcargo is one of the leading international logistics companies in China with a backing of experienced and professionally trained staffs spreading over the country with branches in Guangzhou, Shanghai, Hongkong, Changsha, Yiwu with over 100 members of staff. we focus on the logistics service for e-business and provide <a href=\"https:\/\/hytcargo.com\/fr\/why-your-china-freight-shipping-to-usa-delays\/\">air freight<\/a>, <a href=\"https:\/\/hytcargo.com\/fr\/what-does-a-shipping-agent-do\/\">fret maritime<\/a>, warehouse, customs clearance, <a href=\"https:\/\/hytcargo.com\/fr\/npsel-china-to-saudi-arabia-express-delivery-service-guide-dhl-ups-fedex-transit-time-process-and-hytcargo-solutions\/\">express<\/a> service, etc. Through hytcargo \u2019s one station international logistics service and value-added service, a foreign buyer can enjoy a user experience for Chinese e-business<\/p>\t\t\t\t\t\t\t\t<\/div>\n\t\t\t\t<\/div>\n\t\t\t\t\t<\/div>\n\t\t\t\t<\/div>\n\t\t<div class=\"elementor-element elementor-element-430528f e-flex e-con-boxed e-con e-parent\" data-id=\"430528f\" data-element_type=\"container\" data-e-type=\"container\">\n\t\t\t\t\t<div class=\"e-con-inner\">\n\t\t\t\t<div class=\"elementor-element elementor-element-7943014 elementor-grid-4 elementor-posts--thumbnail-none elementor-grid-tablet-2 elementor-grid-mobile-1 elementor-card-shadow-yes elementor-posts__hover-gradient elementor-widget elementor-widget-posts\" data-id=\"7943014\" data-element_type=\"widget\" data-e-type=\"widget\" data-settings=\"{&quot;cards_columns&quot;:&quot;4&quot;,&quot;pagination_type&quot;:&quot;prev_next&quot;,&quot;cards_columns_tablet&quot;:&quot;2&quot;,&quot;cards_columns_mobile&quot;:&quot;1&quot;,&quot;cards_row_gap&quot;:{&quot;unit&quot;:&quot;px&quot;,&quot;size&quot;:35,&quot;sizes&quot;:[]},&quot;cards_row_gap_tablet&quot;:{&quot;unit&quot;:&quot;px&quot;,&quot;size&quot;:&quot;&quot;,&quot;sizes&quot;:[]},&quot;cards_row_gap_mobile&quot;:{&quot;unit&quot;:&quot;px&quot;,&quot;size&quot;:&quot;&quot;,&quot;sizes&quot;:[]}}\" data-widget_type=\"posts.cards\">\n\t\t\t\t<div class=\"elementor-widget-container\">\n\t\t\t\t\t\t\t<div class=\"elementor-posts-container elementor-posts elementor-posts--skin-cards elementor-grid\" role=\"list\">\n\t\t\t\t<article class=\"elementor-post elementor-grid-item post-3082 post type-post status-publish format-standard has-post-thumbnail hentry category-uncategorized\" role=\"listitem\">\n\t\t\t<div class=\"elementor-post__card\">\n\t\t\t\t<div class=\"elementor-post__text\">\n\t\t\t\t<h3 class=\"elementor-post__title\">\n\t\t\t<a href=\"https:\/\/hytcargo.com\/fr\/international-shipping-to-mexico-from-usa-cross-border-trucking-air-sea-freight-hytcargo\/\" target=\"&quot;_blank&quot;\">\n\t\t\t\tInternational Shipping to Mexico from USA | Cross-Border Trucking, Air &amp; Sea Freight | hytcargo\t\t\t<\/a>\n\t\t<\/h3>\n\t\t\t\t<\/div>\n\t\t\t\t\t<\/div>\n\t\t<\/article>\n\t\t\t\t<article class=\"elementor-post elementor-grid-item post-3079 post type-post status-publish format-standard has-post-thumbnail hentry category-uncategorized\" role=\"listitem\">\n\t\t\t<div class=\"elementor-post__card\">\n\t\t\t\t<div class=\"elementor-post__text\">\n\t\t\t\t<h3 class=\"elementor-post__title\">\n\t\t\t<a href=\"https:\/\/hytcargo.com\/fr\/freight-forwarder-uk-to-india-shipping-from-china-the-2026-practical-guide-by-hyt-cargo\/\" target=\"&quot;_blank&quot;\">\n\t\t\t\tFreight Forwarder UK to India &amp; Shipping from China: The 2026 Practical Guide by HYT Cargo\t\t\t<\/a>\n\t\t<\/h3>\n\t\t\t\t<\/div>\n\t\t\t\t\t<\/div>\n\t\t<\/article>\n\t\t\t\t<article class=\"elementor-post elementor-grid-item post-3032 post type-post status-publish format-standard hentry category-uncategorized\" role=\"listitem\">\n\t\t\t<div class=\"elementor-post__card\">\n\t\t\t\t<div class=\"elementor-post__text\">\n\t\t\t\t<h3 class=\"elementor-post__title\">\n\t\t\t<a href=\"https:\/\/hytcargo.com\/fr\/your-complete-guide-to-freight-forwarder-cargo-insurance-protect-your-shipments-with-confidence\/\" target=\"&quot;_blank&quot;\">\n\t\t\t\tYour Complete Guide to Freight Forwarder Cargo Insurance: Protect Your Shipments with Confidence\t\t\t<\/a>\n\t\t<\/h3>\n\t\t\t\t<\/div>\n\t\t\t\t\t<\/div>\n\t\t<\/article>\n\t\t\t\t<article class=\"elementor-post elementor-grid-item post-3022 post type-post status-publish format-standard hentry category-uncategorized\" role=\"listitem\">\n\t\t\t<div class=\"elementor-post__card\">\n\t\t\t\t<div class=\"elementor-post__text\">\n\t\t\t\t<h3 class=\"elementor-post__title\">\n\t\t\t<a href=\"https:\/\/hytcargo.com\/fr\/hytcargo-your-trusted-partner-in-china-netherlands-logistics\/\" target=\"&quot;_blank&quot;\">\n\t\t\t\thytcargo: Your Trusted Partner in China\u2013Netherlands Logistics\t\t\t<\/a>\n\t\t<\/h3>\n\t\t\t\t<\/div>\n\t\t\t\t\t<\/div>\n\t\t<\/article>\n\t\t\t\t<\/div>\n\t\t\n\t\t\t\t<div class=\"e-load-more-anchor\" data-page=\"1\" data-max-page=\"27\" data-next-page=\"https:\/\/hytcargo.com\/wp-json\/wp\/v2\/pages\/13\/page\/2\/\"><\/div>\n\t\t\t\t<nav class=\"elementor-pagination\" aria-label=\"Pagination\">\n\t\t\t<span class=\"page-numbers prev\">\u00ab Pr\u00e9c\u00e9dent<\/span>\n<a class=\"page-numbers next\" href=\"https:\/\/hytcargo.com\/wp-json\/wp\/v2\/pages\/13\/page\/2\/\">Suivant \u00bb<\/a>\t\t<\/nav>\n\t\t\t\t\t\t<\/div>\n\t\t\t\t<\/div>\n\t\t\t\t\t<\/div>\n\t\t\t\t<\/div>\n\t\t<div class=\"elementor-element elementor-element-17767a5 e-flex e-con-boxed e-con e-parent\" data-id=\"17767a5\" data-element_type=\"container\" data-e-type=\"container\">\n\t\t\t\t\t<div class=\"e-con-inner\">\n\t\t\t\t<div class=\"elementor-element elementor-element-7c65d60 elementor-widget elementor-widget-heading\" data-id=\"7c65d60\" data-element_type=\"widget\" data-e-type=\"widget\" data-widget_type=\"heading.default\">\n\t\t\t\t\t<h1 class=\"elementor-heading-title elementor-size-default\">R\u00e9ussir dans les services<\/h1>\t\t\t\t<\/div>\n\t\t\t\t\t<\/div>\n\t\t\t\t<\/div>\n\t\t<div class=\"elementor-element elementor-element-933d9ff e-flex e-con-boxed e-con e-parent\" data-id=\"933d9ff\" data-element_type=\"container\" data-e-type=\"container\">\n\t\t\t\t\t<div class=\"e-con-inner\">\n\t\t<div class=\"elementor-element elementor-element-be2cc8a e-con-full e-flex e-con e-child\" data-id=\"be2cc8a\" data-element_type=\"container\" data-e-type=\"container\">\n\t\t\t\t<div class=\"elementor-element elementor-element-f4aa3f5 elementor-widget elementor-widget-image\" data-id=\"f4aa3f5\" data-element_type=\"widget\" data-e-type=\"widget\" data-widget_type=\"image.default\">\n\t\t\t\t\t\t\t\t\t\t\t\t\t\t\t<img decoding=\"async\" width=\"400\" height=\"266\" src=\"https:\/\/hytcargo.com\/wp-content\/uploads\/2025\/09\/Untitled-design-1.webp\" class=\"attachment-large size-large wp-image-310\" alt=\"\" srcset=\"https:\/\/hytcargo.com\/wp-content\/uploads\/2025\/09\/Untitled-design-1.webp 400w, https:\/\/hytcargo.com\/wp-content\/uploads\/2025\/09\/Untitled-design-1-300x200.webp 300w\" sizes=\"(max-width: 400px) 100vw, 400px\" title=\"\">\t\t\t\t\t\t\t\t\t\t\t\t\t\t\t<\/div>\n\t\t\t\t<\/div>\n\t\t<div class=\"elementor-element elementor-element-9998956 e-con-full e-flex e-con e-child\" data-id=\"9998956\" data-element_type=\"container\" data-e-type=\"container\">\n\t\t\t\t<div class=\"elementor-element elementor-element-0793d08 elementor-widget elementor-widget-heading\" data-id=\"0793d08\" data-element_type=\"widget\" data-e-type=\"widget\" data-widget_type=\"heading.default\">\n\t\t\t\t\t<h4 class=\"elementor-heading-title elementor-size-default\">CLIENTS DANS LE MONDE ENTIER<\/h4>\t\t\t\t<\/div>\n\t\t\t\t<div class=\"elementor-element elementor-element-82024a1 elementor-widget elementor-widget-text-editor\" data-id=\"82024a1\" data-element_type=\"widget\" data-e-type=\"widget\" data-widget_type=\"text-editor.default\">\n\t\t\t\t\t\t\t\t\t<p>hytcargo fournit des services de logistique internationale de la Chine vers le monde entier. Nous ne nous contentons pas de faire des affaires, nous souhaitons \u00e9galement \u00e9tablir de longues relations d'amiti\u00e9 avec nos clients.<\/p>\t\t\t\t\t\t\t\t<\/div>\n\t\t\t\t<\/div>\n\t\t<div class=\"elementor-element elementor-element-ba16b33 e-con-full e-flex e-con e-child\" data-id=\"ba16b33\" data-element_type=\"container\" data-e-type=\"container\">\n\t\t\t\t<div class=\"elementor-element elementor-element-5ffb559 elementor-widget elementor-widget-image\" data-id=\"5ffb559\" data-element_type=\"widget\" data-e-type=\"widget\" data-widget_type=\"image.default\">\n\t\t\t\t\t\t\t\t\t\t\t\t\t\t\t<img decoding=\"async\" width=\"1024\" height=\"766\" src=\"https:\/\/hytcargo.com\/wp-content\/uploads\/2025\/11\/ABOUT2_28_11_2025-1024x766.webp\" class=\"attachment-large size-large wp-image-2251\" alt=\"\" srcset=\"https:\/\/hytcargo.com\/wp-content\/uploads\/2025\/11\/ABOUT2_28_11_2025-1024x766.webp 1024w, https:\/\/hytcargo.com\/wp-content\/uploads\/2025\/11\/ABOUT2_28_11_2025-300x224.webp 300w, https:\/\/hytcargo.com\/wp-content\/uploads\/2025\/11\/ABOUT2_28_11_2025-768x574.webp 768w, https:\/\/hytcargo.com\/wp-content\/uploads\/2025\/11\/ABOUT2_28_11_2025.webp 1027w\" sizes=\"(max-width: 1024px) 100vw, 1024px\" title=\"\">\t\t\t\t\t\t\t\t\t\t\t\t\t\t\t<\/div>\n\t\t\t\t<\/div>\n\t\t\t\t\t<\/div>\n\t\t\t\t<\/div>\n\t\t<div class=\"elementor-element elementor-element-16c8b03 e-flex e-con-boxed e-con e-parent\" data-id=\"16c8b03\" data-element_type=\"container\" data-e-type=\"container\">\n\t\t\t\t\t<div class=\"e-con-inner\">\n\t\t<div class=\"elementor-element elementor-element-69c9cde e-con-full e-flex e-con e-child\" data-id=\"69c9cde\" data-element_type=\"container\" data-e-type=\"container\">\n\t\t\t\t<div class=\"elementor-element elementor-element-31a551e elementor-widget elementor-widget-heading\" data-id=\"31a551e\" data-element_type=\"widget\" data-e-type=\"widget\" data-widget_type=\"heading.default\">\n\t\t\t\t\t<h4 class=\"elementor-heading-title elementor-size-default\">Consolidation de l'entreposage<\/h4>\t\t\t\t<\/div>\n\t\t\t\t<div class=\"elementor-element elementor-element-f1762a4 elementor-widget elementor-widget-text-editor\" data-id=\"f1762a4\" data-element_type=\"widget\" data-e-type=\"widget\" data-widget_type=\"text-editor.default\">\n\t\t\t\t\t\t\t\t\t<p>Consolidation dans l'entrep\u00f4t chinois des fournisseurs de la plupart des grandes villes chinoises, telles que Shenzhem, Guangzhou, Ningbo, Shanghai, Xiamen, etc.<\/p>\t\t\t\t\t\t\t\t<\/div>\n\t\t\t\t<div class=\"elementor-element elementor-element-75cb396 elementor-widget elementor-widget-heading\" data-id=\"75cb396\" data-element_type=\"widget\" data-e-type=\"widget\" data-widget_type=\"heading.default\">\n\t\t\t\t\t<h5 class=\"elementor-heading-title elementor-size-default\">Stockage gratuit si +2000 commandes par mois, ou moins de 1CBM.<\/h5>\t\t\t\t<\/div>\n\t\t\t\t<div class=\"elementor-element elementor-element-17b282b elementor-widget elementor-widget-heading\" data-id=\"17b282b\" data-element_type=\"widget\" data-e-type=\"widget\" data-widget_type=\"heading.default\">\n\t\t\t\t\t<h4 class=\"elementor-heading-title elementor-size-default\">Stockage gratuit pendant 30 jours<\/h4>\t\t\t\t<\/div>\n\t\t\t\t<\/div>\n\t\t<div class=\"elementor-element elementor-element-231fb8b e-con-full e-flex e-con e-child\" data-id=\"231fb8b\" data-element_type=\"container\" data-e-type=\"container\">\n\t\t\t\t<div class=\"elementor-element elementor-element-5c60cff elementor-widget elementor-widget-image\" data-id=\"5c60cff\" data-element_type=\"widget\" data-e-type=\"widget\" data-widget_type=\"image.default\">\n\t\t\t\t\t\t\t\t\t\t\t\t\t\t\t<img loading=\"lazy\" decoding=\"async\" width=\"1024\" height=\"1024\" src=\"https:\/\/hytcargo.com\/wp-content\/uploads\/2025\/11\/about3_28_11_2025-1024x1024.webp\" class=\"attachment-large size-large wp-image-2255\" alt=\"\" srcset=\"https:\/\/hytcargo.com\/wp-content\/uploads\/2025\/11\/about3_28_11_2025-1024x1024.webp 1024w, https:\/\/hytcargo.com\/wp-content\/uploads\/2025\/11\/about3_28_11_2025-300x300.webp 300w, https:\/\/hytcargo.com\/wp-content\/uploads\/2025\/11\/about3_28_11_2025-150x150.webp 150w, https:\/\/hytcargo.com\/wp-content\/uploads\/2025\/11\/about3_28_11_2025-768x768.webp 768w, https:\/\/hytcargo.com\/wp-content\/uploads\/2025\/11\/about3_28_11_2025.webp 1242w\" sizes=\"(max-width: 1024px) 100vw, 1024px\" title=\"\">\t\t\t\t\t\t\t\t\t\t\t\t\t\t\t<\/div>\n\t\t\t\t<\/div>\n\t\t<div class=\"elementor-element elementor-element-e1aa0f5 e-con-full e-flex e-con e-child\" data-id=\"e1aa0f5\" data-element_type=\"container\" data-e-type=\"container\">\n\t\t\t\t<div class=\"elementor-element elementor-element-130ab55 elementor-widget elementor-widget-heading\" data-id=\"130ab55\" data-element_type=\"widget\" data-e-type=\"widget\" data-widget_type=\"heading.default\">\n\t\t\t\t\t<h4 class=\"elementor-heading-title elementor-size-default\">Garder l'\u00e9tude<\/h4>\t\t\t\t<\/div>\n\t\t\t\t<div class=\"elementor-element elementor-element-45b7680 elementor-widget elementor-widget-text-editor\" data-id=\"45b7680\" data-element_type=\"widget\" data-e-type=\"widget\" data-widget_type=\"text-editor.default\">\n\t\t\t\t\t\t\t\t\t<p>Notre \u00e9quipe continuera d'\u00e9tudier et de progresser afin de pouvoir travailler de mani\u00e8re intelligente et professionnelle.<\/p>\t\t\t\t\t\t\t\t<\/div>\n\t\t\t\t<\/div>\n\t\t\t\t\t<\/div>\n\t\t\t\t<\/div>\n\t\t<div class=\"elementor-element elementor-element-5e5df43 e-flex e-con-boxed e-con e-parent\" data-id=\"5e5df43\" data-element_type=\"container\" data-e-type=\"container\">\n\t\t\t\t\t<div class=\"e-con-inner\">\n\t\t\t\t<div class=\"elementor-element elementor-element-2f5b01e elementor-widget elementor-widget-heading\" data-id=\"2f5b01e\" data-element_type=\"widget\" data-e-type=\"widget\" data-widget_type=\"heading.default\">\n\t\t\t\t\t<h1 class=\"elementor-heading-title elementor-size-default\">\u00c9quipe de vente professionnelle<\/h1>\t\t\t\t<\/div>\n\t\t\t\t<div class=\"elementor-element elementor-element-ec5cff3 elementor-widget elementor-widget-text-editor\" data-id=\"ec5cff3\" data-element_type=\"widget\" data-e-type=\"widget\" data-widget_type=\"text-editor.default\">\n\t\t\t\t\t\t\t\t\t<p>Nous avons plus de 50 vendeurs en ligne, et l'\u00e9quipe op\u00e9rationnelle a plus de 5 ans d'exp\u00e9rience.<\/p>\t\t\t\t\t\t\t\t<\/div>\n\t\t\t\t<div class=\"elementor-element elementor-element-6899a58 elementor-widget elementor-widget-heading\" data-id=\"6899a58\" data-element_type=\"widget\" data-e-type=\"widget\" data-widget_type=\"heading.default\">\n\t\t\t\t\t<h2 class=\"elementor-heading-title elementor-size-default\">FBA\/DDP\/DDU\/AIR FREIGHT\/SEA FREIGHT\/EXPRESS\/ DROPSHIPPING\/CONSOLIDATION\/ORDER FUFILMENT<\/h2>\t\t\t\t<\/div>\n\t\t\t\t\t<\/div>\n\t\t\t\t<\/div>\n\t\t<div class=\"elementor-element elementor-element-171be1b e-flex e-con-boxed e-con e-parent\" data-id=\"171be1b\" data-element_type=\"container\" data-e-type=\"container\">\n\t\t\t\t\t<div class=\"e-con-inner\">\n\t\t<div class=\"elementor-element elementor-element-e6724cc e-con-full e-flex e-con e-child\" data-id=\"e6724cc\" data-element_type=\"container\" data-e-type=\"container\">\n\t\t\t\t<div class=\"elementor-element elementor-element-161232e elementor-widget elementor-widget-image\" data-id=\"161232e\" data-element_type=\"widget\" data-e-type=\"widget\" data-widget_type=\"image.default\">\n\t\t\t\t\t\t\t\t\t\t\t\t\t\t\t<img loading=\"lazy\" decoding=\"async\" width=\"659\" height=\"531\" src=\"https:\/\/hytcargo.com\/wp-content\/uploads\/2025\/09\/solution-based-selling.jpg\" class=\"attachment-large size-large wp-image-336\" alt=\"\" srcset=\"https:\/\/hytcargo.com\/wp-content\/uploads\/2025\/09\/solution-based-selling.jpg 659w, https:\/\/hytcargo.com\/wp-content\/uploads\/2025\/09\/solution-based-selling-300x242.jpg 300w\" sizes=\"(max-width: 659px) 100vw, 659px\" title=\"\">\t\t\t\t\t\t\t\t\t\t\t\t\t\t\t<\/div>\n\t\t\t\t<\/div>\n\t\t<div class=\"elementor-element elementor-element-1da848c e-con-full e-flex e-con e-child\" data-id=\"1da848c\" data-element_type=\"container\" data-e-type=\"container\">\n\t\t\t\t<div class=\"elementor-element elementor-element-cfa06fb elementor-widget elementor-widget-image\" data-id=\"cfa06fb\" data-element_type=\"widget\" data-e-type=\"widget\" data-widget_type=\"image.default\">\n\t\t\t\t\t\t\t\t\t\t\t\t\t\t\t<img loading=\"lazy\" decoding=\"async\" width=\"1024\" height=\"761\" src=\"https:\/\/hytcargo.com\/wp-content\/uploads\/2025\/11\/20251128005203_349_268_28_11_2025-1024x761.webp\" class=\"attachment-large size-large wp-image-2276\" alt=\"\" srcset=\"https:\/\/hytcargo.com\/wp-content\/uploads\/2025\/11\/20251128005203_349_268_28_11_2025-1024x761.webp 1024w, https:\/\/hytcargo.com\/wp-content\/uploads\/2025\/11\/20251128005203_349_268_28_11_2025-300x223.webp 300w, https:\/\/hytcargo.com\/wp-content\/uploads\/2025\/11\/20251128005203_349_268_28_11_2025-768x571.webp 768w, https:\/\/hytcargo.com\/wp-content\/uploads\/2025\/11\/20251128005203_349_268_28_11_2025.webp 1290w\" sizes=\"(max-width: 1024px) 100vw, 1024px\" title=\"\">\t\t\t\t\t\t\t\t\t\t\t\t\t\t\t<\/div>\n\t\t\t\t<\/div>\n\t\t<div class=\"elementor-element elementor-element-2d6b201 e-con-full e-flex e-con e-child\" data-id=\"2d6b201\" data-element_type=\"container\" data-e-type=\"container\">\n\t\t\t\t<div class=\"elementor-element elementor-element-ce04be1 elementor-widget elementor-widget-image\" data-id=\"ce04be1\" data-element_type=\"widget\" data-e-type=\"widget\" data-widget_type=\"image.default\">\n\t\t\t\t\t\t\t\t\t\t\t\t\t\t\t<img loading=\"lazy\" decoding=\"async\" width=\"660\" height=\"500\" src=\"https:\/\/hytcargo.com\/wp-content\/uploads\/2025\/11\/20251128005300_351_268_28_11_2025.webp\" class=\"attachment-large size-large wp-image-2277\" alt=\"\" srcset=\"https:\/\/hytcargo.com\/wp-content\/uploads\/2025\/11\/20251128005300_351_268_28_11_2025.webp 660w, https:\/\/hytcargo.com\/wp-content\/uploads\/2025\/11\/20251128005300_351_268_28_11_2025-300x227.webp 300w\" sizes=\"(max-width: 660px) 100vw, 660px\" title=\"\">\t\t\t\t\t\t\t\t\t\t\t\t\t\t\t<\/div>\n\t\t\t\t<\/div>\n\t\t\t\t\t<\/div>\n\t\t\t\t<\/div>\n\t\t<div class=\"elementor-element elementor-element-9ebe476 e-flex e-con-boxed e-con e-parent\" data-id=\"9ebe476\" data-element_type=\"container\" data-e-type=\"container\">\n\t\t\t\t\t<div class=\"e-con-inner\">\n\t\t\t\t<div class=\"elementor-element elementor-element-81fb1d8 elementor-widget elementor-widget-heading\" data-id=\"81fb1d8\" data-element_type=\"widget\" data-e-type=\"widget\" data-widget_type=\"heading.default\">\n\t\t\t\t\t<h1 class=\"elementor-heading-title elementor-size-default\">Faciliter le service d'exp\u00e9dition<\/h1>\t\t\t\t<\/div>\n\t\t\t\t<div class=\"elementor-element elementor-element-fea9c7c elementor-widget elementor-widget-heading\" data-id=\"fea9c7c\" data-element_type=\"widget\" data-e-type=\"widget\" data-widget_type=\"heading.default\">\n\t\t\t\t\t<h3 class=\"elementor-heading-title elementor-size-default\">La solution logistique \u00e0 guichet unique rend la logistique s\u00fbre, facile et rapide. <\/h3>\t\t\t\t<\/div>\n\t\t\t\t<div class=\"elementor-element elementor-element-f652811 elementor-align-center elementor-widget elementor-widget-button\" data-id=\"f652811\" data-element_type=\"widget\" data-e-type=\"widget\" data-widget_type=\"button.default\">\n\t\t\t\t\t\t\t\t\t\t<a class=\"elementor-button elementor-button-link elementor-size-sm\" href=\"#\">\n\t\t\t\t\t\t<span class=\"elementor-button-content-wrapper\">\n\t\t\t\t\t\t\t\t\t<span class=\"elementor-button-text\"> EXPLORER LES PRODUITS HO<\/span>\n\t\t\t\t\t<\/span>\n\t\t\t\t\t<\/a>\n\t\t\t\t\t\t\t\t<\/div>\n\t\t\t\t\t<\/div>\n\t\t\t\t<\/div>\n\t\t\t\t<\/div>","protected":false},"excerpt":{"rendered":"<p>15 YEARS + OF SHIPPING EXPERIENCE About Us hytcargo Shipping Co.,ltd head office in Shenzhen with an investment of USD<\/p>","protected":false},"author":1,"featured_media":0,"parent":0,"menu_order":0,"comment_status":"closed","ping_status":"closed","template":"","meta":{"site-sidebar-layout":"no-sidebar","site-content-layout":"","ast-site-content-layout":"full-width-container","site-content-style":"default","site-sidebar-style":"default","ast-global-header-display":"","ast-banner-title-visibility":"","ast-main-header-display":"","ast-hfb-above-header-display":"","ast-hfb-below-header-display":"","ast-hfb-mobile-header-display":"","site-post-title":"disabled","ast-breadcrumbs-content":"","ast-featured-img":"disabled","footer-sml-layout":"","theme-transparent-header-meta":"","adv-header-id-meta":"","stick-header-meta":"","header-above-stick-meta":"","header-main-stick-meta":"","header-below-stick-meta":"","astra-migrate-meta-layouts":"default","ast-page-background-enabled":"default","ast-page-background-meta":{"desktop":{"background-color":"var(--ast-global-color-5)","background-image":"","background-repeat":"repeat","background-position":"center center","background-size":"auto","background-attachment":"scroll","background-type":"","background-media":"","overlay-type":"","overlay-color":"","overlay-opacity":"","overlay-gradient":""},"tablet":{"background-color":"","background-image":"","background-repeat":"repeat","background-position":"center center","background-size":"auto","background-attachment":"scroll","background-type":"","background-media":"","overlay-type":"","overlay-color":"","overlay-opacity":"","overlay-gradient":""},"mobile":{"background-color":"","background-image":"","background-repeat":"repeat","background-position":"center center","background-size":"auto","background-attachment":"scroll","background-type":"","background-media":"","overlay-type":"","overlay-color":"","overlay-opacity":"","overlay-gradient":""}},"ast-content-background-meta":{"desktop":{"background-color":"var(--ast-global-color-4)","background-image":"","background-repeat":"repeat","background-position":"center center","background-size":"auto","background-attachment":"scroll","background-type":"","background-media":"","overlay-type":"","overlay-color":"","overlay-opacity":"","overlay-gradient":""},"tablet":{"background-color":"var(--ast-global-color-4)","background-image":"","background-repeat":"repeat","background-position":"center center","background-size":"auto","background-attachment":"scroll","background-type":"","background-media":"","overlay-type":"","overlay-color":"","overlay-opacity":"","overlay-gradient":""},"mobile":{"background-color":"var(--ast-global-color-4)","background-image":"","background-repeat":"repeat","background-position":"center center","background-size":"auto","background-attachment":"scroll","background-type":"","background-media":"","overlay-type":"","overlay-color":"","overlay-opacity":"","overlay-gradient":""}},"footnotes":""},"class_list":["post-13","page","type-page","status-publish","hentry"],"_links":{"self":[{"href":"https:\/\/hytcargo.com\/fr\/wp-json\/wp\/v2\/pages\/13","targetHints":{"allow":["GET"]}}],"collection":[{"href":"https:\/\/hytcargo.com\/fr\/wp-json\/wp\/v2\/pages"}],"about":[{"href":"https:\/\/hytcargo.com\/fr\/wp-json\/wp\/v2\/types\/page"}],"author":[{"embeddable":true,"href":"https:\/\/hytcargo.com\/fr\/wp-json\/wp\/v2\/users\/1"}],"replies":[{"embeddable":true,"href":"https:\/\/hytcargo.com\/fr\/wp-json\/wp\/v2\/comments?post=13"}],"version-history":[{"count":61,"href":"https:\/\/hytcargo.com\/fr\/wp-json\/wp\/v2\/pages\/13\/revisions"}],"predecessor-version":[{"id":2761,"href":"https:\/\/hytcargo.com\/fr\/wp-json\/wp\/v2\/pages\/13\/revisions\/2761"}],"wp:attachment":[{"href":"https:\/\/hytcargo.com\/fr\/wp-json\/wp\/v2\/media?parent=13"}],"curies":[{"name":"wp","href":"https:\/\/api.w.org\/{rel}","templated":true}]}}