{"id":691,"date":"2025-09-18T09:18:13","date_gmt":"2025-09-18T09:18:13","guid":{"rendered":"https:\/\/hytcargo.com\/?page_id=691"},"modified":"2025-11-29T18:59:35","modified_gmt":"2025-11-29T18:59:35","slug":"shipping-from-china-to-kuwait","status":"publish","type":"page","link":"https:\/\/hytcargo.com\/es\/shipping-from-china-to-kuwait\/","title":{"rendered":"Env\u00edos de China a Kuwait"},"content":{"rendered":"<div data-elementor-type=\"wp-page\" data-elementor-id=\"691\" class=\"elementor elementor-691\" data-elementor-post-type=\"page\">\n\t\t\t\t<div class=\"elementor-element elementor-element-f0c0310 e-flex e-con-boxed e-con e-parent\" data-id=\"f0c0310\" data-element_type=\"container\" data-e-type=\"container\" data-settings=\"{&quot;background_background&quot;:&quot;classic&quot;}\">\n\t\t\t\t\t<div class=\"e-con-inner\">\n\t\t\t\t<div class=\"elementor-element elementor-element-fda9d64 elementor-widget elementor-widget-heading\" data-id=\"fda9d64\" data-element_type=\"widget\" data-e-type=\"widget\" data-widget_type=\"heading.default\">\n\t\t\t\t\t<h2 class=\"elementor-heading-title elementor-size-default\">Env\u00edos de China a Kuwait<\/h2>\t\t\t\t<\/div>\n\t\t\t\t\t<\/div>\n\t\t\t\t<\/div>\n\t\t<div class=\"elementor-element elementor-element-9068781 e-flex e-con-boxed e-con e-parent\" data-id=\"9068781\" data-element_type=\"container\" data-e-type=\"container\">\n\t\t\t\t\t<div class=\"e-con-inner\">\n\t\t<div class=\"elementor-element elementor-element-b83d7a9 e-con-full e-flex e-con e-child\" data-id=\"b83d7a9\" data-element_type=\"container\" data-e-type=\"container\">\n\t\t<div class=\"elementor-element elementor-element-3646803 e-con-full e-flex e-con e-child\" data-id=\"3646803\" data-element_type=\"container\" data-e-type=\"container\">\n\t\t\t\t<div class=\"elementor-element elementor-element-a2bb345 elementor-widget elementor-widget-image\" data-id=\"a2bb345\" data-element_type=\"widget\" data-e-type=\"widget\" data-widget_type=\"image.default\">\n\t\t\t\t\t\t\t\t\t\t\t\t\t\t\t<img decoding=\"async\" src=\"https:\/\/hytcargo.com\/wp-content\/uploads\/elementor\/thumbs\/Helen-300x300-1-rcdv6nklkn7z799fd32ev8b1f7a02rd3llak7dzso8.webp\" title=\"Helen-300\u00d7300\" alt=\"Helen-300x300\" loading=\"lazy\" \/>\t\t\t\t\t\t\t\t\t\t\t\t\t\t\t<\/div>\n\t\t<div class=\"elementor-element elementor-element-0d958b3 e-con-full e-flex e-con e-child\" data-id=\"0d958b3\" data-element_type=\"container\" data-e-type=\"container\">\n\t\t\t\t<div class=\"elementor-element elementor-element-e91f5a8 elementor-widget elementor-widget-heading\" data-id=\"e91f5a8\" data-element_type=\"widget\" data-e-type=\"widget\" data-widget_type=\"heading.default\">\n\t\t\t\t\t<h5 class=\"elementor-heading-title elementor-size-default\">Kenny<\/h5>\t\t\t\t<\/div>\n\t\t\t\t<div class=\"elementor-element elementor-element-212b3f8 elementor-widget elementor-widget-text-editor\" data-id=\"212b3f8\" data-element_type=\"widget\" data-e-type=\"widget\" data-widget_type=\"text-editor.default\">\n\t\t\t\t\t\t\t\t\t<p><a class=\"elementor-author-box__button elementor-button elementor-size-xs\" href=\"https:\/\/wa.me\/85262138796\" rel=\"nofollow noopener\" target=\"_blank\">trabaja en el sector de la log\u00edstica desde 2005<\/a><\/p>\t\t\t\t\t\t\t\t<\/div>\n\t\t\t\t<\/div>\n\t\t\t\t<\/div>\n\t\t\t\t<\/div>\n\t\t\t\t\t<\/div>\n\t\t\t\t<\/div>\n\t\t<div class=\"elementor-element elementor-element-10a2727 e-flex e-con-boxed e-con e-parent\" data-id=\"10a2727\" data-element_type=\"container\" data-e-type=\"container\">\n\t\t\t\t\t<div class=\"e-con-inner\">\n\t\t<div class=\"elementor-element elementor-element-5491fe9 e-con-full e-flex e-con e-child\" data-id=\"5491fe9\" data-element_type=\"container\" data-e-type=\"container\">\n\t\t\t\t<div class=\"elementor-element elementor-element-c5e6f10 elementor-widget elementor-widget-shortcode\" data-id=\"c5e6f10\" data-element_type=\"widget\" data-e-type=\"widget\" data-widget_type=\"shortcode.default\">\n\t\t\t\t\t\t\t<div class=\"elementor-shortcode\"><div data-post-id=\"1540\" class=\"insert-page insert-page-1540\">\t\t<div data-elementor-type=\"wp-post\" data-elementor-id=\"1540\" class=\"elementor elementor-1540\" data-elementor-post-type=\"post\">\n\t\t\t\t<div class=\"elementor-element elementor-element-146204eb e-flex e-con-boxed e-con e-parent\" data-id=\"146204eb\" data-element_type=\"container\" data-e-type=\"container\">\n\t\t\t\t\t<div class=\"e-con-inner\">\n\t\t\t\t<div class=\"elementor-element elementor-element-5f5bb7b3 elementor-widget elementor-widget-text-editor\" data-id=\"5f5bb7b3\" data-element_type=\"widget\" data-e-type=\"widget\" data-widget_type=\"text-editor.default\">\n\t\t\t\t\t\t\t\t\t\n<h2 class=\"wp-block-heading\">Door to Door Delivery Services from China to Kuwait<\/h2>\n\n<p><a href=\"https:\/\/hytcargo.com\/es\/sinotrans-china-a-arabia-saudita-proceso-de-flete-maritimo-informacion-y-plazo-de-entrega-hyt-cargo\/\">hytcargo<\/a> <a href=\"https:\/\/hytcargo.com\/es\/expres\/\">env\u00edo<\/a> is an NOVCC in a world freight forwarder which can provide you a door-to-door service and the best shipping solutions. we can offer you competitive shipping rates for your shipment from China to Kuwait, and we are one of the best freight forwarders in China to Kuwait.<\/p>\n\n<p><strong><a href=\"https:\/\/hytcargo.com\/es\/why-is-shipping-from-china-so-expensive\/\">env\u00edo desde china<\/a> to Kuwait about 3000-5000USD for FCL shipment; <a href=\"https:\/\/hytcargo.com\/es\/what-does-a-shipping-agent-do\/\">transporte a\u00e9reo<\/a> from china to Kuwait about 3-7USD\/KG. freight base time and shipping way.<\/strong><\/p>\n\n<h3 class=\"wp-block-heading\">Start Shipping Smarter<\/h3>\n\n<p><a href=\"https:\/\/wa.me\/85262138796\" rel=\"nofollow noopener\" target=\"_blank\">Consulta<\/a><\/p>\n\n<h3 class=\"wp-block-heading\">shipping cost from china to kuwait<\/h3>\n\n<p>Since 2009, hytcargo .com has shipped thousands of ocean freight containers from China to Kuwait. We\u2019ve learned proven methods on how to get your shipment to Kuwait as fast as possible while keeping your <a href=\"https:\/\/hytcargo.com\/es\/shipping-from-china-to-the-uk-complete-guide-on-transit-times-costs-and-optimization-hytcargo\/\">costs<\/a> low.<\/p>\n\n<figure class=\"wp-block-image\"><img decoding=\"async\" class=\"wp-image-2970\" src=\"https:\/\/cdn-bgpng.nitrocdn.com\/AOsugMHohUjHimgCXEQRtZnLeYQRPTXu\/assets\/images\/optimized\/rev-d686271\/www.honouroceanshipping.com\/wp-content\/uploads\/2020\/12\/shipping-ps.jpg\" alt=\"\" title=\"\"><\/figure>\n\n<figure class=\"wp-block-image\"><img decoding=\"async\" class=\"wp-image-2976\" src=\"https:\/\/cdn-bgpng.nitrocdn.com\/AOsugMHohUjHimgCXEQRtZnLeYQRPTXu\/assets\/images\/optimized\/rev-d686271\/www.honouroceanshipping.com\/wp-content\/uploads\/2020\/12\/air-freight-ps.jpg\" alt=\"\" title=\"\"><\/figure>\n\n<h3 class=\"wp-block-heading\">air freight kuwait<\/h3>\n\n<p>It is very easy to ship from China to Kuwait, and hytcargo shipping provides the best freight shipping and air <a href=\"https:\/\/hytcargo.com\/es\/awot-china-to-saudi-arabia-sensitive-cargo-air-shipping-compliance-restrictions-risk-control-by-hytcargo\/\">carga<\/a> services.<\/p>\n\n<ul class=\"wp-block-list\">\n<li>Carga a\u00e9rea urgente (1-3 d\u00edas)<\/li>\n\n<li>Economical Air Freight (5-7 days)<\/li>\n\n<li>De aeropuerto a aeropuerto, de puerta a puerta, de puerta a aeropuerto, de aeropuerto a puerta<\/li>\n\n<li>DDP (Derechos de entrega pagados) y DDU (Derechos de entrega no pagados)<\/li>\n<\/ul>\n\n<h3 class=\"wp-block-heading\">DDP to kuwait<\/h3>\n\n<p>DDP service by AIR \/SEA Including customs duty&amp;taxes (DDP\/DDU)<\/p>\n\n<p>in this way, we arranged to pick up, customs clearance process, and delivery to door. no hidden charge<\/p>\n\n<figure class=\"wp-block-image\"><img decoding=\"async\" class=\"wp-image-2968\" src=\"https:\/\/cdn-bgpng.nitrocdn.com\/AOsugMHohUjHimgCXEQRtZnLeYQRPTXu\/assets\/images\/optimized\/rev-d686271\/www.honouroceanshipping.com\/wp-content\/uploads\/2020\/12\/amazon-fba-ps-1.jpg\" alt=\"\" title=\"\"><\/figure>\n\n<h3 class=\"wp-block-heading\">One of top 10 Countries With 0 Income Tax-kuwait<\/h3>\n\n<h2 class=\"wp-block-heading\">We help you to save money<\/h2>\n\n<p>Our shipping rates are very competitive, and we use the most efficient shipping carriers. So shipping from China to Kuwait is very cheap for you.<\/p>\n\n<h2 class=\"wp-block-heading\">Simplificaci\u00f3n del proceso de servicios de carga<\/h2>\n\n<p>El env\u00edo internacional puede ser un proceso complejo, especialmente en lo que respecta a la documentaci\u00f3n, la normativa y las decisiones de ruta, el despacho de aduanas y los impuestos, as\u00ed que deje que nos encarguemos de ello con nuestra pericia y nuestros 12 a\u00f1os de experiencia.<\/p>\n\n<p>Podemos intervenir para que su proceso de env\u00edo internacional sea m\u00e1s fluido y sencillo, permiti\u00e9ndole centrarse en su negocio.<\/p>\n\n<h2 class=\"wp-block-heading\">Nosotros lo hacemos todo. Para que usted no tenga que hacerlo.<\/h2>\n\n<p>No matter your industry or business size, China Freight can help. We have teams of experts dedicated to serving Kuwait-based importers like you.<\/p>\n\n<p>Lo hacemos todo: transporte de mercanc\u00edas, log\u00edstica de comercio electr\u00f3nico, despacho de aduanas o almacenamiento, desde el origen hasta el destino. Queremos ayudarle a aliviar su estr\u00e9s, apoyar su negocio y mantenerle por delante de la competencia en su sector.\u00a0<\/p>\n\n<h3 class=\"wp-block-heading\">Stress-free shipping, just for you<\/h3>\n\n<p><a href=\"https:\/\/wa.me\/85262138796\" rel=\"nofollow noopener\" target=\"_blank\">Reservar ahora<\/a><\/p>\n\n<h2 class=\"wp-block-heading\">Shipping time from China to Kuwait<\/h2>\n\n<p><strong>Normally, air shipping port to port from china to Kuwait is about 1-3days.<\/strong><\/p>\n\n<p><strong>by courier, transport time about 2-4days;<\/strong><\/p>\n\n<p><strong>by sea shipping from China to Kuwait about 25-35days<\/strong><\/p>\n\n<p><strong>Air DDP transport time about 10-15days;<\/strong><\/p>\n\n<p><strong>sea DDP about 40-50days<\/strong><\/p>\n\n<h2 class=\"wp-block-heading\">Air cargo freight transit times from China to Kuwait<\/h2>\n\n<figure class=\"wp-block-table\">\n<table class=\"has-fixed-layout\">\n<tbody>\n<tr>\n<td>Tiempo de tr\u00e1nsito<\/td>\n<td>Kuwait International Airport<\/td>\n<td>Ahmad al-Jaber Air Base<\/td>\n<td>Ali Al Salem Air Base<\/td>\n<td>Udairi Army Airfield<\/td>\n<\/tr>\n<tr>\n<td>Shanghai<\/td>\n<td>3 d\u00edas<\/td>\n<td>2 days<\/td>\n<td>3 d\u00edas<\/td>\n<td>4 days<\/td>\n<\/tr>\n<tr>\n<td>Shenzhen<\/td>\n<td>1 d\u00eda<\/td>\n<td>3 d\u00edas<\/td>\n<td>4 days<\/td>\n<td>2 days<\/td>\n<\/tr>\n<tr>\n<td>Guangzhou<\/td>\n<td>2 days<\/td>\n<td>1 d\u00eda<\/td>\n<td>1 d\u00eda<\/td>\n<td>4 days<\/td>\n<\/tr>\n<tr>\n<td>Pek\u00edn<\/td>\n<td>3 d\u00edas<\/td>\n<td>4 days<\/td>\n<td>3 d\u00edas<\/td>\n<td>3 d\u00edas<\/td>\n<\/tr>\n<tr>\n<td>HongKong<\/td>\n<td>3 d\u00edas<\/td>\n<td>4 days<\/td>\n<td>3 d\u00edas<\/td>\n<td>3 d\u00edas<\/td>\n<\/tr>\n<tr>\n<td>Ningbo<\/td>\n<td>4 days<\/td>\n<td>2 days<\/td>\n<td>2 days<\/td>\n<td>2 days<\/td>\n<\/tr>\n<\/tbody>\n<\/table>\n<\/figure>\n\n<h2 class=\"wp-block-heading\">Ocean freight transit times from China to Kuwait:<\/h2>\n\n<figure class=\"wp-block-table\">\n<table class=\"has-fixed-layout\">\n<tbody>\n<tr>\n<td><strong>From \/ To<\/strong><\/td>\n<td>Doha<\/td>\n<td>Khor al Muffatta<\/td>\n<td>Kuwait<\/td>\n<td>Mena Al Ahmadi<\/td>\n<td>Mina Al Ahmadi \u00a0<\/td>\n<td>Shuwaikh<\/td>\n<td>Shuaiba<\/td>\n<\/tr>\n<tr>\n<td>Shanghai<\/td>\n<td>35 \u00a0Days<\/td>\n<td>30 Days<\/td>\n<td>35 \u00a0Days<\/td>\n<td>25 Days<\/td>\n<td>30 Days<\/td>\n<td>35 \u00a0Days<\/td>\n<td>25 Days<\/td>\n<\/tr>\n<tr>\n<td>Shenzhen<\/td>\n<td>30 Days<\/td>\n<td>30 Days<\/td>\n<td>25 Days<\/td>\n<td>30 Days<\/td>\n<td>30 Days<\/td>\n<td>25 Days<\/td>\n<td>30 Days<\/td>\n<\/tr>\n<tr>\n<td>Ningbo<\/td>\n<td>25 Days<\/td>\n<td>35 \u00a0Days<\/td>\n<td>30 Days<\/td>\n<td>25 Days<\/td>\n<td>35 \u00a0Days<\/td>\n<td>30 Days<\/td>\n<td>25 Days<\/td>\n<\/tr>\n<tr>\n<td>Guangzhou<\/td>\n<td>30 Days<\/td>\n<td>35 \u00a0Days<\/td>\n<td>30 Days<\/td>\n<td>35 \u00a0Days<\/td>\n<td>35 \u00a0Days<\/td>\n<td>30 Days<\/td>\n<td>35 \u00a0Days<\/td>\n<\/tr>\n<tr>\n<td>Hong Kong<\/td>\n<td>30 Days<\/td>\n<td>30 Days<\/td>\n<td>25 Days<\/td>\n<td>30 Days<\/td>\n<td>30 Days<\/td>\n<td>25 Days<\/td>\n<td>30 Days<\/td>\n<\/tr>\n<tr>\n<td>Qingdao<\/td>\n<td>25 Days<\/td>\n<td>25 Days<\/td>\n<td>30 Days<\/td>\n<td>25 Days<\/td>\n<td>25 Days<\/td>\n<td>30 Days<\/td>\n<td>25 Days<\/td>\n<\/tr>\n<tr>\n<td>Tianjin<\/td>\n<td>25 Days<\/td>\n<td>35 \u00a0Days<\/td>\n<td>30 Days<\/td>\n<td>35 \u00a0Days<\/td>\n<td>35 \u00a0Days<\/td>\n<td>30 Days<\/td>\n<td>35 \u00a0Days<\/td>\n<\/tr>\n<tr>\n<td>Xiamen<\/td>\n<td>30 Days<\/td>\n<td>30 Days<\/td>\n<td>25 Days<\/td>\n<td>25 Days<\/td>\n<td>30 Days<\/td>\n<td>25 Days<\/td>\n<td>25 Days<\/td>\n<\/tr>\n<tr>\n<td>Dalian<\/td>\n<td>35 \u00a0Days<\/td>\n<td>30 Days<\/td>\n<td>35 \u00a0Days<\/td>\n<td>30 Days<\/td>\n<td>30 Days<\/td>\n<td>35 \u00a0Days<\/td>\n<td>30 Days<\/td>\n<\/tr>\n<tr>\n<td>Dongguan<\/td>\n<td>25 Days<\/td>\n<td>30 Days<\/td>\n<td>35 \u00a0Days<\/td>\n<td>30 Days<\/td>\n<td>30 Days<\/td>\n<td>35 \u00a0Days<\/td>\n<td>30 Days<\/td>\n<\/tr>\n<tr>\n<td>Nanjing<\/td>\n<td>35 \u00a0Days<\/td>\n<td>30 Days<\/td>\n<td>25 Days<\/td>\n<td>25 Days<\/td>\n<td>30 Days<\/td>\n<td>25 Days<\/td>\n<td>25 Days<\/td>\n<\/tr>\n<\/tbody>\n<\/table>\n<\/figure>\n\n<h2 id=\"reply-title\" class=\"wp-block-heading\">\u00a0<\/h2>\n\n<p>\u00a0<\/p>\n\t\t\t\t\t\t\t\t<\/div>\n\t\t\t\t\t<\/div>\n\t\t\t\t<\/div>\n\t\t\t\t<\/div>\n\t\t<\/div><\/div>\n\t\t\t\t\t\t<\/div>\n\t\t\t\t<\/div>\n\t\t<div class=\"elementor-element elementor-element-46240fa e-con-full e-flex e-con e-child\" data-id=\"46240fa\" data-element_type=\"container\" data-e-type=\"container\" data-settings=\"{&quot;sticky&quot;:&quot;top&quot;,&quot;sticky_offset&quot;:100,&quot;sticky_on&quot;:[&quot;desktop&quot;,&quot;tablet&quot;,&quot;mobile&quot;],&quot;sticky_effects_offset&quot;:0,&quot;sticky_anchor_link_offset&quot;:0}\">\n\t\t<div class=\"elementor-element elementor-element-c2cffe8 e-con-full e-flex e-con e-child\" data-id=\"c2cffe8\" data-element_type=\"container\" data-e-type=\"container\" data-settings=\"{&quot;background_background&quot;:&quot;classic&quot;}\">\n\t\t\t\t<div class=\"elementor-element elementor-element-51461fa elementor-widget elementor-widget-heading\" data-id=\"51461fa\" data-element_type=\"widget\" data-e-type=\"widget\" data-widget_type=\"heading.default\">\n\t\t\t\t\t<h1 class=\"elementor-heading-title elementor-size-default\">Impulse su negocio con nuestros servicios de alta calidad<\/h1>\t\t\t\t<\/div>\n\t\t\t\t<div class=\"elementor-element elementor-element-a3fcb86 elementor-button-align-center elementor-widget elementor-widget-form\" data-id=\"a3fcb86\" data-element_type=\"widget\" data-e-type=\"widget\" data-settings=\"{&quot;step_next_label&quot;:&quot;Next&quot;,&quot;step_previous_label&quot;:&quot;Previous&quot;,&quot;button_width&quot;:&quot;100&quot;,&quot;step_type&quot;:&quot;number_text&quot;,&quot;step_icon_shape&quot;:&quot;circle&quot;}\" data-widget_type=\"form.default\">\n\t\t\t\t\t\t\t<form class=\"elementor-form\" method=\"post\" name=\"New Form\" aria-label=\"Nuevo formulario\" action=\"\">\n\t\t\t<input type=\"hidden\" name=\"post_id\" value=\"691\"\/>\n\t\t\t<input type=\"hidden\" name=\"form_id\" value=\"a3fcb86\"\/>\n\t\t\t<input type=\"hidden\" name=\"referer_title\" value=\"Shipping from China to Kuwait | hytcargo\" \/>\n\n\t\t\t\t\t\t\t<input type=\"hidden\" name=\"queried_id\" value=\"691\"\/>\n\t\t\t\n\t\t\t<div class=\"elementor-form-fields-wrapper elementor-labels-\">\n\t\t\t\t\t\t\t\t<div class=\"elementor-field-type-text elementor-field-group elementor-column elementor-field-group-name elementor-col-100\">\n\t\t\t\t\t\t\t\t\t\t\t\t<label for=\"form-field-name\" class=\"elementor-field-label elementor-screen-only\">\n\t\t\t\t\t\t\t\tNombre\t\t\t\t\t\t\t<\/label>\n\t\t\t\t\t\t\t\t\t\t\t\t\t\t<input size=\"1\" type=\"text\" name=\"form_fields[name]\" id=\"form-field-name\" class=\"elementor-field elementor-size-sm  elementor-field-textual\" placeholder=\"Nombre\">\n\t\t\t\t\t\t\t\t\t\t\t<\/div>\n\t\t\t\t\t\t\t\t<div class=\"elementor-field-type-email elementor-field-group elementor-column elementor-field-group-email elementor-col-100 elementor-field-required\">\n\t\t\t\t\t\t\t\t\t\t\t\t<label for=\"form-field-email\" class=\"elementor-field-label elementor-screen-only\">\n\t\t\t\t\t\t\t\tCorreo electr\u00f3nico\t\t\t\t\t\t\t<\/label>\n\t\t\t\t\t\t\t\t\t\t\t\t\t\t<input size=\"1\" type=\"email\" name=\"form_fields[email]\" id=\"form-field-email\" class=\"elementor-field elementor-size-sm  elementor-field-textual\" placeholder=\"Correo electr\u00f3nico\" required=\"required\">\n\t\t\t\t\t\t\t\t\t\t\t<\/div>\n\t\t\t\t\t\t\t\t<div class=\"elementor-field-type-textarea elementor-field-group elementor-column elementor-field-group-message elementor-col-100\">\n\t\t\t\t\t\t\t\t\t\t\t\t<label for=\"form-field-message\" class=\"elementor-field-label elementor-screen-only\">\n\t\t\t\t\t\t\t\tMensaje\t\t\t\t\t\t\t<\/label>\n\t\t\t\t\t\t<textarea class=\"elementor-field-textual elementor-field  elementor-size-sm\" name=\"form_fields[message]\" id=\"form-field-message\" rows=\"4\" placeholder=\"Mensaje\"><\/textarea>\t\t\t\t<\/div>\n\t\t\t\t\t\t\t\t<div class=\"elementor-field-group elementor-column elementor-field-type-submit elementor-col-100 e-form__buttons\">\n\t\t\t\t\t<button class=\"elementor-button elementor-size-sm\" type=\"submit\">\n\t\t\t\t\t\t<span class=\"elementor-button-content-wrapper\">\n\t\t\t\t\t\t\t\t\t\t\t\t\t\t\t\t\t\t\t\t\t\t<span class=\"elementor-button-text\">Obtenga presupuestos al instante<\/span>\n\t\t\t\t\t\t\t\t\t\t\t\t\t<\/span>\n\t\t\t\t\t<\/button>\n\t\t\t\t<\/div>\n\t\t\t<\/div>\n\t\t<input type=\"hidden\" name=\"trp-form-language\" value=\"es\"\/><\/form>\n\t\t\t\t\t\t<\/div>\n\t\t\t\t<\/div>\n\t\t\t\t<\/div>\n\t\t\t\t\t<\/div>\n\t\t\t\t<\/div>\n\t\t\t\t<\/div>","protected":false},"excerpt":{"rendered":"<p>Shipping from China to Kuwait Kenny work on logstics industry since 2005 Boost your business with our high quality services<\/p>","protected":false},"author":1,"featured_media":0,"parent":0,"menu_order":0,"comment_status":"closed","ping_status":"closed","template":"","meta":{"site-sidebar-layout":"no-sidebar","site-content-layout":"","ast-site-content-layout":"full-width-container","site-content-style":"default","site-sidebar-style":"default","ast-global-header-display":"","ast-banner-title-visibility":"","ast-main-header-display":"","ast-hfb-above-header-display":"","ast-hfb-below-header-display":"","ast-hfb-mobile-header-display":"","site-post-title":"disabled","ast-breadcrumbs-content":"","ast-featured-img":"disabled","footer-sml-layout":"","theme-transparent-header-meta":"","adv-header-id-meta":"","stick-header-meta":"","header-above-stick-meta":"","header-main-stick-meta":"","header-below-stick-meta":"","astra-migrate-meta-layouts":"default","ast-page-background-enabled":"default","ast-page-background-meta":{"desktop":{"background-color":"var(--ast-global-color-5)","background-image":"","background-repeat":"repeat","background-position":"center center","background-size":"auto","background-attachment":"scroll","background-type":"","background-media":"","overlay-type":"","overlay-color":"","overlay-opacity":"","overlay-gradient":""},"tablet":{"background-color":"","background-image":"","background-repeat":"repeat","background-position":"center center","background-size":"auto","background-attachment":"scroll","background-type":"","background-media":"","overlay-type":"","overlay-color":"","overlay-opacity":"","overlay-gradient":""},"mobile":{"background-color":"","background-image":"","background-repeat":"repeat","background-position":"center center","background-size":"auto","background-attachment":"scroll","background-type":"","background-media":"","overlay-type":"","overlay-color":"","overlay-opacity":"","overlay-gradient":""}},"ast-content-background-meta":{"desktop":{"background-color":"var(--ast-global-color-4)","background-image":"","background-repeat":"repeat","background-position":"center center","background-size":"auto","background-attachment":"scroll","background-type":"","background-media":"","overlay-type":"","overlay-color":"","overlay-opacity":"","overlay-gradient":""},"tablet":{"background-color":"var(--ast-global-color-4)","background-image":"","background-repeat":"repeat","background-position":"center center","background-size":"auto","background-attachment":"scroll","background-type":"","background-media":"","overlay-type":"","overlay-color":"","overlay-opacity":"","overlay-gradient":""},"mobile":{"background-color":"var(--ast-global-color-4)","background-image":"","background-repeat":"repeat","background-position":"center center","background-size":"auto","background-attachment":"scroll","background-type":"","background-media":"","overlay-type":"","overlay-color":"","overlay-opacity":"","overlay-gradient":""}},"footnotes":""},"class_list":["post-691","page","type-page","status-publish","hentry"],"_links":{"self":[{"href":"https:\/\/hytcargo.com\/es\/wp-json\/wp\/v2\/pages\/691","targetHints":{"allow":["GET"]}}],"collection":[{"href":"https:\/\/hytcargo.com\/es\/wp-json\/wp\/v2\/pages"}],"about":[{"href":"https:\/\/hytcargo.com\/es\/wp-json\/wp\/v2\/types\/page"}],"author":[{"embeddable":true,"href":"https:\/\/hytcargo.com\/es\/wp-json\/wp\/v2\/users\/1"}],"replies":[{"embeddable":true,"href":"https:\/\/hytcargo.com\/es\/wp-json\/wp\/v2\/comments?post=691"}],"version-history":[{"count":10,"href":"https:\/\/hytcargo.com\/es\/wp-json\/wp\/v2\/pages\/691\/revisions"}],"predecessor-version":[{"id":2532,"href":"https:\/\/hytcargo.com\/es\/wp-json\/wp\/v2\/pages\/691\/revisions\/2532"}],"wp:attachment":[{"href":"https:\/\/hytcargo.com\/es\/wp-json\/wp\/v2\/media?parent=691"}],"curies":[{"name":"wp","href":"https:\/\/api.w.org\/{rel}","templated":true}]}}