{"id":624,"date":"2025-09-18T08:48:01","date_gmt":"2025-09-18T08:48:01","guid":{"rendered":"https:\/\/hytcargo.com\/?page_id=624"},"modified":"2025-11-29T19:00:34","modified_gmt":"2025-11-29T19:00:34","slug":"como-obtener-un-presupuesto-de-flete-exacto","status":"publish","type":"page","link":"https:\/\/hytcargo.com\/es\/como-obtener-un-presupuesto-de-flete-exacto\/","title":{"rendered":"C\u00f3mo obtener un presupuesto de flete exacto"},"content":{"rendered":"<div data-elementor-type=\"wp-page\" data-elementor-id=\"624\" class=\"elementor elementor-624\" data-elementor-post-type=\"page\">\n\t\t\t\t<div class=\"elementor-element elementor-element-085362c e-flex e-con-boxed e-con e-parent\" data-id=\"085362c\" data-element_type=\"container\" data-e-type=\"container\" data-settings=\"{&quot;background_background&quot;:&quot;classic&quot;}\">\n\t\t\t\t\t<div class=\"e-con-inner\">\n\t\t\t\t<div class=\"elementor-element elementor-element-8f0e40f elementor-widget elementor-widget-heading\" data-id=\"8f0e40f\" data-element_type=\"widget\" data-e-type=\"widget\" data-widget_type=\"heading.default\">\n\t\t\t\t\t<h2 class=\"elementor-heading-title elementor-size-default\">C\u00f3mo obtener una cotizaci\u00f3n de flete precisa: La gu\u00eda definitiva\n<\/h2>\t\t\t\t<\/div>\n\t\t\t\t\t<\/div>\n\t\t\t\t<\/div>\n\t\t<div class=\"elementor-element elementor-element-60cf247 e-flex e-con-boxed e-con e-parent\" data-id=\"60cf247\" data-element_type=\"container\" data-e-type=\"container\">\n\t\t\t\t\t<div class=\"e-con-inner\">\n\t\t<div class=\"elementor-element elementor-element-7f230b9 e-con-full e-flex e-con e-child\" data-id=\"7f230b9\" data-element_type=\"container\" data-e-type=\"container\">\n\t\t<div class=\"elementor-element elementor-element-c0727fb e-con-full e-flex e-con e-child\" data-id=\"c0727fb\" data-element_type=\"container\" data-e-type=\"container\">\n\t\t\t\t<div class=\"elementor-element elementor-element-d6df5ed elementor-widget elementor-widget-image\" data-id=\"d6df5ed\" data-element_type=\"widget\" data-e-type=\"widget\" data-widget_type=\"image.default\">\n\t\t\t\t\t\t\t\t\t\t\t\t\t\t\t<img decoding=\"async\" src=\"https:\/\/hytcargo.com\/wp-content\/uploads\/elementor\/thumbs\/Helen-300x300-1-rcdv6nklkn7z799fd32ev8b1f7a02rd3llak7dzso8.webp\" title=\"Helen-300\u00d7300\" alt=\"Helen-300x300\" loading=\"lazy\" \/>\t\t\t\t\t\t\t\t\t\t\t\t\t\t\t<\/div>\n\t\t<div class=\"elementor-element elementor-element-75de68c e-con-full e-flex e-con e-child\" data-id=\"75de68c\" data-element_type=\"container\" data-e-type=\"container\">\n\t\t\t\t<div class=\"elementor-element elementor-element-3a887f3 elementor-widget elementor-widget-heading\" data-id=\"3a887f3\" data-element_type=\"widget\" data-e-type=\"widget\" data-widget_type=\"heading.default\">\n\t\t\t\t\t<h5 class=\"elementor-heading-title elementor-size-default\">Kenny<\/h5>\t\t\t\t<\/div>\n\t\t\t\t<div class=\"elementor-element elementor-element-a4f431d elementor-widget elementor-widget-text-editor\" data-id=\"a4f431d\" data-element_type=\"widget\" data-e-type=\"widget\" data-widget_type=\"text-editor.default\">\n\t\t\t\t\t\t\t\t\t<p><a class=\"elementor-author-box__button elementor-button elementor-size-xs\" href=\"https:\/\/wa.me\/85262138796\" rel=\"nofollow noopener\" target=\"_blank\">trabaja en el sector de la log\u00edstica desde 2005<\/a><\/p>\t\t\t\t\t\t\t\t<\/div>\n\t\t\t\t<\/div>\n\t\t\t\t<\/div>\n\t\t\t\t<\/div>\n\t\t\t\t\t<\/div>\n\t\t\t\t<\/div>\n\t\t<div class=\"elementor-element elementor-element-eb13718 e-flex e-con-boxed e-con e-parent\" data-id=\"eb13718\" data-element_type=\"container\" data-e-type=\"container\">\n\t\t\t\t\t<div class=\"e-con-inner\">\n\t\t<div class=\"elementor-element elementor-element-e25e250 e-con-full e-flex e-con e-child\" data-id=\"e25e250\" data-element_type=\"container\" data-e-type=\"container\">\n\t\t\t\t<div class=\"elementor-element elementor-element-a32f235 elementor-widget elementor-widget-shortcode\" data-id=\"a32f235\" data-element_type=\"widget\" data-e-type=\"widget\" data-widget_type=\"shortcode.default\">\n\t\t\t\t\t\t\t<div class=\"elementor-shortcode\"><div data-post-id=\"1492\" class=\"insert-page insert-page-1492\">\t\t<div data-elementor-type=\"wp-post\" data-elementor-id=\"1492\" class=\"elementor elementor-1492\" data-elementor-post-type=\"post\">\n\t\t\t\t<div class=\"elementor-element elementor-element-b01fde6 e-flex e-con-boxed e-con e-parent\" data-id=\"b01fde6\" data-element_type=\"container\" data-e-type=\"container\">\n\t\t\t\t\t<div class=\"e-con-inner\">\n\t\t\t\t<div class=\"elementor-element elementor-element-5ceaeca6 elementor-widget elementor-widget-text-editor\" data-id=\"5ceaeca6\" data-element_type=\"widget\" data-e-type=\"widget\" data-widget_type=\"text-editor.default\">\n\t\t\t\t\t\t\t\t\t\n<p>Antes de importar de China a todo el mundo, tendr\u00e1 que saber cu\u00e1nto cotiza el flete.<\/p>\n\n<p>Un presupuesto de flete exacto depende de muchas variables. Si se equivoca, el coste final podr\u00eda ser muy superior al presupuesto original. Si no se tiene cuidado, es f\u00e1cil encontrarse con facturas y cargos sorpresa.<\/p>\n\n<p>A lot of the time you may receive very varied quotes on what you\u2019re required to pay \u2013 but, before you rush in thinking you\u2019re getting a great deal, you need to understand the process of importing goods from China to the world. Once you understand the import fees, how much it <a href=\"https:\/\/hytcargo.com\/es\/shipping-from-china-to-the-uk-complete-guide-on-transit-times-costs-and-optimization-hytcargo\/\">costs<\/a> and why you can\u00a0<em>realmente<\/em>\u00a0ver si te hacen una buena oferta.<\/p>\n\n<p>Intentamos que nuestros presupuestos de transporte de mercanc\u00edas sean lo m\u00e1s sencillos posible, pero la siguiente informaci\u00f3n es la que necesitar\u00e1 para obtener un presupuesto:<\/p>\n\n<ul class=\"wp-block-list\">\n<li>nombre del producto\u00a0<\/li>\n<\/ul>\n\n<ul class=\"wp-block-list\">\n<li>Peso y dimensiones\/volumen de sus mercanc\u00edas<\/li>\n\n<li><a href=\"https:\/\/hytcargo.com\/es\/expres\/\">Env\u00edo<\/a> las condiciones que ofrece su proveedor (FOB, Exworks, etc.)<\/li>\n\n<li>El puerto de carga (de donde proceden las mercanc\u00edas)<\/li>\n\n<li>D\u00f3nde se entregan las mercanc\u00edas (puerto de destino o ubicaci\u00f3n de su puerta)<\/li>\n\n<li>tiene previsto realizar el env\u00edo por v\u00eda a\u00e9rea o mar\u00edtima\u00a0<\/li>\n\n<li>producto listo fecha ok\u00a0<\/li>\n<\/ul>\n\n<p>Los costes de transporte se calculan en funci\u00f3n del volumen o del peso (el que sea mayor). Por eso necesitamos conocer las dimensiones de su env\u00edo para poder ofrecerle un precio.<\/p>\n\n<p>Para <a href=\"https:\/\/hytcargo.com\/es\/what-does-a-shipping-agent-do\/\">transporte mar\u00edtimo<\/a>: La industria utiliza el t\u00e9rmino t\u00e9cnico \u201cPeso o Medida\u201d, a menudo abreviado como \u201cp\/m\u201d.  Esto significa que 1,0 metros c\u00fabicos (cbm) equivale a 1000kg.  Es raro que el peso sea tan elevado que indique el coste, pero si su env\u00edo fuera de 2,0cbm y 2500kg, entonces el peso es mayor que el volumen.  Si fuera de 2,5 cbm y 2000kg, entonces el volumen es mayor, por lo que la tarifa de transporte mar\u00edtimo depender\u00eda de ello.<\/p>\n\n<p>Para la carga a\u00e9rea: 1 metro c\u00fabico equivale a 167 kg.<\/p>\n\n<p>si su env\u00edo es de 2cbm y 200kg, el peso volum\u00e9trico es de 334kg, volumen mayor que el peso real, por lo que el peso facturable base peso volum\u00e9trico.<\/p>\n\n<p>o si obtienes L(cm), W(cm), H(cm), puedes obtener una f\u00f3rmula base para el peso<\/p>\n\n<figure class=\"wp-block-image\"><img decoding=\"async\" class=\"wp-image-2064\" src=\"https:\/\/www.honouroceanshipping.com\/wp-content\/webp-express\/webp-images\/uploads\/2021\/03\/volumetric-weight.png.webp\" alt=\"\" title=\"\"><\/figure>\n\n<p>Para <a href=\"https:\/\/hytcargo.com\/es\/npsel-china-to-saudi-arabia-express-delivery-service-guide-dhl-ups-fedex-transit-time-process-and-hytcargo-solutions\/\">expr\u00e9s<\/a> cargos, tales como DHL, FedEx, TNT \uff0cups, 1cbm equivalente es 200kg. o la base por debajo de la f\u00f3rmula para el peso, obtener el peso del volumen.<\/p>\n\n<p>entonces compara el peso volum\u00e9trico con el peso real, el peso facturable es el mayor.<\/p>\n\n<figure class=\"wp-block-image\"><img decoding=\"async\" class=\"wp-image-2065\" src=\"https:\/\/www.honouroceanshipping.com\/wp-content\/webp-express\/webp-images\/uploads\/2021\/03\/info-volumetric.png.webp\" alt=\"\" title=\"\"><\/figure>\n\n<p>M\u00e1s informaci\u00f3n sobre c\u00f3mo calcular el peso facturable para env\u00edos a\u00e9reos y mar\u00edtimos.<\/p>\n\n<h2 class=\"wp-block-heading\">Diferentes puertos implican diferentes costes<\/h2>\n\n<p>Las tarifas de flete var\u00edan de un puerto a otro. Esto puede deberse a varias razones, pero es una buena idea saber qu\u00e9 puerto\/s utiliza su proveedor para conocer el coste exacto del flete. Si su proveedor es de Guangzhou, normalmente realizamos los env\u00edos desde el puerto de Guangzhou. En caso de recogida en Guangzhou con destino a Shenzhen u otra ciudad, el coste del transporte terrestre es superior al del transporte mar\u00edtimo.<\/p>\n\n<p>y el puerto diferente, la carga del puerto tambi\u00e9n diferente.<\/p>\n\n<p>para el env\u00edo del aire, tambi\u00e9n seleccionamos cerca de la nave del aeropuerto de la f\u00e1brica hacia fuera, as\u00ed que puede ahorrar cargas locales.<\/p>\n\n<h2 class=\"wp-block-heading\">\u00bfPor qu\u00e9 son tan inestables las tarifas de flete?<\/h2>\n\n<p>La raz\u00f3n de estos enormes picos y ca\u00eddas (subidas y bajadas de las tarifas de flete mar\u00edtimo) es que las navieras aumentan artificialmente las tarifas mediante grandes aumentos generales de tarifas (GRI).  Todas las navieras las aplican para frenar la ca\u00edda de las tarifas de flete mar\u00edtimo.  Desgraciadamente, el volumen de contenedores transportados rara vez es suficiente para mantener las tarifas infladas, por lo que las navieras tienen que volver a bajarlas para ganar negocio.<\/p>\n\n<p>..... Hasta que los tipos sean demasiado bajos y el ciclo contin\u00fae.<\/p>\n\n<p><a href=\"https:\/\/hytcargo.com\/es\/why-your-china-freight-shipping-to-usa-delays\/\">transporte a\u00e9reo<\/a> tambi\u00e9n as\u00ed, significa decidir la demanda y la petici\u00f3n.<\/p>\n\n<p>La compa\u00f1\u00eda a\u00e9rea o naviera ajusta el precio en funci\u00f3n de la demanda y el estado de la solicitud.<\/p>\n\n<p>normalmente, el flete mar\u00edtimo se actualiza cada mes 1 y 15, por lo que el flete mar\u00edtimo v\u00e1lido para alrededor de 2 semanas. y el flete a\u00e9reo var\u00eda cada semana, si la temporada de calor, var\u00eda todos los d\u00edas.<\/p>\n\n<p>por lo que pedimos al cliente que compruebe la fecha de entrega de los productos para poder enviarle un presupuesto exacto.<\/p>\n\n<p>a ventaja de recurrir a un agente de carga es tener acceso a un equipo especializado de profesionales que le ayudar\u00e1n en todo momento. Con <a href=\"https:\/\/hytcargo.com\/es\/sinotrans-china-a-arabia-saudita-proceso-de-flete-maritimo-informacion-y-plazo-de-entrega-hyt-cargo\/\">hytcargo<\/a> shipping, obtendr\u00e1 un equipo de asistencia que trabaja para conocer su negocio y sus necesidades de env\u00edo, desde la b\u00fasqueda de un buen presupuesto y la generaci\u00f3n de los documentos adecuados hasta asegurarse de que su env\u00edo se entrega de forma segura.<\/p>\n\t\t\t\t\t\t\t\t<\/div>\n\t\t\t\t\t<\/div>\n\t\t\t\t<\/div>\n\t\t\t\t<\/div>\n\t\t<\/div><\/div>\n\t\t\t\t\t\t<\/div>\n\t\t\t\t<\/div>\n\t\t<div class=\"elementor-element elementor-element-fd5d077 e-con-full e-flex e-con e-child\" data-id=\"fd5d077\" data-element_type=\"container\" data-e-type=\"container\" data-settings=\"{&quot;sticky&quot;:&quot;top&quot;,&quot;sticky_offset&quot;:100,&quot;sticky_on&quot;:[&quot;desktop&quot;,&quot;tablet&quot;,&quot;mobile&quot;],&quot;sticky_effects_offset&quot;:0,&quot;sticky_anchor_link_offset&quot;:0}\">\n\t\t<div class=\"elementor-element elementor-element-9870738 e-con-full e-flex e-con e-child\" data-id=\"9870738\" data-element_type=\"container\" data-e-type=\"container\" data-settings=\"{&quot;background_background&quot;:&quot;classic&quot;}\">\n\t\t\t\t<div class=\"elementor-element elementor-element-6e71401 elementor-widget elementor-widget-heading\" data-id=\"6e71401\" data-element_type=\"widget\" data-e-type=\"widget\" data-widget_type=\"heading.default\">\n\t\t\t\t\t<h1 class=\"elementor-heading-title elementor-size-default\">Impulse su negocio con nuestros servicios de alta calidad<\/h1>\t\t\t\t<\/div>\n\t\t\t\t<div class=\"elementor-element elementor-element-fd7dbe1 elementor-button-align-center elementor-widget elementor-widget-form\" data-id=\"fd7dbe1\" data-element_type=\"widget\" data-e-type=\"widget\" data-settings=\"{&quot;step_next_label&quot;:&quot;Next&quot;,&quot;step_previous_label&quot;:&quot;Previous&quot;,&quot;button_width&quot;:&quot;100&quot;,&quot;step_type&quot;:&quot;number_text&quot;,&quot;step_icon_shape&quot;:&quot;circle&quot;}\" data-widget_type=\"form.default\">\n\t\t\t\t\t\t\t<form class=\"elementor-form\" method=\"post\" name=\"New Form\" aria-label=\"Nuevo formulario\" action=\"\">\n\t\t\t<input type=\"hidden\" name=\"post_id\" value=\"624\"\/>\n\t\t\t<input type=\"hidden\" name=\"form_id\" value=\"fd7dbe1\"\/>\n\t\t\t<input type=\"hidden\" name=\"referer_title\" value=\"How to Get Accurate Freight Quote | hytcargo\" \/>\n\n\t\t\t\t\t\t\t<input type=\"hidden\" name=\"queried_id\" value=\"624\"\/>\n\t\t\t\n\t\t\t<div class=\"elementor-form-fields-wrapper elementor-labels-\">\n\t\t\t\t\t\t\t\t<div class=\"elementor-field-type-text elementor-field-group elementor-column elementor-field-group-name elementor-col-100\">\n\t\t\t\t\t\t\t\t\t\t\t\t<label for=\"form-field-name\" class=\"elementor-field-label elementor-screen-only\">\n\t\t\t\t\t\t\t\tNombre\t\t\t\t\t\t\t<\/label>\n\t\t\t\t\t\t\t\t\t\t\t\t\t\t<input size=\"1\" type=\"text\" name=\"form_fields[name]\" id=\"form-field-name\" class=\"elementor-field elementor-size-sm  elementor-field-textual\" placeholder=\"Nombre\">\n\t\t\t\t\t\t\t\t\t\t\t<\/div>\n\t\t\t\t\t\t\t\t<div class=\"elementor-field-type-email elementor-field-group elementor-column elementor-field-group-email elementor-col-100 elementor-field-required\">\n\t\t\t\t\t\t\t\t\t\t\t\t<label for=\"form-field-email\" class=\"elementor-field-label elementor-screen-only\">\n\t\t\t\t\t\t\t\tCorreo electr\u00f3nico\t\t\t\t\t\t\t<\/label>\n\t\t\t\t\t\t\t\t\t\t\t\t\t\t<input size=\"1\" type=\"email\" name=\"form_fields[email]\" id=\"form-field-email\" class=\"elementor-field elementor-size-sm  elementor-field-textual\" placeholder=\"Correo electr\u00f3nico\" required=\"required\">\n\t\t\t\t\t\t\t\t\t\t\t<\/div>\n\t\t\t\t\t\t\t\t<div class=\"elementor-field-type-textarea elementor-field-group elementor-column elementor-field-group-message elementor-col-100\">\n\t\t\t\t\t\t\t\t\t\t\t\t<label for=\"form-field-message\" class=\"elementor-field-label elementor-screen-only\">\n\t\t\t\t\t\t\t\tMensaje\t\t\t\t\t\t\t<\/label>\n\t\t\t\t\t\t<textarea class=\"elementor-field-textual elementor-field  elementor-size-sm\" name=\"form_fields[message]\" id=\"form-field-message\" rows=\"4\" placeholder=\"Mensaje\"><\/textarea>\t\t\t\t<\/div>\n\t\t\t\t\t\t\t\t<div class=\"elementor-field-group elementor-column elementor-field-type-submit elementor-col-100 e-form__buttons\">\n\t\t\t\t\t<button class=\"elementor-button elementor-size-sm\" type=\"submit\">\n\t\t\t\t\t\t<span class=\"elementor-button-content-wrapper\">\n\t\t\t\t\t\t\t\t\t\t\t\t\t\t\t\t\t\t\t\t\t\t<span class=\"elementor-button-text\">Obtenga presupuestos al instante<\/span>\n\t\t\t\t\t\t\t\t\t\t\t\t\t<\/span>\n\t\t\t\t\t<\/button>\n\t\t\t\t<\/div>\n\t\t\t<\/div>\n\t\t<input type=\"hidden\" name=\"trp-form-language\" value=\"es\"\/><\/form>\n\t\t\t\t\t\t<\/div>\n\t\t\t\t<\/div>\n\t\t\t\t<\/div>\n\t\t\t\t\t<\/div>\n\t\t\t\t<\/div>\n\t\t\t\t<\/div>","protected":false},"excerpt":{"rendered":"<p>How to Get Accurate Freight Quote: The Ultimate Guide Kenny work on logstics industry since 2005 Boost your business with [&hellip;]<\/p>","protected":false},"author":1,"featured_media":0,"parent":0,"menu_order":0,"comment_status":"closed","ping_status":"closed","template":"","meta":{"site-sidebar-layout":"no-sidebar","site-content-layout":"","ast-site-content-layout":"full-width-container","site-content-style":"default","site-sidebar-style":"default","ast-global-header-display":"","ast-banner-title-visibility":"","ast-main-header-display":"","ast-hfb-above-header-display":"","ast-hfb-below-header-display":"","ast-hfb-mobile-header-display":"","site-post-title":"disabled","ast-breadcrumbs-content":"","ast-featured-img":"disabled","footer-sml-layout":"","theme-transparent-header-meta":"","adv-header-id-meta":"","stick-header-meta":"","header-above-stick-meta":"","header-main-stick-meta":"","header-below-stick-meta":"","astra-migrate-meta-layouts":"default","ast-page-background-enabled":"default","ast-page-background-meta":{"desktop":{"background-color":"var(--ast-global-color-5)","background-image":"","background-repeat":"repeat","background-position":"center center","background-size":"auto","background-attachment":"scroll","background-type":"","background-media":"","overlay-type":"","overlay-color":"","overlay-opacity":"","overlay-gradient":""},"tablet":{"background-color":"","background-image":"","background-repeat":"repeat","background-position":"center center","background-size":"auto","background-attachment":"scroll","background-type":"","background-media":"","overlay-type":"","overlay-color":"","overlay-opacity":"","overlay-gradient":""},"mobile":{"background-color":"","background-image":"","background-repeat":"repeat","background-position":"center center","background-size":"auto","background-attachment":"scroll","background-type":"","background-media":"","overlay-type":"","overlay-color":"","overlay-opacity":"","overlay-gradient":""}},"ast-content-background-meta":{"desktop":{"background-color":"var(--ast-global-color-4)","background-image":"","background-repeat":"repeat","background-position":"center center","background-size":"auto","background-attachment":"scroll","background-type":"","background-media":"","overlay-type":"","overlay-color":"","overlay-opacity":"","overlay-gradient":""},"tablet":{"background-color":"var(--ast-global-color-4)","background-image":"","background-repeat":"repeat","background-position":"center center","background-size":"auto","background-attachment":"scroll","background-type":"","background-media":"","overlay-type":"","overlay-color":"","overlay-opacity":"","overlay-gradient":""},"mobile":{"background-color":"var(--ast-global-color-4)","background-image":"","background-repeat":"repeat","background-position":"center center","background-size":"auto","background-attachment":"scroll","background-type":"","background-media":"","overlay-type":"","overlay-color":"","overlay-opacity":"","overlay-gradient":""}},"footnotes":""},"class_list":["post-624","page","type-page","status-publish","hentry"],"_links":{"self":[{"href":"https:\/\/hytcargo.com\/es\/wp-json\/wp\/v2\/pages\/624","targetHints":{"allow":["GET"]}}],"collection":[{"href":"https:\/\/hytcargo.com\/es\/wp-json\/wp\/v2\/pages"}],"about":[{"href":"https:\/\/hytcargo.com\/es\/wp-json\/wp\/v2\/types\/page"}],"author":[{"embeddable":true,"href":"https:\/\/hytcargo.com\/es\/wp-json\/wp\/v2\/users\/1"}],"replies":[{"embeddable":true,"href":"https:\/\/hytcargo.com\/es\/wp-json\/wp\/v2\/comments?post=624"}],"version-history":[{"count":10,"href":"https:\/\/hytcargo.com\/es\/wp-json\/wp\/v2\/pages\/624\/revisions"}],"predecessor-version":[{"id":2541,"href":"https:\/\/hytcargo.com\/es\/wp-json\/wp\/v2\/pages\/624\/revisions\/2541"}],"wp:attachment":[{"href":"https:\/\/hytcargo.com\/es\/wp-json\/wp\/v2\/media?parent=624"}],"curies":[{"name":"wp","href":"https:\/\/api.w.org\/{rel}","templated":true}]}}