{"id":567,"date":"2025-09-18T08:31:08","date_gmt":"2025-09-18T08:31:08","guid":{"rendered":"https:\/\/hytcargo.com\/?page_id=567"},"modified":"2025-11-29T18:49:27","modified_gmt":"2025-11-29T18:49:27","slug":"quien-paga-los-gastos-de-transporte-de-un-envio","status":"publish","type":"page","link":"https:\/\/hytcargo.com\/es\/quien-paga-los-gastos-de-transporte-de-un-envio\/","title":{"rendered":"\u00bfQui\u00e9n paga los gastos de transporte de un env\u00edo?"},"content":{"rendered":"<div data-elementor-type=\"wp-page\" data-elementor-id=\"567\" class=\"elementor elementor-567\" data-elementor-post-type=\"page\">\n\t\t\t\t<div class=\"elementor-element elementor-element-487aa9d e-flex e-con-boxed e-con e-parent\" data-id=\"487aa9d\" data-element_type=\"container\" data-e-type=\"container\" data-settings=\"{&quot;background_background&quot;:&quot;classic&quot;}\">\n\t\t\t\t\t<div class=\"e-con-inner\">\n\t\t\t\t<div class=\"elementor-element elementor-element-3e98167 elementor-widget elementor-widget-heading\" data-id=\"3e98167\" data-element_type=\"widget\" data-e-type=\"widget\" data-widget_type=\"heading.default\">\n\t\t\t\t\t<h2 class=\"elementor-heading-title elementor-size-default\">\u00bfQui\u00e9n paga los gastos de transporte de un env\u00edo?\n<\/h2>\t\t\t\t<\/div>\n\t\t\t\t\t<\/div>\n\t\t\t\t<\/div>\n\t\t<div class=\"elementor-element elementor-element-d31ba56 e-flex e-con-boxed e-con e-parent\" data-id=\"d31ba56\" data-element_type=\"container\" data-e-type=\"container\">\n\t\t\t\t\t<div class=\"e-con-inner\">\n\t\t<div class=\"elementor-element elementor-element-44ba139 e-con-full e-flex e-con e-child\" data-id=\"44ba139\" data-element_type=\"container\" data-e-type=\"container\">\n\t\t<div class=\"elementor-element elementor-element-0050412 e-con-full e-flex e-con e-child\" data-id=\"0050412\" data-element_type=\"container\" data-e-type=\"container\">\n\t\t\t\t<div class=\"elementor-element elementor-element-002f588 elementor-widget elementor-widget-image\" data-id=\"002f588\" data-element_type=\"widget\" data-e-type=\"widget\" data-widget_type=\"image.default\">\n\t\t\t\t\t\t\t\t\t\t\t\t\t\t\t<img decoding=\"async\" src=\"https:\/\/hytcargo.com\/wp-content\/uploads\/elementor\/thumbs\/Helen-300x300-1-rcdv6nklkn7z799fd32ev8b1f7a02rd3llak7dzso8.webp\" title=\"Helen-300\u00d7300\" alt=\"Helen-300x300\" loading=\"lazy\" \/>\t\t\t\t\t\t\t\t\t\t\t\t\t\t\t<\/div>\n\t\t<div class=\"elementor-element elementor-element-5718c0a e-con-full e-flex e-con e-child\" data-id=\"5718c0a\" data-element_type=\"container\" data-e-type=\"container\">\n\t\t\t\t<div class=\"elementor-element elementor-element-1a53b09 elementor-widget elementor-widget-heading\" data-id=\"1a53b09\" data-element_type=\"widget\" data-e-type=\"widget\" data-widget_type=\"heading.default\">\n\t\t\t\t\t<h5 class=\"elementor-heading-title elementor-size-default\">Kenny<\/h5>\t\t\t\t<\/div>\n\t\t\t\t<div class=\"elementor-element elementor-element-ea205f4 elementor-widget elementor-widget-text-editor\" data-id=\"ea205f4\" data-element_type=\"widget\" data-e-type=\"widget\" data-widget_type=\"text-editor.default\">\n\t\t\t\t\t\t\t\t\t<p><a class=\"elementor-author-box__button elementor-button elementor-size-xs\" href=\"https:\/\/wa.me\/85262138796\" rel=\"nofollow noopener\" target=\"_blank\">trabaja en el sector de la log\u00edstica desde 2005<\/a><\/p>\t\t\t\t\t\t\t\t<\/div>\n\t\t\t\t<\/div>\n\t\t\t\t<\/div>\n\t\t\t\t<\/div>\n\t\t\t\t\t<\/div>\n\t\t\t\t<\/div>\n\t\t<div class=\"elementor-element elementor-element-f50c0ed e-flex e-con-boxed e-con e-parent\" data-id=\"f50c0ed\" data-element_type=\"container\" data-e-type=\"container\">\n\t\t\t\t\t<div class=\"e-con-inner\">\n\t\t<div class=\"elementor-element elementor-element-f690cae e-con-full e-flex e-con e-child\" data-id=\"f690cae\" data-element_type=\"container\" data-e-type=\"container\">\n\t\t\t\t<div class=\"elementor-element elementor-element-12b2742 elementor-widget elementor-widget-shortcode\" data-id=\"12b2742\" data-element_type=\"widget\" data-e-type=\"widget\" data-widget_type=\"shortcode.default\">\n\t\t\t\t\t\t\t<div class=\"elementor-shortcode\"><div data-post-id=\"1434\" class=\"insert-page insert-page-1434\">\t\t<div data-elementor-type=\"wp-post\" data-elementor-id=\"1434\" class=\"elementor elementor-1434\" data-elementor-post-type=\"post\">\n\t\t\t\t<div class=\"elementor-element elementor-element-1037060b e-flex e-con-boxed e-con e-parent\" data-id=\"1037060b\" data-element_type=\"container\" data-e-type=\"container\">\n\t\t\t\t\t<div class=\"e-con-inner\">\n\t\t\t\t<div class=\"elementor-element elementor-element-288d08be elementor-widget elementor-widget-text-editor\" data-id=\"288d08be\" data-element_type=\"widget\" data-e-type=\"widget\" data-widget_type=\"text-editor.default\">\n\t\t\t\t\t\t\t\t\t\n<p>En el siguiente art\u00edculo explicaremos las principales diferencias entre tipos de env\u00edos. Leyendo las p\u00e1ginas siguientes tambi\u00e9n comprender\u00e1 qui\u00e9n tiene que pagar estos gastos en funci\u00f3n de las condiciones en que se realice el flete. B\u00e1sicamente, el coste de <a href=\"https:\/\/hytcargo.com\/es\/expres\/\">env\u00edo<\/a> refers to what it <a href=\"https:\/\/hytcargo.com\/es\/shipping-from-china-to-the-uk-complete-guide-on-transit-times-costs-and-optimization-hytcargo\/\">costs<\/a> to move goods from A location to B location. There could be different types of shipments and depending on them, the costs will cover different aspects of transport. The easiest way to divide the types of cost of transportation is to divide them into Landside and Ocean costs:<\/p>\n\n<ul class=\"wp-block-list\">\n<li>Cargos relacionados con el transporte mar\u00edtimo - El coste de transportar mercanc\u00edas por mar. Aunque existen diferentes tipos de env\u00edos. Puede ser de puerto a puerto o incluso de puerta a puerta, entre otros servicios. Normalmente <a href=\"https:\/\/hytcargo.com\/es\/why-is-shipping-from-china-so-expensive\/\">transporte mar\u00edtimo<\/a> se cobrar\u00e1n en funci\u00f3n del volumen de su env\u00edo en pies c\u00fabicos. Estos son los cargos m\u00e1s comunes relacionados con el Oc\u00e9ano:\n<ul class=\"wp-block-list\">\n<li>Costes de transporte mar\u00edtimo\u00a0<\/li>\n\n<li>Factor de ajuste del combustible (BAF).<\/li>\n\n<li>Protecci\u00f3n internacional de los buques y las instalaciones portuarias (PBIP)\u00a0<\/li>\n\n<li>Recargo por bajo contenido en azufre\u00a0<\/li>\n\n<li>Factor de ajuste monetario (CAF)\u00a0<\/li>\n<\/ul>\n<\/li>\n\n<li>landside charges significado El coste del transporte terrestre puede dividirse en subcategor\u00edas. Estas pueden ser, entre otras, aduanas, carretera y ferrocarril. Cada una de estas categor\u00edas tiene sus propios costes. Por ejemplo:\n<ul class=\"wp-block-list\">\n<li>Gastos de manipulaci\u00f3n en terminal<\/li>\n\n<li>Muellaje\u00a0<\/li>\n\n<li>Cartage\u00a0<\/li>\n\n<li>Recargo por uso de chasis\u00a0<\/li>\n<\/ul>\n<\/li>\n<\/ul>\n\n<h2 class=\"wp-block-heading\">\u00bfQui\u00e9n paga estos gastos?<\/h2>\n\n<figure class=\"wp-block-image\"><img decoding=\"async\" class=\"wp-image-8246\" src=\"https:\/\/cdn-bgpng.nitrocdn.com\/AOsugMHohUjHimgCXEQRtZnLeYQRPTXu\/assets\/images\/optimized\/rev-d686271\/www.honouroceanshipping.com\/wp-content\/uploads\/2021\/09\/Green-Illustration-Online-Transfer-Instagram-Post-1024x1024.jpg\" alt=\"\" title=\"\"><\/figure>\n\n<p>La parte que pagar\u00e1 estos gastos depende totalmente del comprador y del vendedor. Sin embargo, suelen utilizar los t\u00e9rminos comerciales internacionales para decidir en funci\u00f3n de una serie de normas definidas por la C\u00e1mara de Comercio Internacional. Esto les permitir\u00e1 acordar t\u00e9rminos espec\u00edficos en relaci\u00f3n con un env\u00edo determinado.\u00a0<\/p>\n\n<p>Por ejemplo, puede haber una tarifa dividida que ambas partes tengan que pagar a la naviera. Aunque a menudo el exportador paga todos los gastos relacionados con el transporte mar\u00edtimo. Esto podr\u00eda incluir el flete, ISPS o BAF.  Por otro lado, el transitario pagar\u00e1 todos los gastos terrestres, como las tasas de servicio, el conocimiento de embarque y el THC. Si se trata de un franco a bordo (FOB), el transportista deber\u00e1 pagar todas las tasas relacionadas con el FOB en el puerto en cuesti\u00f3n.<\/p>\n\n<p>Las tasas asociadas al FOB, entre otras, pueden ser:<\/p>\n\n<ul class=\"wp-block-list\">\n<li>THC<\/li>\n\n<li><a href=\"https:\/\/wa.me\/85262138796\" rel=\"nofollow noopener\" target=\"_blank\">Conocimiento de embarque<\/a><\/li>\n\n<li>Tasas previas al matrimonio<\/li>\n\n<li>Otros servicios<\/li>\n<\/ul>\n\n<p>Es fundamental que haya un acuerdo claro y mutuo entre el comprador y el transportista sobre qui\u00e9n es responsable de pagar qu\u00e9 tasas exactamente. Lo mejor es llegar a un acuerdo antes de que se realice el env\u00edo, as\u00ed se evitar\u00e1n confusiones.<\/p>\n\n<h2 class=\"wp-block-heading\">11 T\u00e9rminos de env\u00edo definidos en los Incoterms<\/h2>\n\n<p>Los Incoterms definen 11 t\u00e9rminos principales. Se trata de t\u00e9rminos \u00fatiles e importantes, ya que permiten a ambas partes llevar a cabo su parte del trabajo, sin confusi\u00f3n y con una sensaci\u00f3n de seguridad de que las condiciones se ajustar\u00e1n. Por lo general, el t\u00e9rmino se utilizar\u00e1 espec\u00edficamente y cambiar\u00e1 en funci\u00f3n de la transacci\u00f3n comercial exacta y su ubicaci\u00f3n. Por ejemplo, FOB Hamburgo, etc.<\/p>\n\n<ul class=\"wp-block-list\">\n<li>Ex Works (EXW) - El Vendedor avisa al Comprador de cu\u00e1ndo est\u00e1 lista la mercanc\u00eda. La \u00fanica responsabilidad del vendedor es proporcionar las mercanc\u00edas para su recogida por el Comprador. El Comprador asume entonces toda la responsabilidad de los cargos adicionales as\u00ed como de la entrega de la mercanc\u00eda.<\/li>\n\n<li>Free Alongside Ship (FAS) - Es un t\u00e9rmino que s\u00f3lo se aplica durante el transporte por agua. El Vendedor tiene toda la responsabilidad hasta que la mercanc\u00eda llega al puerto de destino. A partir de ese momento, toda la responsabilidad recae en el Comprador.<\/li>\n\n<li>Coste del flete (CFR) - Tambi\u00e9n se aplica \u00fanicamente al transporte mar\u00edtimo. En este caso, el vendedor paga todos los costes necesarios para llevar la mercanc\u00eda al puerto acordado. A continuaci\u00f3n, el Comprador asume la responsabilidad de: la carga de la mercanc\u00eda, el transporte y la importaci\u00f3n.<\/li>\n\n<li>Free Carrier (FCA) - Tras acordar la ubicaci\u00f3n por parte del Vendedor, \u00e9ste se encargar\u00e1 de cargar la mercanc\u00eda. A continuaci\u00f3n, el transporte, el riesgo de p\u00e9rdida y los gastos de flete adicionales pasar\u00e1n al Comprador.<\/li>\n\n<li>Coste, Seguro y Flete (CIF) - Es muy similar al CFR. La principal diferencia es que el Vendedor debe obtener un seguro en caso de da\u00f1o o p\u00e9rdida de la mercanc\u00eda.<\/li>\n\n<li>Franco a bordo (FOB) El t\u00e9rmino siempre va seguido del nombre del puerto por el que se transporta la mercanc\u00eda (por ejemplo: FOB Boston). Esto tambi\u00e9n es s\u00f3lo aplicable al transporte mar\u00edtimo. El vendedor paga y es responsable de cargar la mercanc\u00eda en camiones u otros medios de transporte. A continuaci\u00f3n, la responsabilidad pasa al Comprador.\u00a0<\/li>\n\n<li>Transporte pagado hasta (CPT) - Se acuerda un lugar por parte del Comprador. Despu\u00e9s de lo cual la responsabilidad de la importaci\u00f3n es del Comprador. El vendedor tambi\u00e9n es responsable del transporte, los gastos de flete, las obligaciones de exportaci\u00f3n y el riesgo de p\u00e9rdida.<\/li>\n\n<li>Entregado en terminal (DAT) - El Comprador y el Vendedor designan una terminal, o un punto espec\u00edfico dentro de una terminal, por parte del Comprador. Aparte de las responsabilidades de importaci\u00f3n y descarga, todo lo dem\u00e1s recae sobre el Vendedor.<\/li>\n\n<li>Transporte y Seguro Pagados (CIP) - Se nombra un lugar en el lado del Comprador. El vendedor preparar\u00e1 el flete aqu\u00ed. El vendedor es responsable de todos y cada uno de los aspectos de la transacci\u00f3n, aparte de la descarga de la mercanc\u00eda del buque final.\u00a0<\/li>\n\n<li>Entregado en el lugar (DAP) - El Comprador designa un lugar de destino espec\u00edfico. La mercanc\u00eda se entregar\u00e1 en este lugar y, aparte de las obligaciones de importaci\u00f3n y descarga, el Vendedor asume todas las dem\u00e1s responsabilidades.<\/li>\n\n<li>Delivered Duty Paid - (DDP) - Las partes asignan un lugar estipulado para el Comprador. Aqu\u00ed se entregar\u00e1n todas las mercanc\u00edas. La \u00fanica responsabilidad del Comprador es descargar la mercanc\u00eda al final de la transacci\u00f3n.<\/li>\n<\/ul>\n\n<h2 class=\"wp-block-heading\">3 Incoterms de uso com\u00fan<\/h2>\n\n<figure class=\"wp-block-image\"><img decoding=\"async\" class=\"wp-image-8247\" src=\"https:\/\/cdn-bgpng.nitrocdn.com\/AOsugMHohUjHimgCXEQRtZnLeYQRPTXu\/assets\/images\/optimized\/rev-d686271\/www.honouroceanshipping.com\/wp-content\/uploads\/2021\/09\/Modern-Cream-Brown-Business-Marketing-Proposal-724x1024.jpg\" alt=\"\" title=\"\"><\/figure>\n\n<p>Las 11 definiciones anteriores son \u00fatiles para ver todas las opciones. Sin embargo, 3 t\u00e9rminos dignos de menci\u00f3n son FOB, CIF y EXW. Estos t\u00e9rminos se utilizan habitualmente. Su principal diferencia es que cuando se utiliza Ex Works, el Comprador cubre la mayor\u00eda de los gastos, mientras que cuando se utiliza Cost Insurance and Freight y Free on Board, el Vendedor debe cubrir la mayor\u00eda de los gastos. De los tres, CIF es el m\u00e1s caro. Habr\u00e1 gastos adicionales como: costes de organizaci\u00f3n.\u00a0<\/p>\n\n<p>incoterms-explicados<\/p>\n\n<h3 class=\"wp-block-heading\">gastos de env\u00edo comprobar ahora<\/h3>\n\n<p><a href=\"https:\/\/wa.me\/85262138796\" rel=\"nofollow noopener\" target=\"_blank\">Reservar ahora<\/a><\/p>\n\n<h2 class=\"wp-block-heading\">Simplificaci\u00f3n del proceso de servicios de carga<\/h2>\n\n<p>El env\u00edo internacional puede ser un proceso complejo, especialmente en lo que respecta a la documentaci\u00f3n, la normativa y las decisiones de ruta, el despacho de aduanas y los impuestos, as\u00ed que deje que nos encarguemos de ello con nuestra pericia y nuestros 12 a\u00f1os de experiencia.<\/p>\n\n<p>Podemos intervenir para que su proceso de env\u00edo internacional sea m\u00e1s fluido y sencillo, permiti\u00e9ndole centrarse en su negocio.<\/p>\n\n<h2 class=\"wp-block-heading\">Nosotros lo hacemos todo. Para que usted no tenga que hacerlo.<\/h2>\n\n<p>No importa el sector o el tama\u00f1o de su empresa, China Freight como operadores de transporte puede ayudarle. Tenemos equipos de expertos dedicados a servir a los importadores con sede en Canad\u00e1 como usted.<\/p>\n\n<p>Lo hacemos todo: transporte de mercanc\u00edas, log\u00edstica de comercio electr\u00f3nico, despacho de aduanas o almacenamiento, desde el origen hasta el destino. Queremos ayudarle a aliviar su estr\u00e9s, apoyar su negocio y mantenerle por delante de la competencia en su sector.\u00a0<\/p>\n\t\t\t\t\t\t\t\t<\/div>\n\t\t\t\t\t<\/div>\n\t\t\t\t<\/div>\n\t\t\t\t<\/div>\n\t\t<\/div><\/div>\n\t\t\t\t\t\t<\/div>\n\t\t\t\t<\/div>\n\t\t<div class=\"elementor-element elementor-element-ee8fe21 e-con-full e-flex e-con e-child\" data-id=\"ee8fe21\" data-element_type=\"container\" data-e-type=\"container\" data-settings=\"{&quot;sticky&quot;:&quot;top&quot;,&quot;sticky_offset&quot;:100,&quot;sticky_on&quot;:[&quot;desktop&quot;,&quot;tablet&quot;,&quot;mobile&quot;],&quot;sticky_effects_offset&quot;:0,&quot;sticky_anchor_link_offset&quot;:0}\">\n\t\t<div class=\"elementor-element elementor-element-096dcfe e-con-full e-flex e-con e-child\" data-id=\"096dcfe\" data-element_type=\"container\" data-e-type=\"container\" data-settings=\"{&quot;background_background&quot;:&quot;classic&quot;}\">\n\t\t\t\t<div class=\"elementor-element elementor-element-11f2ade elementor-widget elementor-widget-heading\" data-id=\"11f2ade\" data-element_type=\"widget\" data-e-type=\"widget\" data-widget_type=\"heading.default\">\n\t\t\t\t\t<h1 class=\"elementor-heading-title elementor-size-default\">Impulse su negocio con nuestros servicios de alta calidad<\/h1>\t\t\t\t<\/div>\n\t\t\t\t<div class=\"elementor-element elementor-element-45937cb elementor-button-align-center elementor-widget elementor-widget-form\" data-id=\"45937cb\" data-element_type=\"widget\" data-e-type=\"widget\" data-settings=\"{&quot;step_next_label&quot;:&quot;Next&quot;,&quot;step_previous_label&quot;:&quot;Previous&quot;,&quot;button_width&quot;:&quot;100&quot;,&quot;step_type&quot;:&quot;number_text&quot;,&quot;step_icon_shape&quot;:&quot;circle&quot;}\" data-widget_type=\"form.default\">\n\t\t\t\t\t\t\t<form class=\"elementor-form\" method=\"post\" name=\"New Form\" aria-label=\"Nuevo formulario\" action=\"\">\n\t\t\t<input type=\"hidden\" name=\"post_id\" value=\"567\"\/>\n\t\t\t<input type=\"hidden\" name=\"form_id\" value=\"45937cb\"\/>\n\t\t\t<input type=\"hidden\" name=\"referer_title\" value=\"\" \/>\n\n\t\t\t\n\t\t\t<div class=\"elementor-form-fields-wrapper elementor-labels-\">\n\t\t\t\t\t\t\t\t<div class=\"elementor-field-type-text elementor-field-group elementor-column elementor-field-group-name elementor-col-100\">\n\t\t\t\t\t\t\t\t\t\t\t\t<label for=\"form-field-name\" class=\"elementor-field-label elementor-screen-only\">\n\t\t\t\t\t\t\t\tNombre\t\t\t\t\t\t\t<\/label>\n\t\t\t\t\t\t\t\t\t\t\t\t\t\t<input size=\"1\" type=\"text\" name=\"form_fields[name]\" id=\"form-field-name\" class=\"elementor-field elementor-size-sm  elementor-field-textual\" placeholder=\"Nombre\">\n\t\t\t\t\t\t\t\t\t\t\t<\/div>\n\t\t\t\t\t\t\t\t<div class=\"elementor-field-type-email elementor-field-group elementor-column elementor-field-group-email elementor-col-100 elementor-field-required\">\n\t\t\t\t\t\t\t\t\t\t\t\t<label for=\"form-field-email\" class=\"elementor-field-label elementor-screen-only\">\n\t\t\t\t\t\t\t\tCorreo electr\u00f3nico\t\t\t\t\t\t\t<\/label>\n\t\t\t\t\t\t\t\t\t\t\t\t\t\t<input size=\"1\" type=\"email\" name=\"form_fields[email]\" id=\"form-field-email\" class=\"elementor-field elementor-size-sm  elementor-field-textual\" placeholder=\"Correo electr\u00f3nico\" required=\"required\">\n\t\t\t\t\t\t\t\t\t\t\t<\/div>\n\t\t\t\t\t\t\t\t<div class=\"elementor-field-type-textarea elementor-field-group elementor-column elementor-field-group-message elementor-col-100\">\n\t\t\t\t\t\t\t\t\t\t\t\t<label for=\"form-field-message\" class=\"elementor-field-label elementor-screen-only\">\n\t\t\t\t\t\t\t\tMensaje\t\t\t\t\t\t\t<\/label>\n\t\t\t\t\t\t<textarea class=\"elementor-field-textual elementor-field  elementor-size-sm\" name=\"form_fields[message]\" id=\"form-field-message\" rows=\"4\" placeholder=\"Mensaje\"><\/textarea>\t\t\t\t<\/div>\n\t\t\t\t\t\t\t\t<div class=\"elementor-field-group elementor-column elementor-field-type-submit elementor-col-100 e-form__buttons\">\n\t\t\t\t\t<button class=\"elementor-button elementor-size-sm\" type=\"submit\">\n\t\t\t\t\t\t<span class=\"elementor-button-content-wrapper\">\n\t\t\t\t\t\t\t\t\t\t\t\t\t\t\t\t\t\t\t\t\t\t<span class=\"elementor-button-text\">Obtenga presupuestos al instante<\/span>\n\t\t\t\t\t\t\t\t\t\t\t\t\t<\/span>\n\t\t\t\t\t<\/button>\n\t\t\t\t<\/div>\n\t\t\t<\/div>\n\t\t<input type=\"hidden\" name=\"trp-form-language\" value=\"es\"\/><\/form>\n\t\t\t\t\t\t<\/div>\n\t\t\t\t<\/div>\n\t\t\t\t<\/div>\n\t\t\t\t\t<\/div>\n\t\t\t\t<\/div>\n\t\t\t\t<\/div>","protected":false},"excerpt":{"rendered":"<p>Who Pays Freight Charges For A Shipment Kenny work on logstics industry since 2005 Boost your business with our high [&hellip;]<\/p>","protected":false},"author":1,"featured_media":0,"parent":0,"menu_order":0,"comment_status":"closed","ping_status":"closed","template":"","meta":{"site-sidebar-layout":"no-sidebar","site-content-layout":"","ast-site-content-layout":"full-width-container","site-content-style":"default","site-sidebar-style":"default","ast-global-header-display":"","ast-banner-title-visibility":"","ast-main-header-display":"","ast-hfb-above-header-display":"","ast-hfb-below-header-display":"","ast-hfb-mobile-header-display":"","site-post-title":"disabled","ast-breadcrumbs-content":"","ast-featured-img":"disabled","footer-sml-layout":"","theme-transparent-header-meta":"","adv-header-id-meta":"","stick-header-meta":"","header-above-stick-meta":"","header-main-stick-meta":"","header-below-stick-meta":"","astra-migrate-meta-layouts":"default","ast-page-background-enabled":"default","ast-page-background-meta":{"desktop":{"background-color":"var(--ast-global-color-5)","background-image":"","background-repeat":"repeat","background-position":"center center","background-size":"auto","background-attachment":"scroll","background-type":"","background-media":"","overlay-type":"","overlay-color":"","overlay-opacity":"","overlay-gradient":""},"tablet":{"background-color":"","background-image":"","background-repeat":"repeat","background-position":"center center","background-size":"auto","background-attachment":"scroll","background-type":"","background-media":"","overlay-type":"","overlay-color":"","overlay-opacity":"","overlay-gradient":""},"mobile":{"background-color":"","background-image":"","background-repeat":"repeat","background-position":"center center","background-size":"auto","background-attachment":"scroll","background-type":"","background-media":"","overlay-type":"","overlay-color":"","overlay-opacity":"","overlay-gradient":""}},"ast-content-background-meta":{"desktop":{"background-color":"var(--ast-global-color-4)","background-image":"","background-repeat":"repeat","background-position":"center center","background-size":"auto","background-attachment":"scroll","background-type":"","background-media":"","overlay-type":"","overlay-color":"","overlay-opacity":"","overlay-gradient":""},"tablet":{"background-color":"var(--ast-global-color-4)","background-image":"","background-repeat":"repeat","background-position":"center center","background-size":"auto","background-attachment":"scroll","background-type":"","background-media":"","overlay-type":"","overlay-color":"","overlay-opacity":"","overlay-gradient":""},"mobile":{"background-color":"var(--ast-global-color-4)","background-image":"","background-repeat":"repeat","background-position":"center center","background-size":"auto","background-attachment":"scroll","background-type":"","background-media":"","overlay-type":"","overlay-color":"","overlay-opacity":"","overlay-gradient":""}},"footnotes":""},"class_list":["post-567","page","type-page","status-publish","hentry"],"_links":{"self":[{"href":"https:\/\/hytcargo.com\/es\/wp-json\/wp\/v2\/pages\/567","targetHints":{"allow":["GET"]}}],"collection":[{"href":"https:\/\/hytcargo.com\/es\/wp-json\/wp\/v2\/pages"}],"about":[{"href":"https:\/\/hytcargo.com\/es\/wp-json\/wp\/v2\/types\/page"}],"author":[{"embeddable":true,"href":"https:\/\/hytcargo.com\/es\/wp-json\/wp\/v2\/users\/1"}],"replies":[{"embeddable":true,"href":"https:\/\/hytcargo.com\/es\/wp-json\/wp\/v2\/comments?post=567"}],"version-history":[{"count":10,"href":"https:\/\/hytcargo.com\/es\/wp-json\/wp\/v2\/pages\/567\/revisions"}],"predecessor-version":[{"id":2493,"href":"https:\/\/hytcargo.com\/es\/wp-json\/wp\/v2\/pages\/567\/revisions\/2493"}],"wp:attachment":[{"href":"https:\/\/hytcargo.com\/es\/wp-json\/wp\/v2\/media?parent=567"}],"curies":[{"name":"wp","href":"https:\/\/api.w.org\/{rel}","templated":true}]}}