{"id":490,"date":"2025-09-18T02:03:48","date_gmt":"2025-09-18T02:03:48","guid":{"rendered":"https:\/\/hytcargo.com\/?page_id=490"},"modified":"2025-11-29T18:52:36","modified_gmt":"2025-11-29T18:52:36","slug":"china-to-oman","status":"publish","type":"page","link":"https:\/\/hytcargo.com\/es\/china-to-oman\/","title":{"rendered":"De China a Om\u00e1n"},"content":{"rendered":"<div data-elementor-type=\"wp-page\" data-elementor-id=\"490\" class=\"elementor elementor-490\" data-elementor-post-type=\"page\">\n\t\t\t\t<div class=\"elementor-element elementor-element-02ed2ad e-flex e-con-boxed e-con e-parent\" data-id=\"02ed2ad\" data-element_type=\"container\" data-e-type=\"container\" data-settings=\"{&quot;background_background&quot;:&quot;classic&quot;}\">\n\t\t\t\t\t<div class=\"e-con-inner\">\n\t\t\t\t<div class=\"elementor-element elementor-element-1bf262e elementor-widget elementor-widget-heading\" data-id=\"1bf262e\" data-element_type=\"widget\" data-e-type=\"widget\" data-widget_type=\"heading.default\">\n\t\t\t\t\t<h2 class=\"elementor-heading-title elementor-size-default\">Shipping from China to Oman\n<\/h2>\t\t\t\t<\/div>\n\t\t\t\t\t<\/div>\n\t\t\t\t<\/div>\n\t\t<div class=\"elementor-element elementor-element-f0b9135 e-flex e-con-boxed e-con e-parent\" data-id=\"f0b9135\" data-element_type=\"container\" data-e-type=\"container\">\n\t\t\t\t\t<div class=\"e-con-inner\">\n\t\t<div class=\"elementor-element elementor-element-6d455fb e-con-full e-flex e-con e-child\" data-id=\"6d455fb\" data-element_type=\"container\" data-e-type=\"container\">\n\t\t<div class=\"elementor-element elementor-element-082c632 e-con-full e-flex e-con e-child\" data-id=\"082c632\" data-element_type=\"container\" data-e-type=\"container\">\n\t\t\t\t<div class=\"elementor-element elementor-element-1007fee elementor-widget elementor-widget-image\" data-id=\"1007fee\" data-element_type=\"widget\" data-e-type=\"widget\" data-widget_type=\"image.default\">\n\t\t\t\t\t\t\t\t\t\t\t\t\t\t\t<img decoding=\"async\" src=\"https:\/\/hytcargo.com\/wp-content\/uploads\/elementor\/thumbs\/Helen-300x300-1-rcdv6nklkn7z799fd32ev8b1f7a02rd3llak7dzso8.webp\" title=\"Helen-300\u00d7300\" alt=\"Helen-300x300\" loading=\"lazy\" \/>\t\t\t\t\t\t\t\t\t\t\t\t\t\t\t<\/div>\n\t\t<div class=\"elementor-element elementor-element-fdec8bc e-con-full e-flex e-con e-child\" data-id=\"fdec8bc\" data-element_type=\"container\" data-e-type=\"container\">\n\t\t\t\t<div class=\"elementor-element elementor-element-b84342a elementor-widget elementor-widget-heading\" data-id=\"b84342a\" data-element_type=\"widget\" data-e-type=\"widget\" data-widget_type=\"heading.default\">\n\t\t\t\t\t<h5 class=\"elementor-heading-title elementor-size-default\">Kenny<\/h5>\t\t\t\t<\/div>\n\t\t\t\t<div class=\"elementor-element elementor-element-2913bed elementor-widget elementor-widget-text-editor\" data-id=\"2913bed\" data-element_type=\"widget\" data-e-type=\"widget\" data-widget_type=\"text-editor.default\">\n\t\t\t\t\t\t\t\t\t<p><a class=\"elementor-author-box__button elementor-button elementor-size-xs\" href=\"https:\/\/wa.me\/85262138796\" rel=\"nofollow noopener\" target=\"_blank\">trabaja en el sector de la log\u00edstica desde 2005<\/a><\/p>\t\t\t\t\t\t\t\t<\/div>\n\t\t\t\t<\/div>\n\t\t\t\t<\/div>\n\t\t\t\t<\/div>\n\t\t\t\t\t<\/div>\n\t\t\t\t<\/div>\n\t\t<div class=\"elementor-element elementor-element-749bc09 e-flex e-con-boxed e-con e-parent\" data-id=\"749bc09\" data-element_type=\"container\" data-e-type=\"container\">\n\t\t\t\t\t<div class=\"e-con-inner\">\n\t\t<div class=\"elementor-element elementor-element-e5bfc70 e-con-full e-flex e-con e-child\" data-id=\"e5bfc70\" data-element_type=\"container\" data-e-type=\"container\">\n\t\t\t\t<div class=\"elementor-element elementor-element-bb5bac5 elementor-widget elementor-widget-shortcode\" data-id=\"bb5bac5\" data-element_type=\"widget\" data-e-type=\"widget\" data-widget_type=\"shortcode.default\">\n\t\t\t\t\t\t\t<div class=\"elementor-shortcode\"><div data-post-id=\"1394\" class=\"insert-page insert-page-1394\">\t\t<div data-elementor-type=\"wp-post\" data-elementor-id=\"1394\" class=\"elementor elementor-1394\" data-elementor-post-type=\"post\">\n\t\t\t\t<div class=\"elementor-element elementor-element-154e4851 e-flex e-con-boxed e-con e-parent\" data-id=\"154e4851\" data-element_type=\"container\" data-e-type=\"container\">\n\t\t\t\t\t<div class=\"e-con-inner\">\n\t\t\t\t<div class=\"elementor-element elementor-element-5d469e0d elementor-widget elementor-widget-text-editor\" data-id=\"5d469e0d\" data-element_type=\"widget\" data-e-type=\"widget\" data-widget_type=\"text-editor.default\">\n\t\t\t\t\t\t\t\t\t\n<h2 class=\"wp-block-heading\">Door to Door Delivery Services from China to Oman<\/h2>\n\n<p><a href=\"https:\/\/hytcargo.com\/es\/sinotrans-china-a-arabia-saudita-proceso-de-flete-maritimo-informacion-y-plazo-de-entrega-hyt-cargo\/\">hytcargo<\/a> <a href=\"https:\/\/hytcargo.com\/es\/expres\/\">env\u00edo<\/a> provides <a href=\"https:\/\/hytcargo.com\/es\/what-does-a-shipping-agent-do\/\">transporte mar\u00edtimo<\/a> , <a href=\"https:\/\/hytcargo.com\/es\/why-your-china-freight-shipping-to-usa-delays\/\">transporte a\u00e9reo<\/a>, <a href=\"https:\/\/hytcargo.com\/es\/npsel-china-to-saudi-arabia-express-delivery-service-guide-dhl-ups-fedex-transit-time-process-and-hytcargo-solutions\/\">expr\u00e9s<\/a> door to door and air <a href=\"https:\/\/hytcargo.com\/es\/awot-china-to-saudi-arabia-sensitive-cargo-air-shipping-compliance-restrictions-risk-control-by-hytcargo\/\">carga<\/a> services for importers and exporters.No matter you would like to ship to Muscat, Sohar, Salalah, we can always help you handle the shipments at a very attractive shipping price. We have a reliable freight forwarder for clients planning on <a href=\"https:\/\/hytcargo.com\/es\/why-is-shipping-from-china-so-expensive\/\">shipping from China<\/a> to Oman<\/p>\n\n<p>hytcargo fix on <a href=\"https:\/\/hytcargo.com\/es\/de-china-a-filipinas\/\">international freight forwarding<\/a> shipping from China to Canada since 2009, we supply\u00a0 one-stop sea freight and air shipping logistics solutions with competitive rates from China to all importers and wholesalers in oman<\/p>\n\n<p>Our services including Port to Port,\u00a0 door to door shipping service to Canada all address including business address, private address and <a href=\"https:\/\/hytcargo.com\/es\/servicio\/\">amazon<\/a> warehouse address.<\/p>\n\n<p>Whether your supply from Shenzhen, Guangzhou, Ningbo, Shanghai, Yiwu, Xiamen or any city and shipping to Toronto, Calgary, Edmonton, Halifax, Hamilton, and other cities in Canada, then honoucean shipping will be your best choice.<\/p>\n\n<p>Relying on the strong strength of the customs clearance agent in Canada, we can provide local customs clearance and high-quality local services for goods shipping to Canada. Whether goods shipped by air, sea or express to your private Canada address or shipping to Amazon in Canada, we will make sure your goods arriving in Canada completely and on time.<\/p>\n\n<h3 class=\"wp-block-heading\">Colaboraci\u00f3n para su \u00e9xito Ofrecemos excelencia.<\/h3>\n\n<p><a href=\"https:\/\/wa.me\/85262138796\" rel=\"nofollow noopener\" target=\"_blank\">Consulta<\/a><\/p>\n\n<p>You should consider the different options available when shipping your goods.hytcargo shipping can provide you with a wide range of solutions for all your shipping needs.<\/p>\n\n<h2 class=\"wp-block-heading\">TOP FREIGHT FORWARDER CHINA<\/h2>\n\n<p>Shenzhen Honour Ocean Shipping Co., Ltd. is a 13-year-old international logistics service provider based in China with branches in Changsha, Shenzhen, Guangzhou, Yiwu, and the United States. Specializing in sea and air freight, express delivery, and DDU\/DDP door-to-door services, we offer robust logistics solutions from China to the United States, Europe, Southeast Asia, Africa, the Middle East, South America, and beyond. With warehouses in major Chinese cities, we serve a diverse clientele, including foreign buyers, Chinese export companies, and factories, and can pick up orders from anywhere in China. Our competitive advantage lies in our extensive network, years of expertise, and commitment to prompt and efficient service. We are not only a logistics company but a reliable partner in global trade, addressing the pain points of our clients and ensuring the safe, timely, and cost-effective delivery of their goods.<\/p>\n\n<h3 class=\"wp-block-heading\">Shipping from China to Oman<\/h3>\n\n<p>Ofrecemos los siguientes servicios:<\/p>\n\n<ul class=\"wp-block-list\">\n<li>Cargas de contenedor completo (FCL) y cargas inferiores a un contenedor (LCL).<\/li>\n\n<li>DDP (Derechos de entrega pagados) y DDU (Derechos de entrega no pagados)<\/li>\n\n<li>Puerto a puerto, puerta a puerta, puerta a puerto, puerto a puerta<\/li>\n\n<li>almac\u00e9n y otros servicios de valor a\u00f1adido a petici\u00f3n del cliente<\/li>\n\n<li>Servicio de preparaci\u00f3n de Amazon<\/li>\n\n<li><a href=\"https:\/\/wa.me\/85262138796\" rel=\"nofollow noopener\" target=\"_blank\">rastrear<\/a><\/li>\n<\/ul>\n\n<figure class=\"wp-block-image\"><img decoding=\"async\" class=\"wp-image-2278\" src=\"https:\/\/www.honouroceanshipping.com\/wp-content\/uploads\/2021\/04\/sea-freight-to-canada.jpeg\" alt=\"\" title=\"\"><\/figure>\n\n<figure class=\"wp-block-image\"><img decoding=\"async\" class=\"wp-image-2279\" src=\"https:\/\/www.honouroceanshipping.com\/wp-content\/uploads\/2021\/04\/air-shipping-to-canada.jpg\" alt=\"\" title=\"\"><\/figure>\n\n<h3 class=\"wp-block-heading\">Air freight shipping from China to Oman<\/h3>\n\n<p>When shipping from China to Oman, air freight is a very suitable choice over the 100 kg weight for any product. We also sell competitively priced air freight services from major Chinese cities (Shenzhen, Guangzhou, Shanghai, Xiamen, etc.) to most of the cities around the world. More on Our\u00a0Air Freight Service<\/p>\n\n<h3 class=\"wp-block-heading\">Door to Door Shipping from China to Oman<\/h3>\n\n<p>Door to Door shipping from China to Oman is the simplest option for clients. Door-to-door service specialists at hytcargo shipping are responsible for the project as a whole, from A to Z. We take care of everything from the collection at the seller\u2019s warehouse, packaging in China, shipment to destination, customs clearance in destination countries, and delivery to the customer\u2019s office. Read More About Our <a href=\"https:\/\/www.ddpch.com\/door-to-door-freight-ddp\/\" rel=\"nofollow noopener\" target=\"_blank\">Door to Door Service<\/a>.\u00a0<\/p>\n\n<figure class=\"wp-block-image\"><img decoding=\"async\" class=\"wp-image-6799\" src=\"https:\/\/www.honouroceanshipping.com\/wp-content\/uploads\/2021\/06\/ddp-1024x726.jpg\" alt=\"\" title=\"\"><\/figure>\n\n<figure class=\"wp-block-image\"><img decoding=\"async\" class=\"wp-image-2300\" src=\"https:\/\/www.honouroceanshipping.com\/wp-content\/webp-express\/webp-images\/uploads\/2021\/04\/Custom-clearance-canada.jpeg.webp\" alt=\"\" title=\"\"><\/figure>\n\n<h3 class=\"wp-block-heading\">Liquidaci\u00f3n a medida<\/h3>\n\n<p>hytcargo sales team every day received question from Canada customers:\u00a0<\/p>\n\n<p>How long does customs clearance take in Oman?<\/p>\n\n<p>How long does customs clearance take in Oman?<\/p>\n\n<p>What are the documents required for customs clearance Oman?<\/p>\n\n<p>How much does custom clearance fees Oman?<\/p>\n\n<p>Deje que nosotros nos ocupemos de estas tareas por usted. Nuestro equipo de expertos puede ocuparse de todos estos aspectos a la vez que le ofrece asesoramiento y orientaci\u00f3n constantes, para que siempre est\u00e9 al tanto de todo.?<\/p>\n\n<h2 class=\"wp-block-heading\">Simplificaci\u00f3n del proceso de servicios de carga<\/h2>\n\n<p>El env\u00edo internacional puede ser un proceso complejo, especialmente en lo que respecta a la documentaci\u00f3n, la normativa y las decisiones de ruta, el despacho de aduanas y los impuestos, as\u00ed que deje que nos encarguemos de ello con nuestra pericia y nuestros 12 a\u00f1os de experiencia.<\/p>\n\n<p>Podemos intervenir para que su proceso de env\u00edo internacional sea m\u00e1s fluido y sencillo, permiti\u00e9ndole centrarse en su negocio.<\/p>\n\n<h2 class=\"wp-block-heading\">Nosotros lo hacemos todo. Para que usted no tenga que hacerlo.<\/h2>\n\n<p>No matter your industry or business size, China Freight can help. We have teams of experts dedicated to serving oman based importers like you.<\/p>\n\n<p>Lo hacemos todo: transporte de mercanc\u00edas, log\u00edstica de comercio electr\u00f3nico, despacho de aduanas o almacenamiento, desde el origen hasta el destino. Queremos ayudarle a aliviar su estr\u00e9s, apoyar su negocio y mantenerle por delante de la competencia en su sector.\u00a0<\/p>\n\n<h3 class=\"wp-block-heading\">Stress-free shipping, just for you<\/h3>\n\n<p><a href=\"https:\/\/wa.me\/85262138796\" rel=\"nofollow noopener\" target=\"_blank\">Reservar ahora<\/a><\/p>\n\n<h2 class=\"wp-block-heading\">How long does shipping take from China to Oman?<\/h2>\n\n<p>Normally shipping from china to oman transport time: shipping takes about 30-40days; air shipping takes about 3-5days; air DDP takes about 10-15days<\/p>\n\n<figure class=\"wp-block-table\">\n<table class=\"has-fixed-layout\">\n<tbody>\n<tr>\n<td><strong>Weight<\/strong><\/td>\n<td><strong>1cbm+<\/strong><\/td>\n<td><strong>5cbm+<\/strong><\/td>\n<td><strong>10cbm+<\/strong><\/td>\n<td><strong>20cbm+<\/strong><\/td>\n<td><strong>Tiempo de tr\u00e1nsito<\/strong><\/td>\n<\/tr>\n<tr>\n<td>General Goods<\/td>\n<td>500<\/td>\n<td>500<\/td>\n<td>500<\/td>\n<td>500<\/td>\n<td>30 \u2013 35 Days<\/td>\n<\/tr>\n<tr>\n<td>Brand Goods<\/td>\n<td>1100<\/td>\n<td>1100<\/td>\n<td>1100<\/td>\n<td>1100<\/td>\n<td>30 \u2013 40days<\/td>\n<\/tr>\n<\/tbody>\n<\/table>\n<\/figure>\n\n<p>You can get all the information you need for the door to door shipping (DDU) prices per kilogram from Shenzhen and Guangzhou in the table below. You can also learn about Door to Door Shipping transit time from China to Oman by Air for General Commodity.<\/p>\n\n<figure class=\"wp-block-table\">\n<table class=\"has-fixed-layout\">\n<tbody>\n<tr>\n<td><strong>Weight<\/strong><\/td>\n<td>22kg<strong>+<\/strong><\/td>\n<td>100kg+<\/td>\n<td>500kg+<\/td>\n<td>1000kg+<\/td>\n<td>Tiempo de tr\u00e1nsito<\/td>\n<\/tr>\n<tr>\n<td>Inland General Goods<\/td>\n<td>24<\/td>\n<td>24<\/td>\n<td>23<\/td>\n<td>23<\/td>\n<td>10 \u2013 12 days<\/td>\n<\/tr>\n<tr>\n<td>General Goods<\/td>\n<td>26<\/td>\n<td>26<\/td>\n<td>25<\/td>\n<td>25<\/td>\n<td>10 \u2013 12 days<\/td>\n<\/tr>\n<tr>\n<td>General Goods with Battery<\/td>\n<td>27<\/td>\n<td>27<\/td>\n<td>26<\/td>\n<td>26<\/td>\n<td>10 \u2013 12 days<\/td>\n<\/tr>\n<tr>\n<td>Brand Goods<\/td>\n<td>28<\/td>\n<td>28<\/td>\n<td>27<\/td>\n<td>27<\/td>\n<td>10 \u2013 12 days<\/td>\n<\/tr>\n<tr>\n<td>Brand Goods<\/td>\n<td>27<\/td>\n<td>27<\/td>\n<td>26<\/td>\n<td>26<\/td>\n<td>10 \u2013 12 days<\/td>\n<\/tr>\n<\/tbody>\n<\/table>\n<\/figure>\n\n<h3 class=\"wp-block-heading\">Stress-free shipping, just for you<\/h3>\n\n<p><a href=\"https:\/\/wa.me\/85262138796\" rel=\"nofollow noopener\" target=\"_blank\">Reservar ahora<\/a><\/p>\n\n<p>Please note that the final cost depends on product name, weight and volume,ship way<\/p>\n\n<h4 class=\"wp-block-heading\">Step 1: check freight base customer reqeust (1-2 hours)<\/h4>\n\n<p>A trav\u00e9s de algunos datos b\u00e1sicos: nombre del producto, el peso, el volumen que enviamos cotizaci\u00f3n confirmar la forma de env\u00edo<\/p>\n\n<figure class=\"wp-block-image\"><img decoding=\"async\" class=\"wp-image-5493\" src=\"https:\/\/www.honouroceanshipping.com\/wp-content\/uploads\/2021\/12\/Red-And-Purple-Illustrative-Business-Partners-Agreement-Instagram-Post.jpg\" alt=\"\" title=\"\"><\/figure>\n\n<h4 class=\"wp-block-heading\">Step 2: Consolidation(1-3days)<\/h4>\n\n<p>hytcargo contact supply env\u00eda la mercanc\u00eda a nuestro almac\u00e9n o nosotros recogemos la mercanc\u00eda por usted.<\/p>\n\n<figure class=\"wp-block-image\"><img decoding=\"async\" class=\"wp-image-5413\" src=\"https:\/\/www.honouroceanshipping.com\/wp-content\/uploads\/2021\/12\/14361639128510_.pic_hd.jpg\" alt=\"\" title=\"\"><\/figure>\n\n<h4 class=\"wp-block-heading\">Step 3: Shipping by air or sea<\/h4>\n\n<p>Organizaremos el env\u00edo de su mercanc\u00eda a su pa\u00eds (puerto mar\u00edtimo, puerto a\u00e9reo o puerta a puerta).<\/p>\n\n<figure class=\"wp-block-image\"><img decoding=\"async\" class=\"wp-image-5494\" src=\"https:\/\/www.honouroceanshipping.com\/wp-content\/uploads\/2021\/12\/15191639464971_.pic_hd.jpg\" alt=\"\" title=\"\"><\/figure>\n\n<h4 class=\"wp-block-heading\">Step 4: Tracking<\/h4>\n\n<p>Cuando se haya enviado la mercanc\u00eda, le enviaremos el n\u00famero de seguimiento, podr\u00e1 comprobar el estado en cualquier momento.<\/p>\n\n<figure class=\"wp-block-image\"><img decoding=\"async\" class=\"wp-image-5495\" src=\"https:\/\/www.honouroceanshipping.com\/wp-content\/uploads\/2021\/12\/Colored-Gradient-Illustration-Online-Tracking-Instagram-Post.jpg\" alt=\"\" title=\"\"><\/figure>\n\n<h4 class=\"wp-block-heading\">Step 5: Arrival<\/h4>\n\n<p>Concertaremos una cita para recoger su mercanc\u00eda.El cliente recoger\u00e1 con BL<\/p>\n\n<figure class=\"wp-block-image\"><img decoding=\"async\" class=\"wp-image-5496\" src=\"https:\/\/www.honouroceanshipping.com\/wp-content\/uploads\/2021\/12\/Free-Shipping-Delivery-Instagram-Post-1.jpg\" alt=\"\" title=\"\"><\/figure>\n\n<h3 class=\"wp-block-heading\">Want to know when to book space?<\/h3>\n\n<p>Normally we book space in advance 2-3days, if peak season, we book in advance 1 or 2 weeks<\/p>\n\n<p>Here is commom pitfalls many customers meet\u00a0<\/p>\n\n<ul class=\"wp-block-list\">\n<li>Agent change quote once picked your order<\/li>\n\n<li>For Lcl shipment, customers requested unexpected high destination charges<\/li>\n\n<li>Urgent orders delay much<\/li>\n\n<li>Pay air freight but arranged by ship<\/li>\n<\/ul>\n\n<p>As 12 years logistics provider, hytcargo is a professional, reliable\uff0c honest freight forwarder.<\/p>\n\n<p>we can solve all these problems for you.<\/p>\n\t\t\t\t\t\t\t\t<\/div>\n\t\t\t\t\t<\/div>\n\t\t\t\t<\/div>\n\t\t\t\t<\/div>\n\t\t<\/div><\/div>\n\t\t\t\t\t\t<\/div>\n\t\t\t\t<\/div>\n\t\t<div class=\"elementor-element elementor-element-000686b e-con-full e-flex e-con e-child\" data-id=\"000686b\" data-element_type=\"container\" data-e-type=\"container\" data-settings=\"{&quot;sticky&quot;:&quot;top&quot;,&quot;sticky_offset&quot;:100,&quot;sticky_on&quot;:[&quot;desktop&quot;,&quot;tablet&quot;,&quot;mobile&quot;],&quot;sticky_effects_offset&quot;:0,&quot;sticky_anchor_link_offset&quot;:0}\">\n\t\t<div class=\"elementor-element elementor-element-69a917a e-con-full e-flex e-con e-child\" data-id=\"69a917a\" data-element_type=\"container\" data-e-type=\"container\" data-settings=\"{&quot;background_background&quot;:&quot;classic&quot;}\">\n\t\t\t\t<div class=\"elementor-element elementor-element-6325501 elementor-widget elementor-widget-heading\" data-id=\"6325501\" data-element_type=\"widget\" data-e-type=\"widget\" data-widget_type=\"heading.default\">\n\t\t\t\t\t<h1 class=\"elementor-heading-title elementor-size-default\">Impulse su negocio con nuestros servicios de alta calidad<\/h1>\t\t\t\t<\/div>\n\t\t\t\t<div class=\"elementor-element elementor-element-2f02c64 elementor-button-align-center elementor-widget elementor-widget-form\" data-id=\"2f02c64\" data-element_type=\"widget\" data-e-type=\"widget\" data-settings=\"{&quot;step_next_label&quot;:&quot;Next&quot;,&quot;step_previous_label&quot;:&quot;Previous&quot;,&quot;button_width&quot;:&quot;100&quot;,&quot;step_type&quot;:&quot;number_text&quot;,&quot;step_icon_shape&quot;:&quot;circle&quot;}\" data-widget_type=\"form.default\">\n\t\t\t\t\t\t\t<form class=\"elementor-form\" method=\"post\" name=\"New Form\" aria-label=\"Nuevo formulario\" action=\"\">\n\t\t\t<input type=\"hidden\" name=\"post_id\" value=\"490\"\/>\n\t\t\t<input type=\"hidden\" name=\"form_id\" value=\"2f02c64\"\/>\n\t\t\t<input type=\"hidden\" name=\"referer_title\" value=\"China to Oman | hytcargo\" \/>\n\n\t\t\t\t\t\t\t<input type=\"hidden\" name=\"queried_id\" value=\"490\"\/>\n\t\t\t\n\t\t\t<div class=\"elementor-form-fields-wrapper elementor-labels-\">\n\t\t\t\t\t\t\t\t<div class=\"elementor-field-type-text elementor-field-group elementor-column elementor-field-group-name elementor-col-100\">\n\t\t\t\t\t\t\t\t\t\t\t\t<label for=\"form-field-name\" class=\"elementor-field-label elementor-screen-only\">\n\t\t\t\t\t\t\t\tNombre\t\t\t\t\t\t\t<\/label>\n\t\t\t\t\t\t\t\t\t\t\t\t\t\t<input size=\"1\" type=\"text\" name=\"form_fields[name]\" id=\"form-field-name\" class=\"elementor-field elementor-size-sm  elementor-field-textual\" placeholder=\"Nombre\">\n\t\t\t\t\t\t\t\t\t\t\t<\/div>\n\t\t\t\t\t\t\t\t<div class=\"elementor-field-type-email elementor-field-group elementor-column elementor-field-group-email elementor-col-100 elementor-field-required\">\n\t\t\t\t\t\t\t\t\t\t\t\t<label for=\"form-field-email\" class=\"elementor-field-label elementor-screen-only\">\n\t\t\t\t\t\t\t\tCorreo electr\u00f3nico\t\t\t\t\t\t\t<\/label>\n\t\t\t\t\t\t\t\t\t\t\t\t\t\t<input size=\"1\" type=\"email\" name=\"form_fields[email]\" id=\"form-field-email\" class=\"elementor-field elementor-size-sm  elementor-field-textual\" placeholder=\"Correo electr\u00f3nico\" required=\"required\">\n\t\t\t\t\t\t\t\t\t\t\t<\/div>\n\t\t\t\t\t\t\t\t<div class=\"elementor-field-type-textarea elementor-field-group elementor-column elementor-field-group-message elementor-col-100\">\n\t\t\t\t\t\t\t\t\t\t\t\t<label for=\"form-field-message\" class=\"elementor-field-label elementor-screen-only\">\n\t\t\t\t\t\t\t\tMensaje\t\t\t\t\t\t\t<\/label>\n\t\t\t\t\t\t<textarea class=\"elementor-field-textual elementor-field  elementor-size-sm\" name=\"form_fields[message]\" id=\"form-field-message\" rows=\"4\" placeholder=\"Mensaje\"><\/textarea>\t\t\t\t<\/div>\n\t\t\t\t\t\t\t\t<div class=\"elementor-field-group elementor-column elementor-field-type-submit elementor-col-100 e-form__buttons\">\n\t\t\t\t\t<button class=\"elementor-button elementor-size-sm\" type=\"submit\">\n\t\t\t\t\t\t<span class=\"elementor-button-content-wrapper\">\n\t\t\t\t\t\t\t\t\t\t\t\t\t\t\t\t\t\t\t\t\t\t<span class=\"elementor-button-text\">Obtenga presupuestos al instante<\/span>\n\t\t\t\t\t\t\t\t\t\t\t\t\t<\/span>\n\t\t\t\t\t<\/button>\n\t\t\t\t<\/div>\n\t\t\t<\/div>\n\t\t<input type=\"hidden\" name=\"trp-form-language\" value=\"es\"\/><\/form>\n\t\t\t\t\t\t<\/div>\n\t\t\t\t<\/div>\n\t\t\t\t<\/div>\n\t\t\t\t\t<\/div>\n\t\t\t\t<\/div>\n\t\t\t\t<\/div>","protected":false},"excerpt":{"rendered":"<p>Shipping from China to Oman Kenny work on logstics industry since 2005 Boost your business with our high quality services<\/p>","protected":false},"author":1,"featured_media":0,"parent":0,"menu_order":0,"comment_status":"closed","ping_status":"closed","template":"","meta":{"site-sidebar-layout":"no-sidebar","site-content-layout":"","ast-site-content-layout":"full-width-container","site-content-style":"default","site-sidebar-style":"default","ast-global-header-display":"","ast-banner-title-visibility":"","ast-main-header-display":"","ast-hfb-above-header-display":"","ast-hfb-below-header-display":"","ast-hfb-mobile-header-display":"","site-post-title":"disabled","ast-breadcrumbs-content":"","ast-featured-img":"disabled","footer-sml-layout":"","theme-transparent-header-meta":"","adv-header-id-meta":"","stick-header-meta":"","header-above-stick-meta":"","header-main-stick-meta":"","header-below-stick-meta":"","astra-migrate-meta-layouts":"default","ast-page-background-enabled":"default","ast-page-background-meta":{"desktop":{"background-color":"var(--ast-global-color-5)","background-image":"","background-repeat":"repeat","background-position":"center center","background-size":"auto","background-attachment":"scroll","background-type":"","background-media":"","overlay-type":"","overlay-color":"","overlay-opacity":"","overlay-gradient":""},"tablet":{"background-color":"","background-image":"","background-repeat":"repeat","background-position":"center center","background-size":"auto","background-attachment":"scroll","background-type":"","background-media":"","overlay-type":"","overlay-color":"","overlay-opacity":"","overlay-gradient":""},"mobile":{"background-color":"","background-image":"","background-repeat":"repeat","background-position":"center center","background-size":"auto","background-attachment":"scroll","background-type":"","background-media":"","overlay-type":"","overlay-color":"","overlay-opacity":"","overlay-gradient":""}},"ast-content-background-meta":{"desktop":{"background-color":"var(--ast-global-color-4)","background-image":"","background-repeat":"repeat","background-position":"center center","background-size":"auto","background-attachment":"scroll","background-type":"","background-media":"","overlay-type":"","overlay-color":"","overlay-opacity":"","overlay-gradient":""},"tablet":{"background-color":"var(--ast-global-color-4)","background-image":"","background-repeat":"repeat","background-position":"center center","background-size":"auto","background-attachment":"scroll","background-type":"","background-media":"","overlay-type":"","overlay-color":"","overlay-opacity":"","overlay-gradient":""},"mobile":{"background-color":"var(--ast-global-color-4)","background-image":"","background-repeat":"repeat","background-position":"center center","background-size":"auto","background-attachment":"scroll","background-type":"","background-media":"","overlay-type":"","overlay-color":"","overlay-opacity":"","overlay-gradient":""}},"footnotes":""},"class_list":["post-490","page","type-page","status-publish","hentry"],"_links":{"self":[{"href":"https:\/\/hytcargo.com\/es\/wp-json\/wp\/v2\/pages\/490","targetHints":{"allow":["GET"]}}],"collection":[{"href":"https:\/\/hytcargo.com\/es\/wp-json\/wp\/v2\/pages"}],"about":[{"href":"https:\/\/hytcargo.com\/es\/wp-json\/wp\/v2\/types\/page"}],"author":[{"embeddable":true,"href":"https:\/\/hytcargo.com\/es\/wp-json\/wp\/v2\/users\/1"}],"replies":[{"embeddable":true,"href":"https:\/\/hytcargo.com\/es\/wp-json\/wp\/v2\/comments?post=490"}],"version-history":[{"count":10,"href":"https:\/\/hytcargo.com\/es\/wp-json\/wp\/v2\/pages\/490\/revisions"}],"predecessor-version":[{"id":2508,"href":"https:\/\/hytcargo.com\/es\/wp-json\/wp\/v2\/pages\/490\/revisions\/2508"}],"wp:attachment":[{"href":"https:\/\/hytcargo.com\/es\/wp-json\/wp\/v2\/media?parent=490"}],"curies":[{"name":"wp","href":"https:\/\/api.w.org\/{rel}","templated":true}]}}