{"id":2182,"date":"2025-11-16T17:29:23","date_gmt":"2025-11-16T17:29:23","guid":{"rendered":"https:\/\/hytcargo.com\/?page_id=2182"},"modified":"2025-12-04T19:21:34","modified_gmt":"2025-12-04T19:21:34","slug":"shipping-from-china-to-australia","status":"publish","type":"page","link":"https:\/\/hytcargo.com\/es\/shipping-from-china-to-australia\/","title":{"rendered":"Env\u00edos de china a australia"},"content":{"rendered":"<div data-elementor-type=\"wp-page\" data-elementor-id=\"2182\" class=\"elementor elementor-2182\" data-elementor-post-type=\"page\">\n\t\t\t\t<div class=\"elementor-element elementor-element-4eef6af e-flex e-con-boxed e-con e-parent\" data-id=\"4eef6af\" data-element_type=\"container\" data-e-type=\"container\">\n\t\t\t\t\t<div class=\"e-con-inner\">\n\t\t\t\t<div class=\"elementor-element elementor-element-03009cf elementor-widget elementor-widget-shortcode\" data-id=\"03009cf\" data-element_type=\"widget\" data-e-type=\"widget\" data-widget_type=\"shortcode.default\">\n\t\t\t\t\t\t\t<div class=\"elementor-shortcode\"><div data-post-id=\"2731\" class=\"insert-page insert-page-2731\">\n<p><\/p>\n\n\n\n<p>&nbsp; &nbsp; &nbsp; &nbsp;China was Australia\u2019s second-largest two-way trade in services partner in 2016. Australia\u2019s two-way trade in services with China was valued at $13.9 billion. Two-way trade in services has grown by an average 10.8 percent per annum over the past ten years, above the average for Australia\u2019s total services trade with the world of 4.6 per cent per annum. Australia became a net exporter of services to China from 1999 onwards. Growth in services has been dominated by growth in travel services, particularly exports of education and other personal travel services. China was Australia\u2019s largest services export market in 2016 and Australia\u2019s ninth largest source of services imports.<\/p>\n\n\n\n<p><\/p>\n\n\n\n<h2 class=\"wp-block-heading\">Importing from china to australia<\/h2>\n\n\n\n<p>\u00a0 \u00a0 \u00a0 \u00a0<a href=\"https:\/\/hytcargo.com\/es\/sinotrans-china-a-arabia-saudita-proceso-de-flete-maritimo-informacion-y-plazo-de-entrega-hyt-cargo\/\">hytcargo<\/a> have focused on the Australian <a href=\"https:\/\/hytcargo.com\/es\/expres\/\">env\u00edo<\/a> for 12 years, we handling shipments for many china factory and australia buyers ,\u00a0 including e-packing , <a href=\"https:\/\/hytcargo.com\/es\/npsel-china-to-saudi-arabia-express-delivery-service-guide-dhl-ups-fedex-transit-time-process-and-hytcargo-solutions\/\">expr\u00e9s<\/a> service, from port to port, door to door .<\/p>\n\n\n\n<p>Whether your shipment is LCL OR FCL (20GP,40GP container or open top container) , from shenzhen, ningbo ,shanghai,xiamen ,guangzhou to\u00a0Sydney,Brisbane,Melbourne,<em><strong>Townsville, Port Hedland, Dampier, Gladstone .\u00a0<\/strong><\/em><a href=\"https:\/\/hytcargo.com\/es\/sinotrans-china-a-arabia-saudita-proceso-de-flete-maritimo-informacion-y-plazo-de-entrega-hyt-cargo\/\">hytcargo<\/a> team\u00a0will always provide you cheapest <a href=\"https:\/\/hytcargo.com\/es\/why-is-shipping-from-china-so-expensive\/\">env\u00edo desde china<\/a> to australia.<\/p>\n\n\n\n<p>hytcargo is an expert on <a href=\"https:\/\/hytcargo.com\/es\/what-does-a-shipping-agent-do\/\">transporte mar\u00edtimo<\/a> from China to Australia and <a href=\"https:\/\/hytcargo.com\/es\/why-your-china-freight-shipping-to-usa-delays\/\">transporte a\u00e9reo<\/a> from China to Australia, and <a href=\"https:\/\/hytcargo.com\/es\/npsel-china-to-saudi-arabia-express-delivery-service-guide-dhl-ups-fedex-transit-time-process-and-hytcargo-solutions\/\">expr\u00e9s<\/a> <a href=\"https:\/\/hytcargo.com\/es\/expres\/\">env\u00edo<\/a> from china to australia.<\/p>\n\n\n\n<h2 class=\"wp-block-heading\">one-stop shipping way from china to australia<\/h2>\n\n\n\n<h2 class=\"wp-block-heading\">cheapest shipping from china to australia<\/h2>\n\n\n\n<p>hytcargo cooperate with more than 10 ship companies from china to australia , we can make sure there is enough space in the carrier even during peak season with a competitive contract price.<\/p>\n\n\n\n<p>our china to australia shipping service:<\/p>\n\n\n\n<p>1. china sea port to seaport australia by LCL or FCL<\/p>\n\n\n\n<p>2. DDU shipping or DDP shipping (door to door service)<\/p>\n\n\n\n<p><\/p>\n\n\n\n<h2 class=\"wp-block-heading\">shipping to amazon fba australia<\/h2>\n\n\n\n<p>hytcargo can arrange DDP air or DDP Sea to Australia<\/p>\n\n\n\n<h2 class=\"wp-block-heading\"><\/h2>\n\n\n\n<p>MEL1 :29 National Drive, Dandenong South, Victoria, 3175<\/p>\n\n\n\n<p>BWU1:Moorebank, NSW, 2170, Australia<\/p>\n\n\n\n<p>BNE1:42 Export St, Lytton QLD 4178, Australia<\/p>\n\n\n\n<p><\/p>\n\n\n\n<h2 class=\"wp-block-heading\">air freight from china to australia<\/h2>\n\n\n\n<figure class=\"wp-block-image size-large\"><img fetchpriority=\"high\" decoding=\"async\" width=\"1024\" height=\"516\" src=\"https:\/\/hytcargo.com\/wp-content\/uploads\/2025\/12\/hytcargo253_05_12_2025-1024x516.webp\" alt=\"\" class=\"wp-image-2706\" title=\"\" srcset=\"https:\/\/hytcargo.com\/wp-content\/uploads\/2025\/12\/hytcargo253_05_12_2025-1024x516.webp 1024w, https:\/\/hytcargo.com\/wp-content\/uploads\/2025\/12\/hytcargo253_05_12_2025-300x151.webp 300w, https:\/\/hytcargo.com\/wp-content\/uploads\/2025\/12\/hytcargo253_05_12_2025-768x387.webp 768w, https:\/\/hytcargo.com\/wp-content\/uploads\/2025\/12\/hytcargo253_05_12_2025-1536x774.webp 1536w, https:\/\/hytcargo.com\/wp-content\/uploads\/2025\/12\/hytcargo253_05_12_2025-18x9.webp 18w, https:\/\/hytcargo.com\/wp-content\/uploads\/2025\/12\/hytcargo253_05_12_2025.webp 1566w\" sizes=\"(max-width: 1024px) 100vw, 1024px\"><figcaption><\/figcaption><\/figure>\n\n\n\n<p>hytcargo offers a comprehensive range of <a href=\"https:\/\/hytcargo.com\/es\/why-your-china-freight-shipping-to-usa-delays\/\">transporte a\u00e9reo<\/a> services to Australia. With fixed allocation consolidation services, our general air freight from china to australia price are extremely competitive. besides general <a href=\"https:\/\/hytcargo.com\/es\/awot-china-to-saudi-arabia-sensitive-cargo-air-shipping-compliance-restrictions-risk-control-by-hytcargo\/\">carga<\/a>, we also offer inbound and outbound project solutions for large and oversized airfreight movements.<\/p>\n\n\n\n<p>Conveniently located near Shenzhen Baoan Airport, we can ensure your consignments arrive in top condition, on time at competitive prices.&nbsp; We understand air freight customer request well, so we built a global network of affiliates and strong relationships with major airlines, so as to deliver cutting-edge air freight solutions.<\/p>\n\n\n\n<p><\/p>\n\n\n\n<h2 class=\"wp-block-heading\">express shipping from china to australia<\/h2>\n\n\n\n<figure class=\"wp-block-image size-full\"><img decoding=\"async\" width=\"886\" height=\"824\" src=\"https:\/\/hytcargo.com\/wp-content\/uploads\/2025\/12\/hytcargo01854_05_12_2025.webp\" alt=\"\" class=\"wp-image-2693\" title=\"\" srcset=\"https:\/\/hytcargo.com\/wp-content\/uploads\/2025\/12\/hytcargo01854_05_12_2025.webp 886w, https:\/\/hytcargo.com\/wp-content\/uploads\/2025\/12\/hytcargo01854_05_12_2025-300x279.webp 300w, https:\/\/hytcargo.com\/wp-content\/uploads\/2025\/12\/hytcargo01854_05_12_2025-768x714.webp 768w, https:\/\/hytcargo.com\/wp-content\/uploads\/2025\/12\/hytcargo01854_05_12_2025-13x12.webp 13w\" sizes=\"(max-width: 886px) 100vw, 886px\"><figcaption><\/figcaption><\/figure>\n\n\n\n<h2 class=\"wp-block-heading\">dhl china to australia<\/h2>\n\n\n\n<h2 class=\"wp-block-heading\">Drop Shipping from China to Australia<\/h2>\n\n\n\n<p>hytcargo can supply express shipping services including DHL, FedEx, TNT, UPS, SF, and so on.<\/p>\n\n\n\n<p>we have agent discount with them as large shipments, so we can send with competitive price for customer.<\/p>\n\n\n\n<p>express service is door to door including custom clearance and excluding tax.&nbsp;<\/p>\n\n\n\n<p><\/p>\n\n\n\n<h2 class=\"wp-block-heading\">Interested in our logistics services?<\/h2>\n\n\n\n<p>\u00a0Need further support &amp; dedicated information?<br>Our hytcargo experts more than 50 persons answer within 2hours<\/p>\n\n\n\n<p>shipping cost from china to australia<\/p>\n\n\n\n<p><\/p>\n\n\n\n<h1 class=\"wp-block-heading\">How long does shipping from China to Australia take?<\/h1>\n\n\n\n<p><a href=\"https:\/\/hytcargo.com\/es\/what-does-a-shipping-agent-do\/\">transporte mar\u00edtimo<\/a> from china to australia<\/p>\n\n\n\n<p>As these example shipping durations display, ocean freighters can get your shipments from China to Australia within 12 to 62 days:<\/p>\n\n\n\n<ul class=\"wp-block-list\">\n<li>Shipping from Guangzhou (China) to Melbourne (Australia) takes around24 days LCL<\/li>\n\n\n\n<li>Shipping from Guangzhou (China) to Sydney (Australia) takes 35 days FCL<\/li>\n\n\n\n<li>Shipping from Fuzhou (China) to Melbourne (Australia) takes 25 days LCL<\/li>\n\n\n\n<li>Shipping from Guangzhou (China) to Brisbane (Australia) takes 36 days FCL<\/li>\n\n\n\n<li>Shipping from Ningbo (China) to Adelaide (Australia) takes 29 days FCL<\/li>\n\n\n\n<li>Shipping from Ningbo (China) to Brisbane (Australia) takes 12 days LCL<\/li>\n\n\n\n<li>Shipping from Ningbo (China) to Melbourne (Australia) takes 23 days LCL<\/li>\n\n\n\n<li>Shipping from Ningbo (China) to Sydney (Australia) takes 22 days LCL<\/li>\n\n\n\n<li>Shipping from Qingdao (China) to Fremantle (Australia) takes 36 days FCL<\/li>\n\n\n\n<li>Shipping from Qingdao (China) to Sydney (Australia) takes 29 days FCL, 21 days LCL<\/li>\n\n\n\n<li>Shipping from Qingdao (China) to Brisbane (Australia) takes 21 days LCL<\/li>\n\n\n\n<li>Shipping from Shanghai (China) to Brisbane (Australia) takes 27 days FCL<\/li>\n\n\n\n<li>Shipping from Shanghai (China) to Fremantle (Australia) takes 27 days LCL<\/li>\n\n\n\n<li>Shipping from Shanghai (China) to Melbourne (Australia) takes 28 days FCL, 23 days LCL<\/li>\n\n\n\n<li>Shipping from Shanghai (China) to Sydney (Australia) takes 27 days FCL, 19 days LCL<\/li>\n\n\n\n<li>Shipping from Shekou (China) to Melbourne (Australia) takes 25 days FCL<\/li>\n\n\n\n<li>Shipping from Shenzhen (China) to Brisbane (Australia) takes 19 days LCL<\/li>\n\n\n\n<li>Shipping from Shenzhen (China) to Sydney (Australia) takes 21 days LCL<\/li>\n\n\n\n<li>Shipping from Tianjin (China) to Sydney (Australia) takes 31 days FCL, 26 days LCL<\/li>\n\n\n\n<li>Shipping from Wuhan (China) to Sydney (Australia) takes 36 days FCL<\/li>\n\n\n\n<li>Shipping from Xiamen (China) to Sydney (Australia) takes 36 days FCL<\/li>\n\n\n\n<li>Shipping from Zhongshan (China) to Melbourne (Australia) takes 24 days LCL<\/li>\n\n\n\n<li>Shipping from Huangpu (China) to Adelaide (Australia) takes 62 days LCL<\/li>\n\n\n\n<li>Shipping from Huangpu (China) to Brisbane (Australia) takes 24 days LCL<\/li>\n\n\n\n<li>Shipping from Huangpu (China) to Sydney (Australia) takes 24 days FCL, 27 days LCL<\/li>\n\n\n\n<li>Shipping from Nansha (China) to Melbourne (Australia) takes 28 days LCL<\/li>\n\n\n\n<li>Shipping from Nansha (China) to Sydney (Australia) takes 16 days FCL, 25 days LCL<\/li>\n\n\n\n<li>Shipping from Zhongshan (China) to Melbourne (Australia) takes 24 days LCL<\/li>\n\n\n\n<li>Shipping from Huangpu (China) to Melbourne (Australia) takes 27 days FCL<\/li>\n<\/ul>\n\n\n\n<h1 class=\"wp-block-heading\">Shipping Time From China To Australia By Air<\/h1>\n\n\n\n<p>air freight from china to australia time<\/p>\n\n\n\n<p>You should expect your air freight from China to Australia to take between two and eight days, as this list illustrates:<\/p>\n\n\n\n<ul class=\"wp-block-list\">\n<li>Guangzhou to Brisbane\u20144 days<\/li>\n\n\n\n<li>Guangzhou to Melbourne\u20145 days<\/li>\n\n\n\n<li>Zhengzhou to Brisbane\u20147 days<\/li>\n\n\n\n<li>Chengdu to Melbourne\u20142 days<\/li>\n\n\n\n<li>Beijing-Capital to Brisbane\u20144 days<\/li>\n\n\n\n<li>Beijing-Capital to Sydney\u20148 days<\/li>\n\n\n\n<li>Shanghai Pudong to Adelaide\u20142 days<\/li>\n\n\n\n<li>Shanghai Pudong or Xiamen to Brisbane\u20145 days<\/li>\n\n\n\n<li>Shanghai Pudong or Xiamen to Melbourne\u20144 days<\/li>\n\n\n\n<li>Shanghai Pudong to Perth\u20143 days<\/li>\n\n\n\n<li>Shanghai Pudong to Sydney\u20145 days<\/li>\n\n\n\n<li>Shenzhen to Perth\u20145 days<\/li>\n\n\n\n<li>Shenzhen to Brisbane\u20143 days<\/li>\n\n\n\n<li>Shenzhen to Sydney\u20144 days<\/li>\n\n\n\n<li>Qingdao to Brisbane\u20146 days<\/li>\n<\/ul>\n\n\n\n<h2 class=\"wp-block-heading\">How long does Express DHL take from China to Australia?<\/h2>\n\n\n\n<p>Express service take about 3-5days from china to australia<\/p>\n\n\n\n<p>In a word, <a href=\"https:\/\/hytcargo.com\/es\/why-is-shipping-from-china-so-expensive\/\">shipping from China<\/a> to Australia: express shipping from china to Australia about 3-5days; air freight shipping about 2-7days; sea freight logistics about 20-35days<\/p>\n\n\n\n<h2 class=\"wp-block-heading\">Customs Clearance in China and Australia<\/h2>\n\n\n\n<p>When imports from china to Australia,\u00a0Customs clearance is mandatory for every shipment export from China to Australia.\u00a0 hytcargo team will guide how to prepare docs for the customs clearance process to avoid unnecessary delays affecting your shipment and ensures your consignment complies with Chinese and Australian shipping rules and regulations.<\/p>\n\n\n\n<p>Import from China to Australia Customs clearance requirements:<\/p>\n\n\n\n<ol class=\"wp-block-list\">\n<li>A Commercial Invoice<\/li>\n\n\n\n<li>A Packing List<\/li>\n\n\n\n<li>A Certificate of Origin<\/li>\n\n\n\n<li>An Airway Bill for air <a href=\"https:\/\/hytcargo.com\/es\/awot-china-to-saudi-arabia-sensitive-cargo-air-shipping-compliance-restrictions-risk-control-by-hytcargo\/\">carga<\/a> or a Bill of Lading for ocean freight (we will send customer once arranged ship out)<\/li>\n<\/ol>\n\n\n\n<p>Please note that you might be required to provide additional documentation with your consignment. For example, a permit, certificate, or license may be mandatory for the goods you will be shipping.<\/p>\n\n\n\n<h2 class=\"wp-block-heading\">The Australian import tax from China<\/h2>\n\n\n\n<p>Australian import tax\u00a0is divided into two parts, GST and customs duty. The general cargo tax calculation method is as follows:<\/p>\n\n\n\n<ul class=\"wp-block-list\">\n<li>Import GST = (value of goods + shipping fee \u201c20USD \/ CBM\u201d) + insurance + customs duties) x 10%<\/li>\n\n\n\n<li>Tariff = value of the goods x tax rate (generally the goods tax rate is 5%-10%)<\/li>\n\n\n\n<li>Australian Customs stipulates that GST, TAX,the customs and customs system fee is free when the value of goods is less than 1000AUD.<\/li>\n<\/ul>\n\n\n\n<h2 class=\"wp-block-heading\">Why Choose US For Freight Service<\/h2>\n\n\n\n<ul class=\"wp-block-list\">\n<li>Access to weekly consolidations from key worldwide hubs<\/li>\n\n\n\n<li>Access to flights \/shipline from all china origin points to anyway Australia<\/li>\n\n\n\n<li>Dangerous goods<\/li>\n\n\n\n<li>Door to Door services<\/li>\n\n\n\n<li>Overdimensional specialists<\/li>\n\n\n\n<li>Courier options for small parcels<\/li>\n\n\n\n<li>Project cargo \u2013 Full\/Part charters<\/li>\n\n\n\n<li>International Air Transport Association (IATA) accredited agent<\/li>\n\n\n\n<li>NVOCC<\/li>\n<\/ul>\n\n\n\n<p>Moreover, all clients are provided with a tracking number to monitor the order status and movement of their consignments.<\/p>\n\n\n\n<p>hytcargo shipping also has experienced customs brokers who can support you with customs clearance and the ability to arrange third-party (triangle) movements on your behalf.<\/p>\n\n\n\n<h2 class=\"wp-block-heading\">Amazon FBA Australia Locations 1-29 National Dr, Dandenong South VIC 3175<\/h2>\n\n\n\n<p><a href=\"https:\/\/hytcargo.com\/es\/servicio\/\">Amazon<\/a> FBA Australia Locations 1-29 National Dr, Dandenong South VIC 3175<\/p>\n\n\n\n<p><a href=\"https:\/\/hytcargo.com\/es\/servicio\/\">Amazon<\/a> FBA Australia Locations only has one warehouse which in Melbourne city, not far from Melbourne seaports.<\/p>\n\n\n\n<p>Send the products from China to Australia FBA location by sea freight can arrange from port of Shenzhen \/ Shanghai directly to port of Melbourne, the boat leave from Shenzhen take 12 days ~ 15 ~ days arrivie, very fast!<\/p>\n\n\n\n<p>Please note that the final cost depends on product name, weight and volume,ship way<\/p>\n\n\n\n<h4 class=\"wp-block-heading\">Step 1: check freight base customer reqeust (1-2 hours)<\/h4>\n\n\n\n<p>A trav\u00e9s de algunos datos b\u00e1sicos: nombre del producto, el peso, el volumen que enviamos cotizaci\u00f3n confirmar la forma de env\u00edo<\/p>\n\n\n\n<h4 class=\"wp-block-heading\">Step 2: Consolidation(1-3days)<\/h4>\n\n\n\n<p>hytcargo contact supply env\u00eda la mercanc\u00eda a nuestro almac\u00e9n o nosotros recogemos la mercanc\u00eda por usted.<\/p>\n\n\n\n<h4 class=\"wp-block-heading\">Step 3: Shipping by air or sea<\/h4>\n\n\n\n<p>Organizaremos el env\u00edo de su mercanc\u00eda a su pa\u00eds (puerto mar\u00edtimo, puerto a\u00e9reo o puerta a puerta).<\/p>\n\n\n\n<h4 class=\"wp-block-heading\">Step 4: Tracking<\/h4>\n\n\n\n<p>Cuando se haya enviado la mercanc\u00eda, le enviaremos el n\u00famero de seguimiento, podr\u00e1 comprobar el estado en cualquier momento.<\/p>\n\n\n\n<h4 class=\"wp-block-heading\">Step 5: Arrival<\/h4>\n\n\n\n<p>Concertaremos una cita para recoger su mercanc\u00eda.El cliente recoger\u00e1 con BL<\/p>\n\n\n\n<p><\/p>\n<\/div><\/div>\n\t\t\t\t\t\t<\/div>\n\t\t\t\t\t<\/div>\n\t\t\t\t<\/div>\n\t\t\t\t<\/div>","protected":false},"excerpt":{"rendered":"","protected":false},"author":1,"featured_media":0,"parent":0,"menu_order":0,"comment_status":"closed","ping_status":"closed","template":"","meta":{"site-sidebar-layout":"no-sidebar","site-content-layout":"","ast-site-content-layout":"full-width-container","site-content-style":"default","site-sidebar-style":"default","ast-global-header-display":"","ast-banner-title-visibility":"","ast-main-header-display":"","ast-hfb-above-header-display":"","ast-hfb-below-header-display":"","ast-hfb-mobile-header-display":"","site-post-title":"disabled","ast-breadcrumbs-content":"","ast-featured-img":"disabled","footer-sml-layout":"","theme-transparent-header-meta":"","adv-header-id-meta":"","stick-header-meta":"","header-above-stick-meta":"","header-main-stick-meta":"","header-below-stick-meta":"","astra-migrate-meta-layouts":"default","ast-page-background-enabled":"default","ast-page-background-meta":{"desktop":{"background-color":"var(--ast-global-color-5)","background-image":"","background-repeat":"repeat","background-position":"center center","background-size":"auto","background-attachment":"scroll","background-type":"","background-media":"","overlay-type":"","overlay-color":"","overlay-opacity":"","overlay-gradient":""},"tablet":{"background-color":"","background-image":"","background-repeat":"repeat","background-position":"center center","background-size":"auto","background-attachment":"scroll","background-type":"","background-media":"","overlay-type":"","overlay-color":"","overlay-opacity":"","overlay-gradient":""},"mobile":{"background-color":"","background-image":"","background-repeat":"repeat","background-position":"center center","background-size":"auto","background-attachment":"scroll","background-type":"","background-media":"","overlay-type":"","overlay-color":"","overlay-opacity":"","overlay-gradient":""}},"ast-content-background-meta":{"desktop":{"background-color":"var(--ast-global-color-4)","background-image":"","background-repeat":"repeat","background-position":"center center","background-size":"auto","background-attachment":"scroll","background-type":"","background-media":"","overlay-type":"","overlay-color":"","overlay-opacity":"","overlay-gradient":""},"tablet":{"background-color":"var(--ast-global-color-4)","background-image":"","background-repeat":"repeat","background-position":"center center","background-size":"auto","background-attachment":"scroll","background-type":"","background-media":"","overlay-type":"","overlay-color":"","overlay-opacity":"","overlay-gradient":""},"mobile":{"background-color":"var(--ast-global-color-4)","background-image":"","background-repeat":"repeat","background-position":"center center","background-size":"auto","background-attachment":"scroll","background-type":"","background-media":"","overlay-type":"","overlay-color":"","overlay-opacity":"","overlay-gradient":""}},"footnotes":""},"class_list":["post-2182","page","type-page","status-publish","hentry"],"_links":{"self":[{"href":"https:\/\/hytcargo.com\/es\/wp-json\/wp\/v2\/pages\/2182","targetHints":{"allow":["GET"]}}],"collection":[{"href":"https:\/\/hytcargo.com\/es\/wp-json\/wp\/v2\/pages"}],"about":[{"href":"https:\/\/hytcargo.com\/es\/wp-json\/wp\/v2\/types\/page"}],"author":[{"embeddable":true,"href":"https:\/\/hytcargo.com\/es\/wp-json\/wp\/v2\/users\/1"}],"replies":[{"embeddable":true,"href":"https:\/\/hytcargo.com\/es\/wp-json\/wp\/v2\/comments?post=2182"}],"version-history":[{"count":4,"href":"https:\/\/hytcargo.com\/es\/wp-json\/wp\/v2\/pages\/2182\/revisions"}],"predecessor-version":[{"id":2737,"href":"https:\/\/hytcargo.com\/es\/wp-json\/wp\/v2\/pages\/2182\/revisions\/2737"}],"wp:attachment":[{"href":"https:\/\/hytcargo.com\/es\/wp-json\/wp\/v2\/media?parent=2182"}],"curies":[{"name":"wp","href":"https:\/\/api.w.org\/{rel}","templated":true}]}}